{"id":1492,"date":"2026-03-04T20:12:12","date_gmt":"2026-03-04T19:12:12","guid":{"rendered":"https:\/\/hotellucrezia.com\/politique-de-confidetialite\/"},"modified":"2026-04-15T15:11:14","modified_gmt":"2026-04-15T13:11:14","slug":"politique-de-confidetialite","status":"publish","type":"page","link":"https:\/\/hotellucrezia.com\/fr\/politique-de-confidetialite\/","title":{"rendered":"Politique de confidetialit\u00e9"},"content":{"rendered":"<p>[et_pb_section fb_built=\u00a0\u00bb1&Prime; admin_label=\u00a0\u00bbsection\u00a0\u00bb _builder_version=\u00a0\u00bb4.16&Prime; global_colors_info=\u00a0\u00bb{}\u00a0\u00bb][et_pb_row admin_label=\u00a0\u00bbrang\u00e9e\u00a0\u00bb _builder_version=\u00a0\u00bb4.27.6&Prime; background_size=\u00a0\u00bbinitial\u00a0\u00bb background_position=\u00a0\u00bbtop_left\u00a0\u00bb background_repeat=\u00a0\u00bbrepeat\u00a0\u00bb hover_enabled=\u00a0\u00bb0&Prime; global_colors_info=\u00a0\u00bb{}\u00a0\u00bb custom_padding=\u00a0\u00bb0px||0px||true|false\u00a0\u00bb sticky_enabled=\u00a0\u00bb0&Prime;][et_pb_column type=\u00a0\u00bb4_4&Prime; _builder_version=\u00a0\u00bb4.16&Prime; custom_padding=\u00a0\u00bb|||\u00a0\u00bb global_colors_info=\u00a0\u00bb{}\u00a0\u00bb custom_padding__hover=\u00a0\u00bb|||\u00a0\u00bb][et_pb_post_title meta=\u00a0\u00bboff\u00a0\u00bb featured_image=\u00a0\u00bboff\u00a0\u00bb _builder_version=\u00a0\u00bb4.27.6&Prime; _module_preset=\u00a0\u00bbdefault\u00a0\u00bb custom_margin=\u00a0\u00bb||0px||false|false\u00a0\u00bb global_colors_info=\u00a0\u00bb{}\u00a0\u00bb][\/et_pb_post_title][et_pb_text admin_label=\u00a0\u00bbText\u00a0\u00bb _builder_version=\u00a0\u00bb4.27.6&Prime; background_size=\u00a0\u00bbinitial\u00a0\u00bb background_position=\u00a0\u00bbtop_left\u00a0\u00bb background_repeat=\u00a0\u00bbrepeat\u00a0\u00bb global_colors_info=\u00a0\u00bb{}\u00a0\u00bb]<strong>POLITIQUE DE CONFIDENTIALIT\u00c9<\/strong><br \/>\n(conform\u00e9ment \u00e0 l&rsquo;article 13 du r\u00e8glement UE 2016\/679 &#8211; RGPD)[\/et_pb_text][et_pb_text admin_label=\u00a0\u00bbText\u00a0\u00bb _builder_version=\u00a0\u00bb4.27.6&Prime; background_size=\u00a0\u00bbinitial\u00a0\u00bb background_position=\u00a0\u00bbtop_left\u00a0\u00bb background_repeat=\u00a0\u00bbrepeat\u00a0\u00bb global_colors_info=\u00a0\u00bb{}\u00a0\u00bb]<\/p>\n<ol>\n<h4>\n<li>Responsable du traitement<\/h4>\n<p>Le Responsable du traitement est G&amp;D S.r.l., dont le si\u00e8ge social est situ\u00e9 Via Roma, 14\/A \u2013 09070 Riola Sardo (OR), C.F.\/P. IVA 01065550954, e-mail : info@hotellucrezia.it, t\u00e9l\u00e9phone : +39 0783 412078, soci\u00e9t\u00e9 qui g\u00e8re l&rsquo;Hotel Lucrezia (ci-apr\u00e8s, \u00ab Responsable \u00bb).<\/li>\n<h4>\n<li>Type de donn\u00e9es trait\u00e9es<\/h4>\n<p>Par l&rsquo;interm\u00e9diaire du site web, le Responsable traite exclusivement :\n<\/ol>\n<ul style=\"list-style-type: square;\">\n<li>Donn\u00e9es de navigation (adresse IP, donn\u00e9es techniques d&rsquo;acc\u00e8s, journaux syst\u00e8me)<\/li>\n<li>Donn\u00e9es collect\u00e9es par le biais de cookies, conform\u00e9ment \u00e0 la politique en mati\u00e8re de cookies<\/li>\n<li>Toute donn\u00e9e \u00e0 caract\u00e8re personnel transmise volontairement par l&rsquo;utilisateur par courrier \u00e9lectronique ou par t\u00e9l\u00e9phone sera trait\u00e9e exclusivement dans le but de r\u00e9pondre \u00e0 la demande.<\/li>\n<\/ul>\n<\/li>\n<h4>\n<li>Finalit\u00e9s et base juridique du traitement<\/h4>\n<p>Les donn\u00e9es \u00e0 caract\u00e8re personnel sont trait\u00e9es aux fins suivantes :<\/p>\n<ol type=\"a\">\n<li><strong>Fonctionnement technique du site<\/strong><br \/>\nGarantir le bon fonctionnement et la s\u00e9curit\u00e9 du site web.<br \/>\nBase juridique : int\u00e9r\u00eat l\u00e9gitime du responsable du traitement.<\/li>\n<li><strong>R\u00e9ponse aux demandes envoy\u00e9es par e-mail ou par t\u00e9l\u00e9phone<\/strong><br \/>\nGestion des communications envoy\u00e9es spontan\u00e9ment par l&rsquo;utilisateur.<br \/>\nBase juridique : ex\u00e9cution de mesures pr\u00e9contractuelles \u00e0 la demande de la personne concern\u00e9e.<\/li>\n<li><strong>Respect des obligations l\u00e9gales<\/strong>. Le cas \u00e9ch\u00e9ant.<br \/>\nBase juridique : obligation l\u00e9gale.<\/li>\n<\/ol>\n<\/li>\n<h4>\n<li>Modalit\u00e9s du traitement<\/h4>\n<p>Le traitement des donn\u00e9es est effectu\u00e9 \u00e0 l&rsquo;aide d&rsquo;outils informatiques, dans le respect des principes de lic\u00e9it\u00e9, d&rsquo;\u00e9quit\u00e9 et de transparence, en adoptant des mesures de s\u00e9curit\u00e9 techniques et organisationnelles appropri\u00e9es.<\/li>\n<h4>\n<li>Conservation des donn\u00e9es<\/h4>\n<p>Les donn\u00e9es de navigation sont conserv\u00e9es pendant le temps strictement n\u00e9cessaire pour garantir le fonctionnement et la s\u00e9curit\u00e9 du site.<br \/>\nLes donn\u00e9es \u00e9ventuellement envoy\u00e9es par e-mail seront conserv\u00e9es pendant le temps n\u00e9cessaire au traitement de la demande, puis conform\u00e9ment aux obligations l\u00e9gales, le cas \u00e9ch\u00e9ant.<\/li>\n<h4>\n<li>Communication des donn\u00e9es<\/h4>\n<p>Les donn\u00e9es peuvent \u00eatre communiqu\u00e9es \u00e0 :<\/p>\n<ul style=\"list-style-type: square;\">\n<li>Fournisseurs de services informatiques et d&rsquo;h\u00e9bergement<\/li>\n<li>Conseillers techniques<\/li>\n<li>Autorit\u00e9s comp\u00e9tentes dans les cas pr\u00e9vus par la loi<\/li>\n<\/ul>\n<p>Les donn\u00e9es ne feront pas l&rsquo;objet d&rsquo;une diffusion.<\/li>\n<h4>\n<li>Transfert de donn\u00e9es vers des pays hors UE<\/h4>\n<p>Si les fournisseurs de services technologiques ont leur si\u00e8ge en dehors de l&rsquo;Union europ\u00e9enne, le transfert s&rsquo;effectuera dans le respect des garanties pr\u00e9vues par le r\u00e8glement UE 2016\/679.<\/li>\n<h4>\n<li>Droits de la personne concern\u00e9e<\/h4>\n<p>La personne concern\u00e9e peut exercer les droits pr\u00e9vus par les articles 15 \u00e0 22 du RGPD (acc\u00e8s, rectification, suppression, limitation, opposition, portabilit\u00e9, r\u00e9clamation aupr\u00e8s de l&rsquo;autorit\u00e9 de contr\u00f4le).<\/p>\n<p>Les demandes peuvent \u00eatre envoy\u00e9es \u00e0 :<br \/>\ninfo@hotellucrezia.it<\/li>\n<h4>\n<li>Modifications de la politique de confidentialit\u00e9<\/h4>\n<p>Le responsable du traitement se r\u00e9serve le droit de mettre \u00e0 jour la pr\u00e9sente politique de confidentialit\u00e9. Les modifications seront publi\u00e9es sur cette page. <\/li>\n<p>[\/et_pb_text][\/et_pb_column][\/et_pb_row][\/et_pb_section]<\/p>\n","protected":false},"excerpt":{"rendered":"<p>POLITIQUE DE CONFIDENTIALIT\u00c9 (conform\u00e9ment \u00e0 l&rsquo;article 13 du r\u00e8glement UE 2016\/679 &#8211; RGPD) Responsable du traitement Le Responsable du traitement est G&amp;D S.r.l., dont le si\u00e8ge social est situ\u00e9 Via Roma, 14\/A \u2013 09070 Riola Sardo (OR), C.F.\/P. IVA 01065550954, e-mail : info@hotellucrezia.it, t\u00e9l\u00e9phone : +39 0783 412078, soci\u00e9t\u00e9 qui g\u00e8re l&rsquo;Hotel Lucrezia (ci-apr\u00e8s, \u00ab [&hellip;]<\/p>\n","protected":false},"author":1,"featured_media":0,"parent":0,"menu_order":0,"comment_status":"closed","ping_status":"closed","template":"","meta":{"_et_pb_use_builder":"on","_et_pb_old_content":"","_et_gb_content_width":"","footnotes":""},"class_list":["post-1492","page","type-page","status-publish","hentry"],"yoast_head":"<!-- This site is optimized with the Yoast SEO plugin v27.4 - https:\/\/yoast.com\/product\/yoast-seo-wordpress\/ -->\n<title>Politique de confidetialit\u00e9 | Hotel Lucrezia<\/title>\n<meta name=\"robots\" content=\"index, follow, max-snippet:-1, max-image-preview:large, max-video-preview:-1\" \/>\n<link rel=\"canonical\" href=\"https:\/\/hotellucrezia.com\/fr\/politique-de-confidetialite\/\" \/>\n<meta property=\"og:locale\" content=\"fr_FR\" \/>\n<meta property=\"og:type\" content=\"article\" \/>\n<meta property=\"og:title\" content=\"Politique de confidetialit\u00e9 | Hotel Lucrezia\" \/>\n<meta property=\"og:description\" content=\"POLITIQUE DE CONFIDENTIALIT\u00c9 (conform\u00e9ment \u00e0 l&#039;article 13 du r\u00e8glement UE 2016\/679 - RGPD) Responsable du traitement Le Responsable du traitement est G&amp;D S.r.l., dont le si\u00e8ge social est situ\u00e9 Via Roma, 14\/A \u2013 09070 Riola Sardo (OR), C.F.\/P. IVA 01065550954, e-mail : info@hotellucrezia.it, t\u00e9l\u00e9phone : +39 0783 412078, soci\u00e9t\u00e9 qui g\u00e8re l&#039;Hotel Lucrezia (ci-apr\u00e8s, \u00ab [&hellip;]\" \/>\n<meta property=\"og:url\" content=\"https:\/\/hotellucrezia.com\/fr\/politique-de-confidetialite\/\" \/>\n<meta property=\"og:site_name\" content=\"Hotel Lucrezia\" \/>\n<meta property=\"article:publisher\" content=\"https:\/\/www.facebook.com\/hotellucrezia\/\" \/>\n<meta property=\"article:modified_time\" content=\"2026-04-15T13:11:14+00:00\" \/>\n<meta name=\"twitter:card\" content=\"summary_large_image\" \/>\n<meta name=\"twitter:label1\" content=\"Dur\u00e9e de lecture estim\u00e9e\" \/>\n\t<meta name=\"twitter:data1\" content=\"3 minutes\" \/>\n<script type=\"application\/ld+json\" class=\"yoast-schema-graph\">{\"@context\":\"https:\\\/\\\/schema.org\",\"@graph\":[{\"@type\":\"WebPage\",\"@id\":\"https:\\\/\\\/hotellucrezia.com\\\/fr\\\/politique-de-confidetialite\\\/\",\"url\":\"https:\\\/\\\/hotellucrezia.com\\\/fr\\\/politique-de-confidetialite\\\/\",\"name\":\"Politique de confidetialit\u00e9 | Hotel Lucrezia\",\"isPartOf\":{\"@id\":\"https:\\\/\\\/hotellucrezia.com\\\/fr\\\/#website\"},\"datePublished\":\"2026-03-04T19:12:12+00:00\",\"dateModified\":\"2026-04-15T13:11:14+00:00\",\"breadcrumb\":{\"@id\":\"https:\\\/\\\/hotellucrezia.com\\\/fr\\\/politique-de-confidetialite\\\/#breadcrumb\"},\"inLanguage\":\"fr-FR\",\"potentialAction\":[{\"@type\":\"ReadAction\",\"target\":[\"https:\\\/\\\/hotellucrezia.com\\\/fr\\\/politique-de-confidetialite\\\/\"]}]},{\"@type\":\"BreadcrumbList\",\"@id\":\"https:\\\/\\\/hotellucrezia.com\\\/fr\\\/politique-de-confidetialite\\\/#breadcrumb\",\"itemListElement\":[{\"@type\":\"ListItem\",\"position\":1,\"name\":\"Home\",\"item\":\"https:\\\/\\\/hotellucrezia.com\\\/fr\\\/home-lucrezia\\\/\"},{\"@type\":\"ListItem\",\"position\":2,\"name\":\"Politique de confidetialit\u00e9\"}]},{\"@type\":\"WebSite\",\"@id\":\"https:\\\/\\\/hotellucrezia.com\\\/fr\\\/#website\",\"url\":\"https:\\\/\\\/hotellucrezia.com\\\/fr\\\/\",\"name\":\"Hotel Lucrezia\",\"description\":\"Boutique Hotel in Sardegna\",\"alternateName\":\"Hotel di charm in Sardegna\",\"potentialAction\":[{\"@type\":\"SearchAction\",\"target\":{\"@type\":\"EntryPoint\",\"urlTemplate\":\"https:\\\/\\\/hotellucrezia.com\\\/fr\\\/?s={search_term_string}\"},\"query-input\":{\"@type\":\"PropertyValueSpecification\",\"valueRequired\":true,\"valueName\":\"search_term_string\"}}],\"inLanguage\":\"fr-FR\"}]}<\/script>\n<!-- \/ Yoast SEO plugin. -->","yoast_head_json":{"title":"Politique de confidetialit\u00e9 | Hotel Lucrezia","robots":{"index":"index","follow":"follow","max-snippet":"max-snippet:-1","max-image-preview":"max-image-preview:large","max-video-preview":"max-video-preview:-1"},"canonical":"https:\/\/hotellucrezia.com\/fr\/politique-de-confidetialite\/","og_locale":"fr_FR","og_type":"article","og_title":"Politique de confidetialit\u00e9 | Hotel Lucrezia","og_description":"POLITIQUE DE CONFIDENTIALIT\u00c9 (conform\u00e9ment \u00e0 l'article 13 du r\u00e8glement UE 2016\/679 - RGPD) Responsable du traitement Le Responsable du traitement est G&amp;D S.r.l., dont le si\u00e8ge social est situ\u00e9 Via Roma, 14\/A \u2013 09070 Riola Sardo (OR), C.F.\/P. IVA 01065550954, e-mail : info@hotellucrezia.it, t\u00e9l\u00e9phone : +39 0783 412078, soci\u00e9t\u00e9 qui g\u00e8re l'Hotel Lucrezia (ci-apr\u00e8s, \u00ab [&hellip;]","og_url":"https:\/\/hotellucrezia.com\/fr\/politique-de-confidetialite\/","og_site_name":"Hotel Lucrezia","article_publisher":"https:\/\/www.facebook.com\/hotellucrezia\/","article_modified_time":"2026-04-15T13:11:14+00:00","twitter_card":"summary_large_image","twitter_misc":{"Dur\u00e9e de lecture estim\u00e9e":"3 minutes"},"schema":{"@context":"https:\/\/schema.org","@graph":[{"@type":"WebPage","@id":"https:\/\/hotellucrezia.com\/fr\/politique-de-confidetialite\/","url":"https:\/\/hotellucrezia.com\/fr\/politique-de-confidetialite\/","name":"Politique de confidetialit\u00e9 | Hotel Lucrezia","isPartOf":{"@id":"https:\/\/hotellucrezia.com\/fr\/#website"},"datePublished":"2026-03-04T19:12:12+00:00","dateModified":"2026-04-15T13:11:14+00:00","breadcrumb":{"@id":"https:\/\/hotellucrezia.com\/fr\/politique-de-confidetialite\/#breadcrumb"},"inLanguage":"fr-FR","potentialAction":[{"@type":"ReadAction","target":["https:\/\/hotellucrezia.com\/fr\/politique-de-confidetialite\/"]}]},{"@type":"BreadcrumbList","@id":"https:\/\/hotellucrezia.com\/fr\/politique-de-confidetialite\/#breadcrumb","itemListElement":[{"@type":"ListItem","position":1,"name":"Home","item":"https:\/\/hotellucrezia.com\/fr\/home-lucrezia\/"},{"@type":"ListItem","position":2,"name":"Politique de confidetialit\u00e9"}]},{"@type":"WebSite","@id":"https:\/\/hotellucrezia.com\/fr\/#website","url":"https:\/\/hotellucrezia.com\/fr\/","name":"Hotel Lucrezia","description":"Boutique Hotel in Sardegna","alternateName":"Hotel di charm in Sardegna","potentialAction":[{"@type":"SearchAction","target":{"@type":"EntryPoint","urlTemplate":"https:\/\/hotellucrezia.com\/fr\/?s={search_term_string}"},"query-input":{"@type":"PropertyValueSpecification","valueRequired":true,"valueName":"search_term_string"}}],"inLanguage":"fr-FR"}]}},"_links":{"self":[{"href":"https:\/\/hotellucrezia.com\/fr\/wp-json\/wp\/v2\/pages\/1492","targetHints":{"allow":["GET"]}}],"collection":[{"href":"https:\/\/hotellucrezia.com\/fr\/wp-json\/wp\/v2\/pages"}],"about":[{"href":"https:\/\/hotellucrezia.com\/fr\/wp-json\/wp\/v2\/types\/page"}],"author":[{"embeddable":true,"href":"https:\/\/hotellucrezia.com\/fr\/wp-json\/wp\/v2\/users\/1"}],"replies":[{"embeddable":true,"href":"https:\/\/hotellucrezia.com\/fr\/wp-json\/wp\/v2\/comments?post=1492"}],"version-history":[{"count":8,"href":"https:\/\/hotellucrezia.com\/fr\/wp-json\/wp\/v2\/pages\/1492\/revisions"}],"predecessor-version":[{"id":2603,"href":"https:\/\/hotellucrezia.com\/fr\/wp-json\/wp\/v2\/pages\/1492\/revisions\/2603"}],"wp:attachment":[{"href":"https:\/\/hotellucrezia.com\/fr\/wp-json\/wp\/v2\/media?parent=1492"}],"curies":[{"name":"wp","href":"https:\/\/api.w.org\/{rel}","templated":true}]}}