{"id":1419,"date":"2026-03-04T20:14:16","date_gmt":"2026-03-04T19:14:16","guid":{"rendered":"https:\/\/hotellucrezia.com\/mariages-evenements\/"},"modified":"2026-03-17T14:05:27","modified_gmt":"2026-03-17T13:05:27","slug":"mariages-evenements","status":"publish","type":"page","link":"https:\/\/hotellucrezia.com\/fr\/mariages-evenements\/","title":{"rendered":"Mariages &amp; \u00c9v\u00e9nements"},"content":{"rendered":"<p>[et_pb_section fb_built=\u00a0\u00bb1&Prime; _builder_version=\u00a0\u00bb4.27.6&Prime; _module_preset=\u00a0\u00bbdefault\u00a0\u00bb background_image=\u00a0\u00bbhttps:\/\/hotellucrezia.com\/wp-content\/uploads\/2026\/03\/hotellucrezia_bacio-riflesso-2225.webp\u00a0\u00bb hover_enabled=\u00a0\u00bb0&Prime; locked=\u00a0\u00bboff\u00a0\u00bb global_colors_info=\u00a0\u00bb{}\u00a0\u00bb sticky_enabled=\u00a0\u00bb0&Prime; title_text=\u00a0\u00bbhotellucrezia_bacio-riflesso-2225&Prime;][et_pb_row _builder_version=\u00a0\u00bb4.27.6&Prime; _module_preset=\u00a0\u00bbdefault\u00a0\u00bb global_colors_info=\u00a0\u00bb{}\u00a0\u00bb][et_pb_column type=\u00a0\u00bb4_4&Prime; _builder_version=\u00a0\u00bb4.27.6&Prime; _module_preset=\u00a0\u00bbdefault\u00a0\u00bb global_colors_info=\u00a0\u00bb{}\u00a0\u00bb][et_pb_cta title=\u00a0\u00bb@ET-DC@eyJkeW5hbWljIjp0cnVlLCJjb250ZW50IjoicG9zdF90aXRsZSIsInNldHRpbmdzIjp7ImJlZm9yZSI6IiIsImFmdGVyIjoiIn19@\u00a0\u00bb _builder_version=\u00a0\u00bb4.27.6&Prime; _dynamic_attributes=\u00a0\u00bbtitle\u00a0\u00bb _module_preset=\u00a0\u00bbdefault\u00a0\u00bb header_level=\u00a0\u00bbh1&Prime; header_font=\u00a0\u00bb|||on|||||\u00a0\u00bb header_text_align=\u00a0\u00bbleft\u00a0\u00bb body_font=\u00a0\u00bb|||on|||||\u00a0\u00bb background_enable_color=\u00a0\u00bboff\u00a0\u00bb text_orientation=\u00a0\u00bbleft\u00a0\u00bb header_text_shadow_style=\u00a0\u00bbpreset5&Prime; header_text_shadow_horizontal_length=\u00a0\u00bb0.02em\u00a0\u00bb header_text_shadow_vertical_length=\u00a0\u00bb0.04em\u00a0\u00bb global_colors_info=\u00a0\u00bb{}\u00a0\u00bb][\/et_pb_cta][\/et_pb_column][\/et_pb_row][\/et_pb_section][et_pb_section fb_built=\u00a0\u00bb1&Prime; _builder_version=\u00a0\u00bb4.16&Prime; global_colors_info=\u00a0\u00bb{}\u00a0\u00bb][et_pb_row _builder_version=\u00a0\u00bb4.27.6&Prime; background_size=\u00a0\u00bbinitial\u00a0\u00bb background_position=\u00a0\u00bbtop_left\u00a0\u00bb background_repeat=\u00a0\u00bbrepeat\u00a0\u00bb custom_padding=\u00a0\u00bb0px||0px||true|false\u00a0\u00bb global_colors_info=\u00a0\u00bb{}\u00a0\u00bb][et_pb_column type=\u00a0\u00bb4_4&Prime; _builder_version=\u00a0\u00bb4.16&Prime; custom_padding=\u00a0\u00bb|||\u00a0\u00bb global_colors_info=\u00a0\u00bb{}\u00a0\u00bb custom_padding__hover=\u00a0\u00bb|||\u00a0\u00bb][et_pb_text _builder_version=\u00a0\u00bb4.27.6&Prime; background_size=\u00a0\u00bbinitial\u00a0\u00bb background_position=\u00a0\u00bbtop_left\u00a0\u00bb background_repeat=\u00a0\u00bbrepeat\u00a0\u00bb global_colors_info=\u00a0\u00bb{}\u00a0\u00bb]L\u2019Hotel Lucrezia est le lieu id\u00e9al pour des \u00e9v\u00e9nements exclusifs, des r\u00e9unions d\u2019affaires, des c\u00e9r\u00e9monies et des mariages intimistes, au c\u0153ur du charme authentique de la Sardaigne.<br \/>Notre jardin luxuriant et nos espaces soign\u00e9s offrent une atmosph\u00e8re raffin\u00e9e et discr\u00e8te, id\u00e9ale pour c\u00e9l\u00e9brer des moments sp\u00e9ciaux avec intimit\u00e9 et style.<\/p>\n<p><strong>\u00c9v\u00e9nements sur mesure<\/strong><br \/>\nQu\u2019il s\u2019agisse d\u2019un d\u00eener d\u2019entreprise, d\u2019une r\u00e9union entre amis ou d\u2019un mariage intimiste, nous garantissons une exp\u00e9rience authentique et personnalis\u00e9e.<\/p>\n<p>Vous pourrez choisir parmi :<\/p>\n<ul>\n<li>La cuisine de l\u2019Hotel Lucrezia, avec des plats de la tradition sarde pr\u00e9par\u00e9s avec des ingr\u00e9dients frais et locaux, servis dans notre jardin plein de charme.<\/li>\n<li>Le restaurant Su Murruai, notre partenaire d\u2019excellence, pour une exp\u00e9rience gastronomique \u00e0 la d\u00e9couverte des saveurs du territoire.<\/li>\n<\/ul>\n<p><strong>Pour les \u00e9v\u00e9nements plus importants<\/strong><br \/>\nNous vous proposons <strong>Mamacita<\/strong>, un lieu au c\u0153ur de la nature avec une <strong>vue mer<\/strong> \u00e0 couper le souffle, parfait pour des f\u00eates de plus de <strong>50 invit\u00e9s<\/strong>. Vous pourrez y c\u00e9l\u00e9brer jusque tard dans la nuit, dans une atmosph\u00e8re magique et des espaces vastes et suggestifs. Service de navette ou chauffeurs priv\u00e9s pour les transferts aller\u2011retour avec l\u2019h\u00f4tel.<\/p>\n<p>Quelle que soit votre occasion, \u00e0 l\u2019Hotel Lucrezia vous trouverez le soin du d\u00e9tail, une hospitalit\u00e9 authentique et une exp\u00e9rience sur mesure. <u><a href=\"https:\/\/hotellucrezia.com\/fr\/#hl-contatti\">Contactez\u2011nous<\/a><\/u> pour cr\u00e9er ensemble votre moment parfait.[\/et_pb_text][\/et_pb_column][\/et_pb_row][\/et_pb_section]<\/p>\n","protected":false},"excerpt":{"rendered":"<p>L\u2019Hotel Lucrezia est le lieu id\u00e9al pour des \u00e9v\u00e9nements exclusifs, des r\u00e9unions d\u2019affaires, des c\u00e9r\u00e9monies et des mariages intimistes, au c\u0153ur du charme authentique de la Sardaigne.Notre jardin luxuriant et nos espaces soign\u00e9s offrent une atmosph\u00e8re raffin\u00e9e et discr\u00e8te, id\u00e9ale pour c\u00e9l\u00e9brer des moments sp\u00e9ciaux avec intimit\u00e9 et style. \u00c9v\u00e9nements sur mesure Qu\u2019il s\u2019agisse d\u2019un [&hellip;]<\/p>\n","protected":false},"author":1,"featured_media":0,"parent":0,"menu_order":0,"comment_status":"closed","ping_status":"closed","template":"","meta":{"_et_pb_use_builder":"on","_et_pb_old_content":"","_et_gb_content_width":"","footnotes":""},"class_list":["post-1419","page","type-page","status-publish","hentry"],"yoast_head":"<!-- This site is optimized with the Yoast SEO plugin v27.4 - https:\/\/yoast.com\/product\/yoast-seo-wordpress\/ -->\n<title>Mariages &amp; \u00c9v\u00e9nements | Hotel Lucrezia<\/title>\n<meta name=\"robots\" content=\"index, follow, max-snippet:-1, max-image-preview:large, max-video-preview:-1\" \/>\n<link rel=\"canonical\" href=\"https:\/\/hotellucrezia.com\/fr\/mariages-evenements\/\" \/>\n<meta property=\"og:locale\" content=\"fr_FR\" \/>\n<meta property=\"og:type\" content=\"article\" \/>\n<meta property=\"og:title\" content=\"Mariages &amp; \u00c9v\u00e9nements | Hotel Lucrezia\" \/>\n<meta property=\"og:description\" content=\"L\u2019Hotel Lucrezia est le lieu id\u00e9al pour des \u00e9v\u00e9nements exclusifs, des r\u00e9unions d\u2019affaires, des c\u00e9r\u00e9monies et des mariages intimistes, au c\u0153ur du charme authentique de la Sardaigne.Notre jardin luxuriant et nos espaces soign\u00e9s offrent une atmosph\u00e8re raffin\u00e9e et discr\u00e8te, id\u00e9ale pour c\u00e9l\u00e9brer des moments sp\u00e9ciaux avec intimit\u00e9 et style. \u00c9v\u00e9nements sur mesure Qu\u2019il s\u2019agisse d\u2019un [&hellip;]\" \/>\n<meta property=\"og:url\" content=\"https:\/\/hotellucrezia.com\/fr\/mariages-evenements\/\" \/>\n<meta property=\"og:site_name\" content=\"Hotel Lucrezia\" \/>\n<meta property=\"article:publisher\" content=\"https:\/\/www.facebook.com\/hotellucrezia\/\" \/>\n<meta property=\"article:modified_time\" content=\"2026-03-17T13:05:27+00:00\" \/>\n<meta name=\"twitter:card\" content=\"summary_large_image\" \/>\n<meta name=\"twitter:label1\" content=\"Dur\u00e9e de lecture estim\u00e9e\" \/>\n\t<meta name=\"twitter:data1\" content=\"2 minutes\" \/>\n<script type=\"application\/ld+json\" class=\"yoast-schema-graph\">{\"@context\":\"https:\\\/\\\/schema.org\",\"@graph\":[{\"@type\":\"WebPage\",\"@id\":\"https:\\\/\\\/hotellucrezia.com\\\/fr\\\/mariages-evenements\\\/\",\"url\":\"https:\\\/\\\/hotellucrezia.com\\\/fr\\\/mariages-evenements\\\/\",\"name\":\"Mariages &amp; \u00c9v\u00e9nements | Hotel Lucrezia\",\"isPartOf\":{\"@id\":\"https:\\\/\\\/hotellucrezia.com\\\/fr\\\/#website\"},\"datePublished\":\"2026-03-04T19:14:16+00:00\",\"dateModified\":\"2026-03-17T13:05:27+00:00\",\"breadcrumb\":{\"@id\":\"https:\\\/\\\/hotellucrezia.com\\\/fr\\\/mariages-evenements\\\/#breadcrumb\"},\"inLanguage\":\"fr-FR\",\"potentialAction\":[{\"@type\":\"ReadAction\",\"target\":[\"https:\\\/\\\/hotellucrezia.com\\\/fr\\\/mariages-evenements\\\/\"]}]},{\"@type\":\"BreadcrumbList\",\"@id\":\"https:\\\/\\\/hotellucrezia.com\\\/fr\\\/mariages-evenements\\\/#breadcrumb\",\"itemListElement\":[{\"@type\":\"ListItem\",\"position\":1,\"name\":\"Home\",\"item\":\"https:\\\/\\\/hotellucrezia.com\\\/fr\\\/home-lucrezia\\\/\"},{\"@type\":\"ListItem\",\"position\":2,\"name\":\"Mariages &amp; \u00c9v\u00e9nements\"}]},{\"@type\":\"WebSite\",\"@id\":\"https:\\\/\\\/hotellucrezia.com\\\/fr\\\/#website\",\"url\":\"https:\\\/\\\/hotellucrezia.com\\\/fr\\\/\",\"name\":\"Hotel Lucrezia\",\"description\":\"Boutique Hotel in Sardegna\",\"alternateName\":\"Hotel di charm in Sardegna\",\"potentialAction\":[{\"@type\":\"SearchAction\",\"target\":{\"@type\":\"EntryPoint\",\"urlTemplate\":\"https:\\\/\\\/hotellucrezia.com\\\/fr\\\/?s={search_term_string}\"},\"query-input\":{\"@type\":\"PropertyValueSpecification\",\"valueRequired\":true,\"valueName\":\"search_term_string\"}}],\"inLanguage\":\"fr-FR\"}]}<\/script>\n<!-- \/ Yoast SEO plugin. -->","yoast_head_json":{"title":"Mariages &amp; \u00c9v\u00e9nements | Hotel Lucrezia","robots":{"index":"index","follow":"follow","max-snippet":"max-snippet:-1","max-image-preview":"max-image-preview:large","max-video-preview":"max-video-preview:-1"},"canonical":"https:\/\/hotellucrezia.com\/fr\/mariages-evenements\/","og_locale":"fr_FR","og_type":"article","og_title":"Mariages &amp; \u00c9v\u00e9nements | Hotel Lucrezia","og_description":"L\u2019Hotel Lucrezia est le lieu id\u00e9al pour des \u00e9v\u00e9nements exclusifs, des r\u00e9unions d\u2019affaires, des c\u00e9r\u00e9monies et des mariages intimistes, au c\u0153ur du charme authentique de la Sardaigne.Notre jardin luxuriant et nos espaces soign\u00e9s offrent une atmosph\u00e8re raffin\u00e9e et discr\u00e8te, id\u00e9ale pour c\u00e9l\u00e9brer des moments sp\u00e9ciaux avec intimit\u00e9 et style. \u00c9v\u00e9nements sur mesure Qu\u2019il s\u2019agisse d\u2019un [&hellip;]","og_url":"https:\/\/hotellucrezia.com\/fr\/mariages-evenements\/","og_site_name":"Hotel Lucrezia","article_publisher":"https:\/\/www.facebook.com\/hotellucrezia\/","article_modified_time":"2026-03-17T13:05:27+00:00","twitter_card":"summary_large_image","twitter_misc":{"Dur\u00e9e de lecture estim\u00e9e":"2 minutes"},"schema":{"@context":"https:\/\/schema.org","@graph":[{"@type":"WebPage","@id":"https:\/\/hotellucrezia.com\/fr\/mariages-evenements\/","url":"https:\/\/hotellucrezia.com\/fr\/mariages-evenements\/","name":"Mariages &amp; \u00c9v\u00e9nements | Hotel Lucrezia","isPartOf":{"@id":"https:\/\/hotellucrezia.com\/fr\/#website"},"datePublished":"2026-03-04T19:14:16+00:00","dateModified":"2026-03-17T13:05:27+00:00","breadcrumb":{"@id":"https:\/\/hotellucrezia.com\/fr\/mariages-evenements\/#breadcrumb"},"inLanguage":"fr-FR","potentialAction":[{"@type":"ReadAction","target":["https:\/\/hotellucrezia.com\/fr\/mariages-evenements\/"]}]},{"@type":"BreadcrumbList","@id":"https:\/\/hotellucrezia.com\/fr\/mariages-evenements\/#breadcrumb","itemListElement":[{"@type":"ListItem","position":1,"name":"Home","item":"https:\/\/hotellucrezia.com\/fr\/home-lucrezia\/"},{"@type":"ListItem","position":2,"name":"Mariages &amp; \u00c9v\u00e9nements"}]},{"@type":"WebSite","@id":"https:\/\/hotellucrezia.com\/fr\/#website","url":"https:\/\/hotellucrezia.com\/fr\/","name":"Hotel Lucrezia","description":"Boutique Hotel in Sardegna","alternateName":"Hotel di charm in Sardegna","potentialAction":[{"@type":"SearchAction","target":{"@type":"EntryPoint","urlTemplate":"https:\/\/hotellucrezia.com\/fr\/?s={search_term_string}"},"query-input":{"@type":"PropertyValueSpecification","valueRequired":true,"valueName":"search_term_string"}}],"inLanguage":"fr-FR"}]}},"_links":{"self":[{"href":"https:\/\/hotellucrezia.com\/fr\/wp-json\/wp\/v2\/pages\/1419","targetHints":{"allow":["GET"]}}],"collection":[{"href":"https:\/\/hotellucrezia.com\/fr\/wp-json\/wp\/v2\/pages"}],"about":[{"href":"https:\/\/hotellucrezia.com\/fr\/wp-json\/wp\/v2\/types\/page"}],"author":[{"embeddable":true,"href":"https:\/\/hotellucrezia.com\/fr\/wp-json\/wp\/v2\/users\/1"}],"replies":[{"embeddable":true,"href":"https:\/\/hotellucrezia.com\/fr\/wp-json\/wp\/v2\/comments?post=1419"}],"version-history":[{"count":6,"href":"https:\/\/hotellucrezia.com\/fr\/wp-json\/wp\/v2\/pages\/1419\/revisions"}],"predecessor-version":[{"id":2497,"href":"https:\/\/hotellucrezia.com\/fr\/wp-json\/wp\/v2\/pages\/1419\/revisions\/2497"}],"wp:attachment":[{"href":"https:\/\/hotellucrezia.com\/fr\/wp-json\/wp\/v2\/media?parent=1419"}],"curies":[{"name":"wp","href":"https:\/\/api.w.org\/{rel}","templated":true}]}}