{"id":1310,"date":"2026-03-04T20:07:06","date_gmt":"2026-03-04T19:07:06","guid":{"rendered":"https:\/\/hotellucrezia.com\/experiences\/"},"modified":"2026-03-17T13:44:00","modified_gmt":"2026-03-17T12:44:00","slug":"experiences","status":"publish","type":"page","link":"https:\/\/hotellucrezia.com\/fr\/experiences\/","title":{"rendered":"Exp\u00e9riences"},"content":{"rendered":"<p>[et_pb_section fb_built=\u00a0\u00bb1&Prime; _builder_version=\u00a0\u00bb4.27.6&Prime; _module_preset=\u00a0\u00bbdefault\u00a0\u00bb background_image=\u00a0\u00bbhttps:\/\/hotellucrezia.com\/wp-content\/uploads\/2026\/03\/hotellucrezia_cellar_DSC_4241vec-6.webp\u00a0\u00bb hover_enabled=\u00a0\u00bb0&Prime; locked=\u00a0\u00bboff\u00a0\u00bb global_colors_info=\u00a0\u00bb{}\u00a0\u00bb title_text=\u00a0\u00bbhotellucrezia_cellar_DSC_4241vec-6&Prime; sticky_enabled=\u00a0\u00bb0&Prime;][et_pb_row _builder_version=\u00a0\u00bb4.27.6&Prime; _module_preset=\u00a0\u00bbdefault\u00a0\u00bb global_colors_info=\u00a0\u00bb{}\u00a0\u00bb][et_pb_column type=\u00a0\u00bb4_4&Prime; _builder_version=\u00a0\u00bb4.27.6&Prime; _module_preset=\u00a0\u00bbdefault\u00a0\u00bb global_colors_info=\u00a0\u00bb{}\u00a0\u00bb][et_pb_cta title=\u00a0\u00bb@ET-DC@eyJkeW5hbWljIjp0cnVlLCJjb250ZW50IjoicG9zdF90aXRsZSIsInNldHRpbmdzIjp7ImJlZm9yZSI6IiIsImFmdGVyIjoiIn19@\u00a0\u00bb _builder_version=\u00a0\u00bb4.27.6&Prime; _dynamic_attributes=\u00a0\u00bbtitle\u00a0\u00bb _module_preset=\u00a0\u00bbdefault\u00a0\u00bb header_level=\u00a0\u00bbh1&Prime; header_text_align=\u00a0\u00bbleft\u00a0\u00bb body_font=\u00a0\u00bb|||on|||||\u00a0\u00bb background_enable_color=\u00a0\u00bboff\u00a0\u00bb text_orientation=\u00a0\u00bbleft\u00a0\u00bb header_text_shadow_style=\u00a0\u00bbpreset5&Prime; header_text_shadow_horizontal_length=\u00a0\u00bb0.02em\u00a0\u00bb header_text_shadow_vertical_length=\u00a0\u00bb0.04em\u00a0\u00bb global_colors_info=\u00a0\u00bb{}\u00a0\u00bb][\/et_pb_cta][\/et_pb_column][\/et_pb_row][\/et_pb_section][et_pb_section fb_built=\u00a0\u00bb1&Prime; admin_label=\u00a0\u00bbsection\u00a0\u00bb _builder_version=\u00a0\u00bb4.16&Prime; global_colors_info=\u00a0\u00bb{}\u00a0\u00bb][et_pb_row custom_padding_last_edited=\u00a0\u00bbon|desktop\u00a0\u00bb admin_label=\u00a0\u00bbrang\u00e9e\u00a0\u00bb _builder_version=\u00a0\u00bb4.27.6&Prime; background_size=\u00a0\u00bbinitial\u00a0\u00bb background_position=\u00a0\u00bbtop_left\u00a0\u00bb background_repeat=\u00a0\u00bbrepeat\u00a0\u00bb custom_padding=\u00a0\u00bb0px||0px||true|false\u00a0\u00bb custom_padding_tablet=\u00a0\u00bb0px||0px||true|false\u00a0\u00bb custom_padding_phone=\u00a0\u00bb0px||0px||true|false\u00a0\u00bb global_colors_info=\u00a0\u00bb{}\u00a0\u00bb][et_pb_column type=\u00a0\u00bb4_4&Prime; _builder_version=\u00a0\u00bb4.16&Prime; custom_padding=\u00a0\u00bb|||\u00a0\u00bb global_colors_info=\u00a0\u00bb{}\u00a0\u00bb custom_padding__hover=\u00a0\u00bb|||\u00a0\u00bb][et_pb_text admin_label=\u00a0\u00bbText\u00a0\u00bb _builder_version=\u00a0\u00bb4.27.6&Prime; background_size=\u00a0\u00bbinitial\u00a0\u00bb background_position=\u00a0\u00bbtop_left\u00a0\u00bb background_repeat=\u00a0\u00bbrepeat\u00a0\u00bb global_colors_info=\u00a0\u00bb{}\u00a0\u00bb]<\/p>\n<p><strong>Location de bateaux pneumatiques<\/strong><br \/>Chez Sea Service, \u00e0 Putzu Idu, \u00e0 10 km de l\u2019h\u00f4tel.<\/p>\n<p><strong>Voilier<\/strong><br \/>Excursions journali\u00e8res en voilier dans l\u2019aire marine prot\u00e9g\u00e9e de la p\u00e9ninsule du Sinis et de l\u2019\u00eele de Maldiventre, avec possibilit\u00e9 de d\u00e9jeuner \u00e0 bord.<\/p>\n<p><strong>Pescatourisme<\/strong><br \/>Une journ\u00e9e avec les p\u00eacheurs sur un v\u00e9ritable bateau de p\u00eache. P\u00eache au large ou c\u00f4ti\u00e8re avec d\u00e9jeuner \u00e0 bord. <\/p>\n<p><strong>Bains thermaux<\/strong><br \/>Fordongianus : entr\u00e9e aux thermes et possibilit\u00e9 de soins.<\/p>\n<p><strong>Caves locales<\/strong><br \/>Visites guid\u00e9es des caves locales.<\/p>\n<p><strong>Golf<\/strong><br \/>\u00c0 seulement 8 km de l\u2019Hotel Lucrezia, le parcours 18 trous (par 72) d\u2019Is Arenas s\u2019\u00e9tend dans une pin\u00e8de priv\u00e9e de 700 hectares, pour une longueur totale de 6 300 m\u00e8tres. <strong><u><span style=\"font-size: 12px;\"><a href=\"https:\/\/hotellucrezia.com\/fr\/golf\/\">LIRE PLUS<\/a><\/span><\/u><\/strong><\/p>\n<p><strong>Location de catamarans<\/strong><br \/>Avec ou sans moniteur.<\/p>\n<p><strong>Randonn\u00e9e et VTT<\/strong><br \/>Parcours guid\u00e9s de randonn\u00e9e ou VTT. <strong><u><span style=\"font-size: 12px;\"><a href=\"https:\/\/hotellucrezia.com\/fr\/randonnee\/\">LIRE PLUS<\/a><\/span><\/u><\/strong><\/p>\n<p><strong>Cours<\/strong><br \/>Windsurf \u00e0 l\u2019\u00e9cole f\u00e9d\u00e9rale, Putzu Idu (10 km).<br \/>Kitesurf et surf \u00e0 l\u2019\u00e9cole Is Benas Surf, localit\u00e9 S\u2019Arena Scoada, \u00e0 10 km.<\/p>\n<p>[\/et_pb_text][\/et_pb_column][\/et_pb_row][\/et_pb_section]<\/p>\n","protected":false},"excerpt":{"rendered":"<p>Location de bateaux pneumatiquesChez Sea Service, \u00e0 Putzu Idu, \u00e0 10 km de l\u2019h\u00f4tel. VoilierExcursions journali\u00e8res en voilier dans l\u2019aire marine prot\u00e9g\u00e9e de la p\u00e9ninsule du Sinis et de l\u2019\u00eele de Maldiventre, avec possibilit\u00e9 de d\u00e9jeuner \u00e0 bord. PescatourismeUne journ\u00e9e avec les p\u00eacheurs sur un v\u00e9ritable bateau de p\u00eache. P\u00eache au large ou c\u00f4ti\u00e8re avec [&hellip;]<\/p>\n","protected":false},"author":1,"featured_media":0,"parent":0,"menu_order":0,"comment_status":"closed","ping_status":"closed","template":"","meta":{"_et_pb_use_builder":"on","_et_pb_old_content":"","_et_gb_content_width":"","footnotes":""},"class_list":["post-1310","page","type-page","status-publish","hentry"],"yoast_head":"<!-- This site is optimized with the Yoast SEO plugin v27.4 - https:\/\/yoast.com\/product\/yoast-seo-wordpress\/ -->\n<title>Exp\u00e9riences | Hotel Lucrezia<\/title>\n<meta name=\"robots\" content=\"index, follow, max-snippet:-1, max-image-preview:large, max-video-preview:-1\" \/>\n<link rel=\"canonical\" href=\"https:\/\/hotellucrezia.com\/fr\/experiences\/\" \/>\n<meta property=\"og:locale\" content=\"fr_FR\" \/>\n<meta property=\"og:type\" content=\"article\" \/>\n<meta property=\"og:title\" content=\"Exp\u00e9riences | Hotel Lucrezia\" \/>\n<meta property=\"og:description\" content=\"Location de bateaux pneumatiquesChez Sea Service, \u00e0 Putzu Idu, \u00e0 10 km de l\u2019h\u00f4tel. VoilierExcursions journali\u00e8res en voilier dans l\u2019aire marine prot\u00e9g\u00e9e de la p\u00e9ninsule du Sinis et de l\u2019\u00eele de Maldiventre, avec possibilit\u00e9 de d\u00e9jeuner \u00e0 bord. PescatourismeUne journ\u00e9e avec les p\u00eacheurs sur un v\u00e9ritable bateau de p\u00eache. P\u00eache au large ou c\u00f4ti\u00e8re avec [&hellip;]\" \/>\n<meta property=\"og:url\" content=\"https:\/\/hotellucrezia.com\/fr\/experiences\/\" \/>\n<meta property=\"og:site_name\" content=\"Hotel Lucrezia\" \/>\n<meta property=\"article:publisher\" content=\"https:\/\/www.facebook.com\/hotellucrezia\/\" \/>\n<meta property=\"article:modified_time\" content=\"2026-03-17T12:44:00+00:00\" \/>\n<meta name=\"twitter:card\" content=\"summary_large_image\" \/>\n<meta name=\"twitter:label1\" content=\"Dur\u00e9e de lecture estim\u00e9e\" \/>\n\t<meta name=\"twitter:data1\" content=\"2 minutes\" \/>\n<script type=\"application\/ld+json\" class=\"yoast-schema-graph\">{\"@context\":\"https:\\\/\\\/schema.org\",\"@graph\":[{\"@type\":\"WebPage\",\"@id\":\"https:\\\/\\\/hotellucrezia.com\\\/fr\\\/experiences\\\/\",\"url\":\"https:\\\/\\\/hotellucrezia.com\\\/fr\\\/experiences\\\/\",\"name\":\"Exp\u00e9riences | Hotel Lucrezia\",\"isPartOf\":{\"@id\":\"https:\\\/\\\/hotellucrezia.com\\\/fr\\\/#website\"},\"datePublished\":\"2026-03-04T19:07:06+00:00\",\"dateModified\":\"2026-03-17T12:44:00+00:00\",\"breadcrumb\":{\"@id\":\"https:\\\/\\\/hotellucrezia.com\\\/fr\\\/experiences\\\/#breadcrumb\"},\"inLanguage\":\"fr-FR\",\"potentialAction\":[{\"@type\":\"ReadAction\",\"target\":[\"https:\\\/\\\/hotellucrezia.com\\\/fr\\\/experiences\\\/\"]}]},{\"@type\":\"BreadcrumbList\",\"@id\":\"https:\\\/\\\/hotellucrezia.com\\\/fr\\\/experiences\\\/#breadcrumb\",\"itemListElement\":[{\"@type\":\"ListItem\",\"position\":1,\"name\":\"Home\",\"item\":\"https:\\\/\\\/hotellucrezia.com\\\/fr\\\/home-lucrezia\\\/\"},{\"@type\":\"ListItem\",\"position\":2,\"name\":\"Exp\u00e9riences\"}]},{\"@type\":\"WebSite\",\"@id\":\"https:\\\/\\\/hotellucrezia.com\\\/fr\\\/#website\",\"url\":\"https:\\\/\\\/hotellucrezia.com\\\/fr\\\/\",\"name\":\"Hotel Lucrezia\",\"description\":\"Boutique Hotel in Sardegna\",\"alternateName\":\"Hotel di charm in Sardegna\",\"potentialAction\":[{\"@type\":\"SearchAction\",\"target\":{\"@type\":\"EntryPoint\",\"urlTemplate\":\"https:\\\/\\\/hotellucrezia.com\\\/fr\\\/?s={search_term_string}\"},\"query-input\":{\"@type\":\"PropertyValueSpecification\",\"valueRequired\":true,\"valueName\":\"search_term_string\"}}],\"inLanguage\":\"fr-FR\"}]}<\/script>\n<!-- \/ Yoast SEO plugin. -->","yoast_head_json":{"title":"Exp\u00e9riences | Hotel Lucrezia","robots":{"index":"index","follow":"follow","max-snippet":"max-snippet:-1","max-image-preview":"max-image-preview:large","max-video-preview":"max-video-preview:-1"},"canonical":"https:\/\/hotellucrezia.com\/fr\/experiences\/","og_locale":"fr_FR","og_type":"article","og_title":"Exp\u00e9riences | Hotel Lucrezia","og_description":"Location de bateaux pneumatiquesChez Sea Service, \u00e0 Putzu Idu, \u00e0 10 km de l\u2019h\u00f4tel. VoilierExcursions journali\u00e8res en voilier dans l\u2019aire marine prot\u00e9g\u00e9e de la p\u00e9ninsule du Sinis et de l\u2019\u00eele de Maldiventre, avec possibilit\u00e9 de d\u00e9jeuner \u00e0 bord. PescatourismeUne journ\u00e9e avec les p\u00eacheurs sur un v\u00e9ritable bateau de p\u00eache. P\u00eache au large ou c\u00f4ti\u00e8re avec [&hellip;]","og_url":"https:\/\/hotellucrezia.com\/fr\/experiences\/","og_site_name":"Hotel Lucrezia","article_publisher":"https:\/\/www.facebook.com\/hotellucrezia\/","article_modified_time":"2026-03-17T12:44:00+00:00","twitter_card":"summary_large_image","twitter_misc":{"Dur\u00e9e de lecture estim\u00e9e":"2 minutes"},"schema":{"@context":"https:\/\/schema.org","@graph":[{"@type":"WebPage","@id":"https:\/\/hotellucrezia.com\/fr\/experiences\/","url":"https:\/\/hotellucrezia.com\/fr\/experiences\/","name":"Exp\u00e9riences | Hotel Lucrezia","isPartOf":{"@id":"https:\/\/hotellucrezia.com\/fr\/#website"},"datePublished":"2026-03-04T19:07:06+00:00","dateModified":"2026-03-17T12:44:00+00:00","breadcrumb":{"@id":"https:\/\/hotellucrezia.com\/fr\/experiences\/#breadcrumb"},"inLanguage":"fr-FR","potentialAction":[{"@type":"ReadAction","target":["https:\/\/hotellucrezia.com\/fr\/experiences\/"]}]},{"@type":"BreadcrumbList","@id":"https:\/\/hotellucrezia.com\/fr\/experiences\/#breadcrumb","itemListElement":[{"@type":"ListItem","position":1,"name":"Home","item":"https:\/\/hotellucrezia.com\/fr\/home-lucrezia\/"},{"@type":"ListItem","position":2,"name":"Exp\u00e9riences"}]},{"@type":"WebSite","@id":"https:\/\/hotellucrezia.com\/fr\/#website","url":"https:\/\/hotellucrezia.com\/fr\/","name":"Hotel Lucrezia","description":"Boutique Hotel in Sardegna","alternateName":"Hotel di charm in Sardegna","potentialAction":[{"@type":"SearchAction","target":{"@type":"EntryPoint","urlTemplate":"https:\/\/hotellucrezia.com\/fr\/?s={search_term_string}"},"query-input":{"@type":"PropertyValueSpecification","valueRequired":true,"valueName":"search_term_string"}}],"inLanguage":"fr-FR"}]}},"_links":{"self":[{"href":"https:\/\/hotellucrezia.com\/fr\/wp-json\/wp\/v2\/pages\/1310","targetHints":{"allow":["GET"]}}],"collection":[{"href":"https:\/\/hotellucrezia.com\/fr\/wp-json\/wp\/v2\/pages"}],"about":[{"href":"https:\/\/hotellucrezia.com\/fr\/wp-json\/wp\/v2\/types\/page"}],"author":[{"embeddable":true,"href":"https:\/\/hotellucrezia.com\/fr\/wp-json\/wp\/v2\/users\/1"}],"replies":[{"embeddable":true,"href":"https:\/\/hotellucrezia.com\/fr\/wp-json\/wp\/v2\/comments?post=1310"}],"version-history":[{"count":9,"href":"https:\/\/hotellucrezia.com\/fr\/wp-json\/wp\/v2\/pages\/1310\/revisions"}],"predecessor-version":[{"id":2418,"href":"https:\/\/hotellucrezia.com\/fr\/wp-json\/wp\/v2\/pages\/1310\/revisions\/2418"}],"wp:attachment":[{"href":"https:\/\/hotellucrezia.com\/fr\/wp-json\/wp\/v2\/media?parent=1310"}],"curies":[{"name":"wp","href":"https:\/\/api.w.org\/{rel}","templated":true}]}}