{"id":1177,"date":"2026-03-04T20:10:48","date_gmt":"2026-03-04T19:10:48","guid":{"rendered":"https:\/\/hotellucrezia.com\/la-storia-della-casa\/"},"modified":"2026-03-17T13:55:26","modified_gmt":"2026-03-17T12:55:26","slug":"la-storia-della-casa","status":"publish","type":"page","link":"https:\/\/hotellucrezia.com\/fr\/la-storia-della-casa\/","title":{"rendered":"L\u2019histoire de la maison"},"content":{"rendered":"<p>[et_pb_section fb_built=\u00a0\u00bb1&Prime; _builder_version=\u00a0\u00bb4.27.6&Prime; _module_preset=\u00a0\u00bbdefault\u00a0\u00bb background_image=\u00a0\u00bbhttps:\/\/hotellucrezia.com\/wp-content\/uploads\/2026\/03\/hotellucrezia_head-storia_DSC_4241vec-1.webp\u00a0\u00bb background_position=\u00a0\u00bbtop_left\u00a0\u00bb hover_enabled=\u00a0\u00bb0&Prime; locked=\u00a0\u00bboff\u00a0\u00bb global_colors_info=\u00a0\u00bb{}\u00a0\u00bb title_text=\u00a0\u00bbhotellucrezia_head-storia_DSC_4241vec-1&Prime; sticky_enabled=\u00a0\u00bb0&Prime;][et_pb_row _builder_version=\u00a0\u00bb4.27.6&Prime; _module_preset=\u00a0\u00bbdefault\u00a0\u00bb global_colors_info=\u00a0\u00bb{}\u00a0\u00bb][et_pb_column type=\u00a0\u00bb4_4&Prime; _builder_version=\u00a0\u00bb4.27.6&Prime; _module_preset=\u00a0\u00bbdefault\u00a0\u00bb global_colors_info=\u00a0\u00bb{}\u00a0\u00bb][et_pb_cta title=\u00a0\u00bb@ET-DC@eyJkeW5hbWljIjp0cnVlLCJjb250ZW50IjoicG9zdF90aXRsZSIsInNldHRpbmdzIjp7ImJlZm9yZSI6IiIsImFmdGVyIjoiIn19@\u00a0\u00bb _builder_version=\u00a0\u00bb4.27.6&Prime; _dynamic_attributes=\u00a0\u00bbtitle\u00a0\u00bb _module_preset=\u00a0\u00bbdefault\u00a0\u00bb header_level=\u00a0\u00bbh1&Prime; header_font=\u00a0\u00bb|||on|||||\u00a0\u00bb header_text_align=\u00a0\u00bbleft\u00a0\u00bb body_font=\u00a0\u00bb|||on|||||\u00a0\u00bb background_enable_color=\u00a0\u00bboff\u00a0\u00bb text_orientation=\u00a0\u00bbleft\u00a0\u00bb header_text_shadow_style=\u00a0\u00bbpreset5&Prime; header_text_shadow_horizontal_length=\u00a0\u00bb0.02em\u00a0\u00bb header_text_shadow_vertical_length=\u00a0\u00bb0.04em\u00a0\u00bb global_colors_info=\u00a0\u00bb{}\u00a0\u00bb]<\/p>\n<p>h\u00f4tel de charme en Sardaigne<\/p>\n<p>[\/et_pb_cta][\/et_pb_column][\/et_pb_row][\/et_pb_section][et_pb_section fb_built=\u00a0\u00bb1&Prime; admin_label=\u00a0\u00bbsection\u00a0\u00bb _builder_version=\u00a0\u00bb4.16&Prime; global_colors_info=\u00a0\u00bb{}\u00a0\u00bb][et_pb_row admin_label=\u00a0\u00bbrang\u00e9e\u00a0\u00bb _builder_version=\u00a0\u00bb4.27.6&Prime; background_size=\u00a0\u00bbinitial\u00a0\u00bb background_position=\u00a0\u00bbtop_left\u00a0\u00bb background_repeat=\u00a0\u00bbrepeat\u00a0\u00bb custom_padding=\u00a0\u00bb0px||0px||true|false\u00a0\u00bb global_colors_info=\u00a0\u00bb{}\u00a0\u00bb][et_pb_column type=\u00a0\u00bb4_4&Prime; _builder_version=\u00a0\u00bb4.16&Prime; custom_padding=\u00a0\u00bb|||\u00a0\u00bb global_colors_info=\u00a0\u00bb{}\u00a0\u00bb custom_padding__hover=\u00a0\u00bb|||\u00a0\u00bb][et_pb_text admin_label=\u00a0\u00bbText\u00a0\u00bb _builder_version=\u00a0\u00bb4.27.6&Prime; background_size=\u00a0\u00bbinitial\u00a0\u00bb background_position=\u00a0\u00bbtop_left\u00a0\u00bb background_repeat=\u00a0\u00bbrepeat\u00a0\u00bb global_colors_info=\u00a0\u00bb{}\u00a0\u00bb]<\/p>\n<p>Lucrezia fut la ma\u00eetresse de maison de 1895 \u00e0 1934 et, aujourd\u2019hui encore, les anciennes du village se souviennent d\u2019elle comme d\u2019une femme tr\u00e8s belle et g\u00e9n\u00e9reuse. On dit qu\u2019elle ne laissait jamais repartir les personnes qui frappaient \u00e0 sa porte les mains vides, et qu\u2019elle accueillait pauvres et riches, nobles et moins nobles avec la m\u00eame attention. En son souvenir, nous avons voulu donner son nom \u00e0 l\u2019h\u00f4tel et, toujours en son hommage, nous aimons continuer \u00e0 offrir un accueil chaleureux \u00e0 quiconque frappe \u00e0 notre porte, m\u00eame pour une simple visite.<\/p>\n<p>Ai tempi di Lucrezia la casa era diversa. La struttura era la stessa che si pu\u00f2 ammirare oggi, ma le stanze avevano altre destinazioni.<br \/>Le camere comunicanti, che oggi sono camera e bagno, erano in origine la camera dei genitori e quella delle figlie femmine, che dovevano essere sempre controllate fino al matrimonio. I figli maschi godevano di maggiore libert\u00e0 e venivano quindi alloggiati al piano superiore, senza un controllo diretto.<\/p>\n<p>Il <a href=\"https:\/\/hotellucrezia.com\/fr\/le-jardin\/\"><u>giardino<\/u><\/a>, ora diventato una piccola oasi verde, in passato aveva ogni suo spazio destinato a produrre. Accanto all\u2019immancabile pianta di agrumi, in generale un limone, perch\u00e9 aranci e mandarini erano coltivati nelle terre fuori dal paese, il cortile ospitava un piccolo orto per le esigenze domestiche e un pollaio.<\/p>\n<p>Pi\u00f9 avanti, nella dependance, oggi suite, si trovavano la mola e il frantoio, e le stalle per alloggiare l\u2019asino e il cavallo.<\/p>\n<p>[\/et_pb_text][\/et_pb_column][\/et_pb_row][\/et_pb_section]<\/p>\n","protected":false},"excerpt":{"rendered":"<p>h\u00f4tel de charme en SardaigneLucrezia fut la ma\u00eetresse de maison de 1895 \u00e0 1934 et, aujourd\u2019hui encore, les anciennes du village se souviennent d\u2019elle comme d\u2019une femme tr\u00e8s belle et g\u00e9n\u00e9reuse. On dit qu\u2019elle ne laissait jamais repartir les personnes qui frappaient \u00e0 sa porte les mains vides, et qu\u2019elle accueillait pauvres et riches, nobles [&hellip;]<\/p>\n","protected":false},"author":1,"featured_media":0,"parent":0,"menu_order":0,"comment_status":"closed","ping_status":"closed","template":"","meta":{"_et_pb_use_builder":"on","_et_pb_old_content":"","_et_gb_content_width":"","footnotes":""},"class_list":["post-1177","page","type-page","status-publish","hentry"],"yoast_head":"<!-- This site is optimized with the Yoast SEO plugin v27.4 - https:\/\/yoast.com\/product\/yoast-seo-wordpress\/ -->\n<title>L\u2019histoire de la maison | Hotel Lucrezia<\/title>\n<meta name=\"robots\" content=\"index, follow, max-snippet:-1, max-image-preview:large, max-video-preview:-1\" \/>\n<link rel=\"canonical\" href=\"https:\/\/hotellucrezia.com\/fr\/la-storia-della-casa\/\" \/>\n<meta property=\"og:locale\" content=\"fr_FR\" \/>\n<meta property=\"og:type\" content=\"article\" \/>\n<meta property=\"og:title\" content=\"L\u2019histoire de la maison | Hotel Lucrezia\" \/>\n<meta property=\"og:description\" content=\"h\u00f4tel de charme en SardaigneLucrezia fut la ma\u00eetresse de maison de 1895 \u00e0 1934 et, aujourd\u2019hui encore, les anciennes du village se souviennent d\u2019elle comme d\u2019une femme tr\u00e8s belle et g\u00e9n\u00e9reuse. On dit qu\u2019elle ne laissait jamais repartir les personnes qui frappaient \u00e0 sa porte les mains vides, et qu\u2019elle accueillait pauvres et riches, nobles [&hellip;]\" \/>\n<meta property=\"og:url\" content=\"https:\/\/hotellucrezia.com\/fr\/la-storia-della-casa\/\" \/>\n<meta property=\"og:site_name\" content=\"Hotel Lucrezia\" \/>\n<meta property=\"article:publisher\" content=\"https:\/\/www.facebook.com\/hotellucrezia\/\" \/>\n<meta property=\"article:modified_time\" content=\"2026-03-17T12:55:26+00:00\" \/>\n<meta name=\"twitter:card\" content=\"summary_large_image\" \/>\n<meta name=\"twitter:label1\" content=\"Dur\u00e9e de lecture estim\u00e9e\" \/>\n\t<meta name=\"twitter:data1\" content=\"2 minutes\" \/>\n<script type=\"application\/ld+json\" class=\"yoast-schema-graph\">{\"@context\":\"https:\\\/\\\/schema.org\",\"@graph\":[{\"@type\":\"WebPage\",\"@id\":\"https:\\\/\\\/hotellucrezia.com\\\/fr\\\/la-storia-della-casa\\\/\",\"url\":\"https:\\\/\\\/hotellucrezia.com\\\/fr\\\/la-storia-della-casa\\\/\",\"name\":\"L\u2019histoire de la maison | Hotel Lucrezia\",\"isPartOf\":{\"@id\":\"https:\\\/\\\/hotellucrezia.com\\\/fr\\\/#website\"},\"datePublished\":\"2026-03-04T19:10:48+00:00\",\"dateModified\":\"2026-03-17T12:55:26+00:00\",\"breadcrumb\":{\"@id\":\"https:\\\/\\\/hotellucrezia.com\\\/fr\\\/la-storia-della-casa\\\/#breadcrumb\"},\"inLanguage\":\"fr-FR\",\"potentialAction\":[{\"@type\":\"ReadAction\",\"target\":[\"https:\\\/\\\/hotellucrezia.com\\\/fr\\\/la-storia-della-casa\\\/\"]}]},{\"@type\":\"BreadcrumbList\",\"@id\":\"https:\\\/\\\/hotellucrezia.com\\\/fr\\\/la-storia-della-casa\\\/#breadcrumb\",\"itemListElement\":[{\"@type\":\"ListItem\",\"position\":1,\"name\":\"Home\",\"item\":\"https:\\\/\\\/hotellucrezia.com\\\/fr\\\/home-lucrezia\\\/\"},{\"@type\":\"ListItem\",\"position\":2,\"name\":\"L\u2019histoire de la maison\"}]},{\"@type\":\"WebSite\",\"@id\":\"https:\\\/\\\/hotellucrezia.com\\\/fr\\\/#website\",\"url\":\"https:\\\/\\\/hotellucrezia.com\\\/fr\\\/\",\"name\":\"Hotel Lucrezia\",\"description\":\"Boutique Hotel in Sardegna\",\"alternateName\":\"Hotel di charm in Sardegna\",\"potentialAction\":[{\"@type\":\"SearchAction\",\"target\":{\"@type\":\"EntryPoint\",\"urlTemplate\":\"https:\\\/\\\/hotellucrezia.com\\\/fr\\\/?s={search_term_string}\"},\"query-input\":{\"@type\":\"PropertyValueSpecification\",\"valueRequired\":true,\"valueName\":\"search_term_string\"}}],\"inLanguage\":\"fr-FR\"}]}<\/script>\n<!-- \/ Yoast SEO plugin. -->","yoast_head_json":{"title":"L\u2019histoire de la maison | Hotel Lucrezia","robots":{"index":"index","follow":"follow","max-snippet":"max-snippet:-1","max-image-preview":"max-image-preview:large","max-video-preview":"max-video-preview:-1"},"canonical":"https:\/\/hotellucrezia.com\/fr\/la-storia-della-casa\/","og_locale":"fr_FR","og_type":"article","og_title":"L\u2019histoire de la maison | Hotel Lucrezia","og_description":"h\u00f4tel de charme en SardaigneLucrezia fut la ma\u00eetresse de maison de 1895 \u00e0 1934 et, aujourd\u2019hui encore, les anciennes du village se souviennent d\u2019elle comme d\u2019une femme tr\u00e8s belle et g\u00e9n\u00e9reuse. On dit qu\u2019elle ne laissait jamais repartir les personnes qui frappaient \u00e0 sa porte les mains vides, et qu\u2019elle accueillait pauvres et riches, nobles [&hellip;]","og_url":"https:\/\/hotellucrezia.com\/fr\/la-storia-della-casa\/","og_site_name":"Hotel Lucrezia","article_publisher":"https:\/\/www.facebook.com\/hotellucrezia\/","article_modified_time":"2026-03-17T12:55:26+00:00","twitter_card":"summary_large_image","twitter_misc":{"Dur\u00e9e de lecture estim\u00e9e":"2 minutes"},"schema":{"@context":"https:\/\/schema.org","@graph":[{"@type":"WebPage","@id":"https:\/\/hotellucrezia.com\/fr\/la-storia-della-casa\/","url":"https:\/\/hotellucrezia.com\/fr\/la-storia-della-casa\/","name":"L\u2019histoire de la maison | Hotel Lucrezia","isPartOf":{"@id":"https:\/\/hotellucrezia.com\/fr\/#website"},"datePublished":"2026-03-04T19:10:48+00:00","dateModified":"2026-03-17T12:55:26+00:00","breadcrumb":{"@id":"https:\/\/hotellucrezia.com\/fr\/la-storia-della-casa\/#breadcrumb"},"inLanguage":"fr-FR","potentialAction":[{"@type":"ReadAction","target":["https:\/\/hotellucrezia.com\/fr\/la-storia-della-casa\/"]}]},{"@type":"BreadcrumbList","@id":"https:\/\/hotellucrezia.com\/fr\/la-storia-della-casa\/#breadcrumb","itemListElement":[{"@type":"ListItem","position":1,"name":"Home","item":"https:\/\/hotellucrezia.com\/fr\/home-lucrezia\/"},{"@type":"ListItem","position":2,"name":"L\u2019histoire de la maison"}]},{"@type":"WebSite","@id":"https:\/\/hotellucrezia.com\/fr\/#website","url":"https:\/\/hotellucrezia.com\/fr\/","name":"Hotel Lucrezia","description":"Boutique Hotel in Sardegna","alternateName":"Hotel di charm in Sardegna","potentialAction":[{"@type":"SearchAction","target":{"@type":"EntryPoint","urlTemplate":"https:\/\/hotellucrezia.com\/fr\/?s={search_term_string}"},"query-input":{"@type":"PropertyValueSpecification","valueRequired":true,"valueName":"search_term_string"}}],"inLanguage":"fr-FR"}]}},"_links":{"self":[{"href":"https:\/\/hotellucrezia.com\/fr\/wp-json\/wp\/v2\/pages\/1177","targetHints":{"allow":["GET"]}}],"collection":[{"href":"https:\/\/hotellucrezia.com\/fr\/wp-json\/wp\/v2\/pages"}],"about":[{"href":"https:\/\/hotellucrezia.com\/fr\/wp-json\/wp\/v2\/types\/page"}],"author":[{"embeddable":true,"href":"https:\/\/hotellucrezia.com\/fr\/wp-json\/wp\/v2\/users\/1"}],"replies":[{"embeddable":true,"href":"https:\/\/hotellucrezia.com\/fr\/wp-json\/wp\/v2\/comments?post=1177"}],"version-history":[{"count":11,"href":"https:\/\/hotellucrezia.com\/fr\/wp-json\/wp\/v2\/pages\/1177\/revisions"}],"predecessor-version":[{"id":2450,"href":"https:\/\/hotellucrezia.com\/fr\/wp-json\/wp\/v2\/pages\/1177\/revisions\/2450"}],"wp:attachment":[{"href":"https:\/\/hotellucrezia.com\/fr\/wp-json\/wp\/v2\/media?parent=1177"}],"curies":[{"name":"wp","href":"https:\/\/api.w.org\/{rel}","templated":true}]}}