{"id":1486,"date":"2026-03-04T20:12:12","date_gmt":"2026-03-04T19:12:12","guid":{"rendered":"https:\/\/hotellucrezia.com\/privacy-policy\/"},"modified":"2026-04-15T15:12:07","modified_gmt":"2026-04-15T13:12:07","slug":"privacy-policy","status":"publish","type":"page","link":"https:\/\/hotellucrezia.com\/de\/privacy-policy\/","title":{"rendered":"Privacy Policy"},"content":{"rendered":"<p>[et_pb_section fb_built=&#8220;1&#8243; admin_label=&#8220;section&#8220; _builder_version=&#8220;4.16&#8243; global_colors_info=&#8220;{}&#8220;][et_pb_row admin_label=&#8220;Reihe&#8220; _builder_version=&#8220;4.27.6&#8243; background_size=&#8220;initial&#8220; background_position=&#8220;top_left&#8220; background_repeat=&#8220;repeat&#8220; hover_enabled=&#8220;0&#8243; global_colors_info=&#8220;{}&#8220; custom_padding=&#8220;0px||0px||true|false&#8220; sticky_enabled=&#8220;0&#8243;][et_pb_column type=&#8220;4_4&#8243; _builder_version=&#8220;4.16&#8243; custom_padding=&#8220;|||&#8220; global_colors_info=&#8220;{}&#8220; custom_padding__hover=&#8220;|||&#8220;][et_pb_post_title meta=&#8220;off&#8220; featured_image=&#8220;off&#8220; _builder_version=&#8220;4.27.6&#8243; _module_preset=&#8220;default&#8220; custom_margin=&#8220;||0px||false|false&#8220; global_colors_info=&#8220;{}&#8220;][\/et_pb_post_title][et_pb_text admin_label=&#8220;Text&#8220; _builder_version=&#8220;4.27.6&#8243; background_size=&#8220;initial&#8220; background_position=&#8220;top_left&#8220; background_repeat=&#8220;repeat&#8220; global_colors_info=&#8220;{}&#8220;]<strong>DATENSCHUTZERKL\u00c4RUNG<\/strong><br \/>\n(gem\u00e4\u00df Art. 13 der EU-Verordnung 2016\/679 \u2013 DSGVO)[\/et_pb_text][et_pb_text admin_label=&#8220;Text&#8220; _builder_version=&#8220;4.27.6&#8243; background_size=&#8220;initial&#8220; background_position=&#8220;top_left&#8220; background_repeat=&#8220;repeat&#8220; global_colors_info=&#8220;{}&#8220;]<\/p>\n<ol>\n<h4>\n<li>Verantwortlicher f\u00fcr die Datenverarbeitung<\/h4>\n<p>Der Verantwortliche f\u00fcr die Datenverarbeitung ist G&amp;D S.r.l. mit Sitz in Via Roma, 14\/A \u2013 09070 Riola Sardo (OR), Steuernummer\/Umsatzsteuer-Identifikationsnummer 01065550954, E-Mail: info@hotellucrezia.it, Telefon: +39 0783 412078, ein Unternehmen, das das Hotel Lucrezia betreibt (im Folgenden \u201eVerantwortlicher\u201c).<\/li>\n<h4>\n<li>Art der verarbeiteten Daten<\/h4>\n<p>\u00dcber die Website verarbeitet der Verantwortliche ausschlie\u00dflich:\n<\/ol>\n<ul style=\"list-style-type: square;\">\n<li>Navigationsdaten (IP-Adresse, technische Zugangsdaten, Systemprotokolle)<\/li>\n<li>Daten, die \u00fcber Cookies erfasst werden, gem\u00e4\u00df den Angaben in der Cookie-Richtlinie<\/li>\n<li>Alle personenbezogenen Daten, die vom Nutzer freiwillig per E-Mail oder Telefon \u00fcbermittelt werden, werden ausschlie\u00dflich zur Beantwortung der Anfrage verarbeitet.<\/li>\n<\/ul>\n<\/li>\n<h4>\n<li>Zweck und Rechtsgrundlage der Verarbeitung<\/h4>\n<p>Personenbezogene Daten werden zu folgenden Zwecken verarbeitet:<\/p>\n<ol type=\"a\">\n<li><strong>Technischer Betrieb der Website<\/strong><br \/>\nGew\u00e4hrleistung des ordnungsgem\u00e4\u00dfen Betriebs und der Sicherheit der Website.<br \/>\nRechtsgrundlage: berechtigtes Interesse des Verantwortlichen.<\/li>\n<li><strong>Beantwortung von Anfragen per E-Mail oder Telefon<\/strong><br \/>\nVerwaltung der vom Nutzer spontan gesendeten Mitteilungen.<br \/>\nRechtsgrundlage: Durchf\u00fchrung vorvertraglicher Ma\u00dfnahmen auf Anfrage der betroffenen Person.<\/li>\n<li><strong>Erf\u00fcllung gesetzlicher Verpflichtungen.<\/strong> Falls zutreffend.<br \/>\nRechtsgrundlage: gesetzliche Verpflichtung.<\/li>\n<\/ol>\n<\/li>\n<h4>\n<li>Art der Verarbeitung<\/h4>\n<p>Die Datenverarbeitung erfolgt mit Hilfe von IT-Tools unter Einhaltung der Grunds\u00e4tze der Rechtm\u00e4\u00dfigkeit, Korrektheit und Transparenz sowie unter Anwendung geeigneter technischer und organisatorischer Sicherheitsma\u00dfnahmen.<\/li>\n<h4>\n<li>Aufbewahrung der Daten<\/h4>\n<p>Die Navigationsdaten werden nur so lange gespeichert, wie es f\u00fcr den Betrieb und die Sicherheit der Website unbedingt erforderlich ist.<br \/>\nDaten, die per E-Mail \u00fcbermittelt werden, werden so lange gespeichert, wie es f\u00fcr die Bearbeitung der Anfrage erforderlich ist, und anschlie\u00dfend gem\u00e4\u00df den geltenden gesetzlichen Bestimmungen, sofern zutreffend.<\/li>\n<h4>\n<li>Weitergabe von Daten<\/h4>\n<p>Die Daten k\u00f6nnen weitergegeben werden an:<\/p>\n<ul style=\"list-style-type: square;\">\n<li>IT-Dienstleister und Hosting-Anbieter<\/li>\n<li>Technische Berater<\/li>\n<li>Zust\u00e4ndige Beh\u00f6rden in den gesetzlich vorgesehenen F\u00e4llen<\/li>\n<\/ul>\n<p>Die Daten werden nicht verbreitet.<\/li>\n<h4>\n<li>Daten\u00fcbermittlung in L\u00e4nder au\u00dferhalb der EU<\/h4>\n<p>Wenn die Technologieanbieter ihren Sitz au\u00dferhalb der Europ\u00e4ischen Union haben, erfolgt die \u00dcbermittlung unter Einhaltung der in der EU-Verordnung 2016\/679 vorgesehenen Garantien.<\/li>\n<h4>\n<li>Rechte der betroffenen Person<\/h4>\n<p>L\u2019interessato pu\u00f2 esercitare i diritti previsti dagli artt. 15-22 del GDPR (accesso, rettifica, cancellazione, limitazione, opposizione, portabilit\u00e0, reclamo all\u2019Autorit\u00e0 Garante).<\/p>\n<p>Anfragen k\u00f6nnen gesendet werden an:<br \/>\ninfo@hotellucrezia.it<\/li>\n<h4>\n<li>\u00c4nderungen der Datenschutzerkl\u00e4rung<\/h4>\n<p>Der Verantwortliche beh\u00e4lt sich das Recht vor, diese Datenschutzerkl\u00e4rung zu aktualisieren. Die \u00c4nderungen werden auf dieser Seite ver\u00f6ffentlicht. <\/li>\n<p>[\/et_pb_text][\/et_pb_column][\/et_pb_row][\/et_pb_section]<\/p>\n","protected":false},"excerpt":{"rendered":"<p>DATENSCHUTZERKL\u00c4RUNG (gem\u00e4\u00df Art. 13 der EU-Verordnung 2016\/679 \u2013 DSGVO) Verantwortlicher f\u00fcr die Datenverarbeitung Der Verantwortliche f\u00fcr die Datenverarbeitung ist G&amp;D S.r.l. mit Sitz in Via Roma, 14\/A \u2013 09070 Riola Sardo (OR), Steuernummer\/Umsatzsteuer-Identifikationsnummer 01065550954, E-Mail: info@hotellucrezia.it, Telefon: +39 0783 412078, ein Unternehmen, das das Hotel Lucrezia betreibt (im Folgenden \u201eVerantwortlicher\u201c). Art der verarbeiteten Daten \u00dcber [&hellip;]<\/p>\n","protected":false},"author":1,"featured_media":0,"parent":0,"menu_order":0,"comment_status":"closed","ping_status":"closed","template":"","meta":{"_et_pb_use_builder":"on","_et_pb_old_content":"","_et_gb_content_width":"","footnotes":""},"class_list":["post-1486","page","type-page","status-publish","hentry"],"yoast_head":"<!-- This site is optimized with the Yoast SEO plugin v27.4 - https:\/\/yoast.com\/product\/yoast-seo-wordpress\/ -->\n<title>Privacy Policy | Hotel Lucrezia<\/title>\n<meta name=\"robots\" content=\"index, follow, max-snippet:-1, max-image-preview:large, max-video-preview:-1\" \/>\n<link rel=\"canonical\" href=\"https:\/\/hotellucrezia.com\/de\/privacy-policy\/\" \/>\n<meta property=\"og:locale\" content=\"de_DE\" \/>\n<meta property=\"og:type\" content=\"article\" \/>\n<meta property=\"og:title\" content=\"Privacy Policy | Hotel Lucrezia\" \/>\n<meta property=\"og:description\" content=\"DATENSCHUTZERKL\u00c4RUNG (gem\u00e4\u00df Art. 13 der EU-Verordnung 2016\/679 \u2013 DSGVO) Verantwortlicher f\u00fcr die Datenverarbeitung Der Verantwortliche f\u00fcr die Datenverarbeitung ist G&amp;D S.r.l. mit Sitz in Via Roma, 14\/A \u2013 09070 Riola Sardo (OR), Steuernummer\/Umsatzsteuer-Identifikationsnummer 01065550954, E-Mail: info@hotellucrezia.it, Telefon: +39 0783 412078, ein Unternehmen, das das Hotel Lucrezia betreibt (im Folgenden \u201eVerantwortlicher\u201c). Art der verarbeiteten Daten \u00dcber [&hellip;]\" \/>\n<meta property=\"og:url\" content=\"https:\/\/hotellucrezia.com\/de\/privacy-policy\/\" \/>\n<meta property=\"og:site_name\" content=\"Hotel Lucrezia\" \/>\n<meta property=\"article:publisher\" content=\"https:\/\/www.facebook.com\/hotellucrezia\/\" \/>\n<meta property=\"article:modified_time\" content=\"2026-04-15T13:12:07+00:00\" \/>\n<meta name=\"twitter:card\" content=\"summary_large_image\" \/>\n<meta name=\"twitter:label1\" content=\"Gesch\u00e4tzte Lesezeit\" \/>\n\t<meta name=\"twitter:data1\" content=\"3\u00a0Minuten\" \/>\n<script type=\"application\/ld+json\" class=\"yoast-schema-graph\">{\"@context\":\"https:\\\/\\\/schema.org\",\"@graph\":[{\"@type\":\"WebPage\",\"@id\":\"https:\\\/\\\/hotellucrezia.com\\\/de\\\/privacy-policy\\\/\",\"url\":\"https:\\\/\\\/hotellucrezia.com\\\/de\\\/privacy-policy\\\/\",\"name\":\"Privacy Policy | Hotel Lucrezia\",\"isPartOf\":{\"@id\":\"https:\\\/\\\/hotellucrezia.com\\\/de\\\/#website\"},\"datePublished\":\"2026-03-04T19:12:12+00:00\",\"dateModified\":\"2026-04-15T13:12:07+00:00\",\"breadcrumb\":{\"@id\":\"https:\\\/\\\/hotellucrezia.com\\\/de\\\/privacy-policy\\\/#breadcrumb\"},\"inLanguage\":\"de\",\"potentialAction\":[{\"@type\":\"ReadAction\",\"target\":[\"https:\\\/\\\/hotellucrezia.com\\\/de\\\/privacy-policy\\\/\"]}]},{\"@type\":\"BreadcrumbList\",\"@id\":\"https:\\\/\\\/hotellucrezia.com\\\/de\\\/privacy-policy\\\/#breadcrumb\",\"itemListElement\":[{\"@type\":\"ListItem\",\"position\":1,\"name\":\"Home\",\"item\":\"https:\\\/\\\/hotellucrezia.com\\\/de\\\/home-lucrezia\\\/\"},{\"@type\":\"ListItem\",\"position\":2,\"name\":\"Privacy Policy\"}]},{\"@type\":\"WebSite\",\"@id\":\"https:\\\/\\\/hotellucrezia.com\\\/de\\\/#website\",\"url\":\"https:\\\/\\\/hotellucrezia.com\\\/de\\\/\",\"name\":\"Hotel Lucrezia\",\"description\":\"Boutique Hotel in Sardegna\",\"alternateName\":\"Hotel di charm in Sardegna\",\"potentialAction\":[{\"@type\":\"SearchAction\",\"target\":{\"@type\":\"EntryPoint\",\"urlTemplate\":\"https:\\\/\\\/hotellucrezia.com\\\/de\\\/?s={search_term_string}\"},\"query-input\":{\"@type\":\"PropertyValueSpecification\",\"valueRequired\":true,\"valueName\":\"search_term_string\"}}],\"inLanguage\":\"de\"}]}<\/script>\n<!-- \/ Yoast SEO plugin. -->","yoast_head_json":{"title":"Privacy Policy | Hotel Lucrezia","robots":{"index":"index","follow":"follow","max-snippet":"max-snippet:-1","max-image-preview":"max-image-preview:large","max-video-preview":"max-video-preview:-1"},"canonical":"https:\/\/hotellucrezia.com\/de\/privacy-policy\/","og_locale":"de_DE","og_type":"article","og_title":"Privacy Policy | Hotel Lucrezia","og_description":"DATENSCHUTZERKL\u00c4RUNG (gem\u00e4\u00df Art. 13 der EU-Verordnung 2016\/679 \u2013 DSGVO) Verantwortlicher f\u00fcr die Datenverarbeitung Der Verantwortliche f\u00fcr die Datenverarbeitung ist G&amp;D S.r.l. mit Sitz in Via Roma, 14\/A \u2013 09070 Riola Sardo (OR), Steuernummer\/Umsatzsteuer-Identifikationsnummer 01065550954, E-Mail: info@hotellucrezia.it, Telefon: +39 0783 412078, ein Unternehmen, das das Hotel Lucrezia betreibt (im Folgenden \u201eVerantwortlicher\u201c). Art der verarbeiteten Daten \u00dcber [&hellip;]","og_url":"https:\/\/hotellucrezia.com\/de\/privacy-policy\/","og_site_name":"Hotel Lucrezia","article_publisher":"https:\/\/www.facebook.com\/hotellucrezia\/","article_modified_time":"2026-04-15T13:12:07+00:00","twitter_card":"summary_large_image","twitter_misc":{"Gesch\u00e4tzte Lesezeit":"3\u00a0Minuten"},"schema":{"@context":"https:\/\/schema.org","@graph":[{"@type":"WebPage","@id":"https:\/\/hotellucrezia.com\/de\/privacy-policy\/","url":"https:\/\/hotellucrezia.com\/de\/privacy-policy\/","name":"Privacy Policy | Hotel Lucrezia","isPartOf":{"@id":"https:\/\/hotellucrezia.com\/de\/#website"},"datePublished":"2026-03-04T19:12:12+00:00","dateModified":"2026-04-15T13:12:07+00:00","breadcrumb":{"@id":"https:\/\/hotellucrezia.com\/de\/privacy-policy\/#breadcrumb"},"inLanguage":"de","potentialAction":[{"@type":"ReadAction","target":["https:\/\/hotellucrezia.com\/de\/privacy-policy\/"]}]},{"@type":"BreadcrumbList","@id":"https:\/\/hotellucrezia.com\/de\/privacy-policy\/#breadcrumb","itemListElement":[{"@type":"ListItem","position":1,"name":"Home","item":"https:\/\/hotellucrezia.com\/de\/home-lucrezia\/"},{"@type":"ListItem","position":2,"name":"Privacy Policy"}]},{"@type":"WebSite","@id":"https:\/\/hotellucrezia.com\/de\/#website","url":"https:\/\/hotellucrezia.com\/de\/","name":"Hotel Lucrezia","description":"Boutique Hotel in Sardegna","alternateName":"Hotel di charm in Sardegna","potentialAction":[{"@type":"SearchAction","target":{"@type":"EntryPoint","urlTemplate":"https:\/\/hotellucrezia.com\/de\/?s={search_term_string}"},"query-input":{"@type":"PropertyValueSpecification","valueRequired":true,"valueName":"search_term_string"}}],"inLanguage":"de"}]}},"_links":{"self":[{"href":"https:\/\/hotellucrezia.com\/de\/wp-json\/wp\/v2\/pages\/1486","targetHints":{"allow":["GET"]}}],"collection":[{"href":"https:\/\/hotellucrezia.com\/de\/wp-json\/wp\/v2\/pages"}],"about":[{"href":"https:\/\/hotellucrezia.com\/de\/wp-json\/wp\/v2\/types\/page"}],"author":[{"embeddable":true,"href":"https:\/\/hotellucrezia.com\/de\/wp-json\/wp\/v2\/users\/1"}],"replies":[{"embeddable":true,"href":"https:\/\/hotellucrezia.com\/de\/wp-json\/wp\/v2\/comments?post=1486"}],"version-history":[{"count":8,"href":"https:\/\/hotellucrezia.com\/de\/wp-json\/wp\/v2\/pages\/1486\/revisions"}],"predecessor-version":[{"id":2605,"href":"https:\/\/hotellucrezia.com\/de\/wp-json\/wp\/v2\/pages\/1486\/revisions\/2605"}],"wp:attachment":[{"href":"https:\/\/hotellucrezia.com\/de\/wp-json\/wp\/v2\/media?parent=1486"}],"curies":[{"name":"wp","href":"https:\/\/api.w.org\/{rel}","templated":true}]}}