{"id":1423,"date":"2026-03-04T20:14:16","date_gmt":"2026-03-04T19:14:16","guid":{"rendered":"https:\/\/hotellucrezia.com\/hochzeiten-events\/"},"modified":"2026-03-17T14:05:27","modified_gmt":"2026-03-17T13:05:27","slug":"hochzeiten-events","status":"publish","type":"page","link":"https:\/\/hotellucrezia.com\/de\/hochzeiten-events\/","title":{"rendered":"Hochzeiten &amp; Events"},"content":{"rendered":"<p>[et_pb_section fb_built=&#8220;1&#8243; _builder_version=&#8220;4.27.6&#8243; _module_preset=&#8220;default&#8220; background_image=&#8220;https:\/\/hotellucrezia.com\/wp-content\/uploads\/2026\/03\/hotellucrezia_bacio-riflesso-2225.webp&#8220; hover_enabled=&#8220;0&#8243; locked=&#8220;off&#8220; global_colors_info=&#8220;{}&#8220; sticky_enabled=&#8220;0&#8243; title_text=&#8220;hotellucrezia_bacio-riflesso-2225&#8243;][et_pb_row _builder_version=&#8220;4.27.6&#8243; _module_preset=&#8220;default&#8220; global_colors_info=&#8220;{}&#8220;][et_pb_column type=&#8220;4_4&#8243; _builder_version=&#8220;4.27.6&#8243; _module_preset=&#8220;default&#8220; global_colors_info=&#8220;{}&#8220;][et_pb_cta title=&#8220;@ET-DC@eyJkeW5hbWljIjp0cnVlLCJjb250ZW50IjoicG9zdF90aXRsZSIsInNldHRpbmdzIjp7ImJlZm9yZSI6IiIsImFmdGVyIjoiIn19@&#8220; _builder_version=&#8220;4.27.6&#8243; _dynamic_attributes=&#8220;title&#8220; _module_preset=&#8220;default&#8220; header_level=&#8220;h1&#8243; header_font=&#8220;|||on|||||&#8220; header_text_align=&#8220;left&#8220; body_font=&#8220;|||on|||||&#8220; background_enable_color=&#8220;off&#8220; text_orientation=&#8220;left&#8220; header_text_shadow_style=&#8220;preset5&#8243; header_text_shadow_horizontal_length=&#8220;0.02em&#8220; header_text_shadow_vertical_length=&#8220;0.04em&#8220; global_colors_info=&#8220;{}&#8220;][\/et_pb_cta][\/et_pb_column][\/et_pb_row][\/et_pb_section][et_pb_section fb_built=&#8220;1&#8243; _builder_version=&#8220;4.16&#8243; global_colors_info=&#8220;{}&#8220;][et_pb_row _builder_version=&#8220;4.27.6&#8243; background_size=&#8220;initial&#8220; background_position=&#8220;top_left&#8220; background_repeat=&#8220;repeat&#8220; custom_padding=&#8220;0px||0px||true|false&#8220; global_colors_info=&#8220;{}&#8220;][et_pb_column type=&#8220;4_4&#8243; _builder_version=&#8220;4.16&#8243; custom_padding=&#8220;|||&#8220; global_colors_info=&#8220;{}&#8220; custom_padding__hover=&#8220;|||&#8220;][et_pb_text _builder_version=&#8220;4.27.6&#8243; background_size=&#8220;initial&#8220; background_position=&#8220;top_left&#8220; background_repeat=&#8220;repeat&#8220; global_colors_info=&#8220;{}&#8220;]Das Hotel Lucrezia ist die perfekte Location f\u00fcr exklusive Events, Business\u2011Meetings, Feiern und intime Hochzeiten \u2013 eingebettet in den authentischen Charme Sardiniens.<br \/>Unser \u00fcppiger Garten und die liebevoll gestalteten R\u00e4ume schaffen eine elegante, private Atmosph\u00e4re \u2013 ideal, um besondere Momente mit Stil und Diskretion zu feiern.<\/p>\n<p><strong>Ma\u00dfgeschneiderte Events<\/strong><br \/>\nOb Firmendinner, Treffen mit Freunden oder eine intime Hochzeit \u2013 wir garantieren ein authentisches und individuelles Erlebnis.<\/p>\n<p>Sie k\u00f6nnen w\u00e4hlen zwischen:<\/p>\n<ul>\n<li>Die K\u00fcche des Hotel Lucrezia mit Gerichten der sardischen Tradition, zubereitet mit frischen, lokalen Zutaten und serviert in unserem stimmungsvollen Garten.<\/li>\n<li>Das Restaurant Su Murruai, unser Premium\u2011Partner, f\u00fcr ein Gourmet\u2011Erlebnis zur Entdeckung der Aromen der Region.<\/li>\n<\/ul>\n<p><strong>F\u00fcr gr\u00f6\u00dfere Events<\/strong><br \/>\nWir empfehlen <strong>Mamacita<\/strong> \u2013 eine Location im Gr\u00fcnen mit atemberaubendem <strong>Meerblick<\/strong>, perfekt f\u00fcr Feiern mit <strong>\u00fcber 50 G\u00e4sten<\/strong>. Dort k\u00f6nnen Sie bis sp\u00e4t in die Nacht feiern, in magischer Atmosph\u00e4re und gro\u00dfz\u00fcgigen, stimmungsvollen R\u00e4umen. Shuttle\u2011Service oder private Fahrer f\u00fcr Transfers vom\/zum Hotel.  <\/p>\n<p>Was auch immer der Anlass ist: Im Hotel Lucrezia finden Sie Liebe zum Detail, echte Gastfreundschaft und ein ma\u00dfgeschneidertes Erlebnis. <u><a href=\"https:\/\/hotellucrezia.com\/de\/#hl-contatti\">Kontaktieren<\/a><\/u> Sie uns, um gemeinsam Ihren perfekten Moment zu gestalten.[\/et_pb_text][\/et_pb_column][\/et_pb_row][\/et_pb_section]<\/p>\n","protected":false},"excerpt":{"rendered":"<p>Das Hotel Lucrezia ist die perfekte Location f\u00fcr exklusive Events, Business\u2011Meetings, Feiern und intime Hochzeiten \u2013 eingebettet in den authentischen Charme Sardiniens.Unser \u00fcppiger Garten und die liebevoll gestalteten R\u00e4ume schaffen eine elegante, private Atmosph\u00e4re \u2013 ideal, um besondere Momente mit Stil und Diskretion zu feiern. Ma\u00dfgeschneiderte Events Ob Firmendinner, Treffen mit Freunden oder eine intime [&hellip;]<\/p>\n","protected":false},"author":1,"featured_media":0,"parent":0,"menu_order":0,"comment_status":"closed","ping_status":"closed","template":"","meta":{"_et_pb_use_builder":"on","_et_pb_old_content":"","_et_gb_content_width":"","footnotes":""},"class_list":["post-1423","page","type-page","status-publish","hentry"],"yoast_head":"<!-- This site is optimized with the Yoast SEO plugin v27.4 - https:\/\/yoast.com\/product\/yoast-seo-wordpress\/ -->\n<title>Hochzeiten &amp; Events | Hotel Lucrezia<\/title>\n<meta name=\"robots\" content=\"index, follow, max-snippet:-1, max-image-preview:large, max-video-preview:-1\" \/>\n<link rel=\"canonical\" href=\"https:\/\/hotellucrezia.com\/de\/hochzeiten-events\/\" \/>\n<meta property=\"og:locale\" content=\"de_DE\" \/>\n<meta property=\"og:type\" content=\"article\" \/>\n<meta property=\"og:title\" content=\"Hochzeiten &amp; Events | Hotel Lucrezia\" \/>\n<meta property=\"og:description\" content=\"Das Hotel Lucrezia ist die perfekte Location f\u00fcr exklusive Events, Business\u2011Meetings, Feiern und intime Hochzeiten \u2013 eingebettet in den authentischen Charme Sardiniens.Unser \u00fcppiger Garten und die liebevoll gestalteten R\u00e4ume schaffen eine elegante, private Atmosph\u00e4re \u2013 ideal, um besondere Momente mit Stil und Diskretion zu feiern. Ma\u00dfgeschneiderte Events Ob Firmendinner, Treffen mit Freunden oder eine intime [&hellip;]\" \/>\n<meta property=\"og:url\" content=\"https:\/\/hotellucrezia.com\/de\/hochzeiten-events\/\" \/>\n<meta property=\"og:site_name\" content=\"Hotel Lucrezia\" \/>\n<meta property=\"article:publisher\" content=\"https:\/\/www.facebook.com\/hotellucrezia\/\" \/>\n<meta property=\"article:modified_time\" content=\"2026-03-17T13:05:27+00:00\" \/>\n<meta name=\"twitter:card\" content=\"summary_large_image\" \/>\n<meta name=\"twitter:label1\" content=\"Gesch\u00e4tzte Lesezeit\" \/>\n\t<meta name=\"twitter:data1\" content=\"2\u00a0Minuten\" \/>\n<script type=\"application\/ld+json\" class=\"yoast-schema-graph\">{\"@context\":\"https:\\\/\\\/schema.org\",\"@graph\":[{\"@type\":\"WebPage\",\"@id\":\"https:\\\/\\\/hotellucrezia.com\\\/de\\\/hochzeiten-events\\\/\",\"url\":\"https:\\\/\\\/hotellucrezia.com\\\/de\\\/hochzeiten-events\\\/\",\"name\":\"Hochzeiten &amp; Events | Hotel Lucrezia\",\"isPartOf\":{\"@id\":\"https:\\\/\\\/hotellucrezia.com\\\/de\\\/#website\"},\"datePublished\":\"2026-03-04T19:14:16+00:00\",\"dateModified\":\"2026-03-17T13:05:27+00:00\",\"breadcrumb\":{\"@id\":\"https:\\\/\\\/hotellucrezia.com\\\/de\\\/hochzeiten-events\\\/#breadcrumb\"},\"inLanguage\":\"de\",\"potentialAction\":[{\"@type\":\"ReadAction\",\"target\":[\"https:\\\/\\\/hotellucrezia.com\\\/de\\\/hochzeiten-events\\\/\"]}]},{\"@type\":\"BreadcrumbList\",\"@id\":\"https:\\\/\\\/hotellucrezia.com\\\/de\\\/hochzeiten-events\\\/#breadcrumb\",\"itemListElement\":[{\"@type\":\"ListItem\",\"position\":1,\"name\":\"Home\",\"item\":\"https:\\\/\\\/hotellucrezia.com\\\/de\\\/home-lucrezia\\\/\"},{\"@type\":\"ListItem\",\"position\":2,\"name\":\"Hochzeiten &amp; Events\"}]},{\"@type\":\"WebSite\",\"@id\":\"https:\\\/\\\/hotellucrezia.com\\\/de\\\/#website\",\"url\":\"https:\\\/\\\/hotellucrezia.com\\\/de\\\/\",\"name\":\"Hotel Lucrezia\",\"description\":\"Boutique Hotel in Sardegna\",\"alternateName\":\"Hotel di charm in Sardegna\",\"potentialAction\":[{\"@type\":\"SearchAction\",\"target\":{\"@type\":\"EntryPoint\",\"urlTemplate\":\"https:\\\/\\\/hotellucrezia.com\\\/de\\\/?s={search_term_string}\"},\"query-input\":{\"@type\":\"PropertyValueSpecification\",\"valueRequired\":true,\"valueName\":\"search_term_string\"}}],\"inLanguage\":\"de\"}]}<\/script>\n<!-- \/ Yoast SEO plugin. -->","yoast_head_json":{"title":"Hochzeiten &amp; Events | Hotel Lucrezia","robots":{"index":"index","follow":"follow","max-snippet":"max-snippet:-1","max-image-preview":"max-image-preview:large","max-video-preview":"max-video-preview:-1"},"canonical":"https:\/\/hotellucrezia.com\/de\/hochzeiten-events\/","og_locale":"de_DE","og_type":"article","og_title":"Hochzeiten &amp; Events | Hotel Lucrezia","og_description":"Das Hotel Lucrezia ist die perfekte Location f\u00fcr exklusive Events, Business\u2011Meetings, Feiern und intime Hochzeiten \u2013 eingebettet in den authentischen Charme Sardiniens.Unser \u00fcppiger Garten und die liebevoll gestalteten R\u00e4ume schaffen eine elegante, private Atmosph\u00e4re \u2013 ideal, um besondere Momente mit Stil und Diskretion zu feiern. Ma\u00dfgeschneiderte Events Ob Firmendinner, Treffen mit Freunden oder eine intime [&hellip;]","og_url":"https:\/\/hotellucrezia.com\/de\/hochzeiten-events\/","og_site_name":"Hotel Lucrezia","article_publisher":"https:\/\/www.facebook.com\/hotellucrezia\/","article_modified_time":"2026-03-17T13:05:27+00:00","twitter_card":"summary_large_image","twitter_misc":{"Gesch\u00e4tzte Lesezeit":"2\u00a0Minuten"},"schema":{"@context":"https:\/\/schema.org","@graph":[{"@type":"WebPage","@id":"https:\/\/hotellucrezia.com\/de\/hochzeiten-events\/","url":"https:\/\/hotellucrezia.com\/de\/hochzeiten-events\/","name":"Hochzeiten &amp; Events | Hotel Lucrezia","isPartOf":{"@id":"https:\/\/hotellucrezia.com\/de\/#website"},"datePublished":"2026-03-04T19:14:16+00:00","dateModified":"2026-03-17T13:05:27+00:00","breadcrumb":{"@id":"https:\/\/hotellucrezia.com\/de\/hochzeiten-events\/#breadcrumb"},"inLanguage":"de","potentialAction":[{"@type":"ReadAction","target":["https:\/\/hotellucrezia.com\/de\/hochzeiten-events\/"]}]},{"@type":"BreadcrumbList","@id":"https:\/\/hotellucrezia.com\/de\/hochzeiten-events\/#breadcrumb","itemListElement":[{"@type":"ListItem","position":1,"name":"Home","item":"https:\/\/hotellucrezia.com\/de\/home-lucrezia\/"},{"@type":"ListItem","position":2,"name":"Hochzeiten &amp; Events"}]},{"@type":"WebSite","@id":"https:\/\/hotellucrezia.com\/de\/#website","url":"https:\/\/hotellucrezia.com\/de\/","name":"Hotel Lucrezia","description":"Boutique Hotel in Sardegna","alternateName":"Hotel di charm in Sardegna","potentialAction":[{"@type":"SearchAction","target":{"@type":"EntryPoint","urlTemplate":"https:\/\/hotellucrezia.com\/de\/?s={search_term_string}"},"query-input":{"@type":"PropertyValueSpecification","valueRequired":true,"valueName":"search_term_string"}}],"inLanguage":"de"}]}},"_links":{"self":[{"href":"https:\/\/hotellucrezia.com\/de\/wp-json\/wp\/v2\/pages\/1423","targetHints":{"allow":["GET"]}}],"collection":[{"href":"https:\/\/hotellucrezia.com\/de\/wp-json\/wp\/v2\/pages"}],"about":[{"href":"https:\/\/hotellucrezia.com\/de\/wp-json\/wp\/v2\/types\/page"}],"author":[{"embeddable":true,"href":"https:\/\/hotellucrezia.com\/de\/wp-json\/wp\/v2\/users\/1"}],"replies":[{"embeddable":true,"href":"https:\/\/hotellucrezia.com\/de\/wp-json\/wp\/v2\/comments?post=1423"}],"version-history":[{"count":6,"href":"https:\/\/hotellucrezia.com\/de\/wp-json\/wp\/v2\/pages\/1423\/revisions"}],"predecessor-version":[{"id":2495,"href":"https:\/\/hotellucrezia.com\/de\/wp-json\/wp\/v2\/pages\/1423\/revisions\/2495"}],"wp:attachment":[{"href":"https:\/\/hotellucrezia.com\/de\/wp-json\/wp\/v2\/media?parent=1423"}],"curies":[{"name":"wp","href":"https:\/\/api.w.org\/{rel}","templated":true}]}}