{"id":1404,"date":"2026-03-04T20:08:25","date_gmt":"2026-03-04T19:08:25","guid":{"rendered":"https:\/\/hotellucrezia.com\/golf\/"},"modified":"2026-03-11T14:59:44","modified_gmt":"2026-03-11T13:59:44","slug":"golf","status":"publish","type":"page","link":"https:\/\/hotellucrezia.com\/de\/golf\/","title":{"rendered":"GOLF"},"content":{"rendered":"<p>[et_pb_section fb_built=&#8220;1&#8243; _builder_version=&#8220;4.27.6&#8243; _module_preset=&#8220;default&#8220; background_image=&#8220;https:\/\/hotellucrezia.com\/wp-content\/uploads\/2026\/03\/golf-PRNKBB5-1.webp&#8220; locked=&#8220;off&#8220; global_colors_info=&#8220;{}&#8220;][et_pb_row _builder_version=&#8220;4.27.6&#8243; _module_preset=&#8220;default&#8220; global_colors_info=&#8220;{}&#8220;][et_pb_column type=&#8220;4_4&#8243; _builder_version=&#8220;4.27.6&#8243; _module_preset=&#8220;default&#8220; global_colors_info=&#8220;{}&#8220;][et_pb_cta title=&#8220;@ET-DC@eyJkeW5hbWljIjp0cnVlLCJjb250ZW50IjoicG9zdF90aXRsZSIsInNldHRpbmdzIjp7ImJlZm9yZSI6IiIsImFmdGVyIjoiIn19@&#8220; _builder_version=&#8220;4.27.6&#8243; _dynamic_attributes=&#8220;title&#8220; _module_preset=&#8220;default&#8220; header_level=&#8220;h1&#8243; header_text_align=&#8220;left&#8220; body_font=&#8220;|||on|||||&#8220; background_enable_color=&#8220;off&#8220; text_orientation=&#8220;left&#8220; hover_enabled=&#8220;0&#8243; header_text_shadow_style=&#8220;preset5&#8243; header_text_shadow_horizontal_length=&#8220;0.02em&#8220; header_text_shadow_vertical_length=&#8220;0.04em&#8220; global_colors_info=&#8220;{}&#8220; header_font=&#8220;|||on|||||&#8220; sticky_enabled=&#8220;0&#8243;][\/et_pb_cta][\/et_pb_column][\/et_pb_row][\/et_pb_section][et_pb_section fb_built=&#8220;1&#8243; admin_label=&#8220;section&#8220; _builder_version=&#8220;4.16&#8243; global_colors_info=&#8220;{}&#8220;][et_pb_row admin_label=&#8220;Reihe&#8220; _builder_version=&#8220;4.27.6&#8243; background_size=&#8220;initial&#8220; background_position=&#8220;top_left&#8220; background_repeat=&#8220;repeat&#8220; custom_padding=&#8220;0px||0px||true|false&#8220; global_colors_info=&#8220;{}&#8220;][et_pb_column type=&#8220;4_4&#8243; _builder_version=&#8220;4.16&#8243; custom_padding=&#8220;|||&#8220; global_colors_info=&#8220;{}&#8220; custom_padding__hover=&#8220;|||&#8220;][et_pb_text admin_label=&#8220;Text&#8220; _builder_version=&#8220;4.27.6&#8243; background_size=&#8220;initial&#8220; background_position=&#8220;top_left&#8220; background_repeat=&#8220;repeat&#8220; global_colors_info=&#8220;{}&#8220;]Nur 8 km vom Hotel Lucrezia entfernt liegt der renommierte <strong>Golfplatz Is Arenas<\/strong> in einem privaten Pinienwald von 700 Hektar \u2013 mit einem 18\u2011Loch\u2011Platz (<strong>Par 72<\/strong>) \u00fcber 6.300 Meter.<\/p>\n<p>Jedes Loch ist von Pinien und Wacholder eingerahmt und bietet ein einzigartiges Erlebnis in einer au\u00dfergew\u00f6hnlichen Naturlandschaft \u2013 geeignet f\u00fcr Spieler aller Spielst\u00e4rken.<br \/>\nDie Anlage umfasst au\u00dferdem einen <strong>3\u2011Loch\u2011Executive\u2011Course<\/strong> (Par 9) sowie eine <strong>Driving Range<\/strong> mit rund <strong>40 Abschlagpl\u00e4tzen<\/strong>, davon <strong>10 \u00fcberdacht<\/strong>.<\/p>\n<p>Besonders eindrucksvoll sind Loch 17 mit Blick auf die Westk\u00fcste Sardiniens und Loch 14 (Par 4, HCP1): eine technische Herausforderung \u00fcber 420 Meter mit Dog\u2011Leg nach rechts und einem durch strategische Bunker gesch\u00fctzten Gr\u00fcn.<\/p>\n<p>Is Arenas, entworfen von den renommierten Architekten Von Hagge, Smelek und Baril, gilt als einer der <strong>20 besten Pl\u00e4tze Europas<\/strong> und ist dank des idealen Klimas und des nat\u00fcrlichen Schutzes vor Wind und intensiver Sonne ganzj\u00e4hrig ge\u00f6ffnet.[\/et_pb_text][\/et_pb_column][\/et_pb_row][\/et_pb_section]<\/p>\n","protected":false},"excerpt":{"rendered":"<p>Nur 8 km vom Hotel Lucrezia entfernt liegt der renommierte Golfplatz Is Arenas in einem privaten Pinienwald von 700 Hektar \u2013 mit einem 18\u2011Loch\u2011Platz (Par 72) \u00fcber 6.300 Meter. Jedes Loch ist von Pinien und Wacholder eingerahmt und bietet ein einzigartiges Erlebnis in einer au\u00dfergew\u00f6hnlichen Naturlandschaft \u2013 geeignet f\u00fcr Spieler aller Spielst\u00e4rken. Die Anlage umfasst [&hellip;]<\/p>\n","protected":false},"author":1,"featured_media":0,"parent":0,"menu_order":0,"comment_status":"closed","ping_status":"closed","template":"","meta":{"_et_pb_use_builder":"on","_et_pb_old_content":"","_et_gb_content_width":"","footnotes":""},"class_list":["post-1404","page","type-page","status-publish","hentry"],"yoast_head":"<!-- This site is optimized with the Yoast SEO plugin v27.4 - https:\/\/yoast.com\/product\/yoast-seo-wordpress\/ -->\n<title>GOLF | Hotel Lucrezia<\/title>\n<meta name=\"robots\" content=\"index, follow, max-snippet:-1, max-image-preview:large, max-video-preview:-1\" \/>\n<link rel=\"canonical\" href=\"https:\/\/hotellucrezia.com\/de\/golf\/\" \/>\n<meta property=\"og:locale\" content=\"de_DE\" \/>\n<meta property=\"og:type\" content=\"article\" \/>\n<meta property=\"og:title\" content=\"GOLF | Hotel Lucrezia\" \/>\n<meta property=\"og:description\" content=\"Nur 8 km vom Hotel Lucrezia entfernt liegt der renommierte Golfplatz Is Arenas in einem privaten Pinienwald von 700 Hektar \u2013 mit einem 18\u2011Loch\u2011Platz (Par 72) \u00fcber 6.300 Meter. Jedes Loch ist von Pinien und Wacholder eingerahmt und bietet ein einzigartiges Erlebnis in einer au\u00dfergew\u00f6hnlichen Naturlandschaft \u2013 geeignet f\u00fcr Spieler aller Spielst\u00e4rken. Die Anlage umfasst [&hellip;]\" \/>\n<meta property=\"og:url\" content=\"https:\/\/hotellucrezia.com\/de\/golf\/\" \/>\n<meta property=\"og:site_name\" content=\"Hotel Lucrezia\" \/>\n<meta property=\"article:publisher\" content=\"https:\/\/www.facebook.com\/hotellucrezia\/\" \/>\n<meta property=\"article:modified_time\" content=\"2026-03-11T13:59:44+00:00\" \/>\n<meta name=\"twitter:card\" content=\"summary_large_image\" \/>\n<meta name=\"twitter:label1\" content=\"Gesch\u00e4tzte Lesezeit\" \/>\n\t<meta name=\"twitter:data1\" content=\"2\u00a0Minuten\" \/>\n<script type=\"application\/ld+json\" class=\"yoast-schema-graph\">{\"@context\":\"https:\\\/\\\/schema.org\",\"@graph\":[{\"@type\":\"WebPage\",\"@id\":\"https:\\\/\\\/hotellucrezia.com\\\/de\\\/golf\\\/\",\"url\":\"https:\\\/\\\/hotellucrezia.com\\\/de\\\/golf\\\/\",\"name\":\"GOLF | Hotel Lucrezia\",\"isPartOf\":{\"@id\":\"https:\\\/\\\/hotellucrezia.com\\\/de\\\/#website\"},\"datePublished\":\"2026-03-04T19:08:25+00:00\",\"dateModified\":\"2026-03-11T13:59:44+00:00\",\"breadcrumb\":{\"@id\":\"https:\\\/\\\/hotellucrezia.com\\\/de\\\/golf\\\/#breadcrumb\"},\"inLanguage\":\"de\",\"potentialAction\":[{\"@type\":\"ReadAction\",\"target\":[\"https:\\\/\\\/hotellucrezia.com\\\/de\\\/golf\\\/\"]}]},{\"@type\":\"BreadcrumbList\",\"@id\":\"https:\\\/\\\/hotellucrezia.com\\\/de\\\/golf\\\/#breadcrumb\",\"itemListElement\":[{\"@type\":\"ListItem\",\"position\":1,\"name\":\"Home\",\"item\":\"https:\\\/\\\/hotellucrezia.com\\\/de\\\/home-lucrezia\\\/\"},{\"@type\":\"ListItem\",\"position\":2,\"name\":\"GOLF\"}]},{\"@type\":\"WebSite\",\"@id\":\"https:\\\/\\\/hotellucrezia.com\\\/de\\\/#website\",\"url\":\"https:\\\/\\\/hotellucrezia.com\\\/de\\\/\",\"name\":\"Hotel Lucrezia\",\"description\":\"Boutique Hotel in Sardegna\",\"alternateName\":\"Hotel di charm in Sardegna\",\"potentialAction\":[{\"@type\":\"SearchAction\",\"target\":{\"@type\":\"EntryPoint\",\"urlTemplate\":\"https:\\\/\\\/hotellucrezia.com\\\/de\\\/?s={search_term_string}\"},\"query-input\":{\"@type\":\"PropertyValueSpecification\",\"valueRequired\":true,\"valueName\":\"search_term_string\"}}],\"inLanguage\":\"de\"}]}<\/script>\n<!-- \/ Yoast SEO plugin. -->","yoast_head_json":{"title":"GOLF | Hotel Lucrezia","robots":{"index":"index","follow":"follow","max-snippet":"max-snippet:-1","max-image-preview":"max-image-preview:large","max-video-preview":"max-video-preview:-1"},"canonical":"https:\/\/hotellucrezia.com\/de\/golf\/","og_locale":"de_DE","og_type":"article","og_title":"GOLF | Hotel Lucrezia","og_description":"Nur 8 km vom Hotel Lucrezia entfernt liegt der renommierte Golfplatz Is Arenas in einem privaten Pinienwald von 700 Hektar \u2013 mit einem 18\u2011Loch\u2011Platz (Par 72) \u00fcber 6.300 Meter. Jedes Loch ist von Pinien und Wacholder eingerahmt und bietet ein einzigartiges Erlebnis in einer au\u00dfergew\u00f6hnlichen Naturlandschaft \u2013 geeignet f\u00fcr Spieler aller Spielst\u00e4rken. Die Anlage umfasst [&hellip;]","og_url":"https:\/\/hotellucrezia.com\/de\/golf\/","og_site_name":"Hotel Lucrezia","article_publisher":"https:\/\/www.facebook.com\/hotellucrezia\/","article_modified_time":"2026-03-11T13:59:44+00:00","twitter_card":"summary_large_image","twitter_misc":{"Gesch\u00e4tzte Lesezeit":"2\u00a0Minuten"},"schema":{"@context":"https:\/\/schema.org","@graph":[{"@type":"WebPage","@id":"https:\/\/hotellucrezia.com\/de\/golf\/","url":"https:\/\/hotellucrezia.com\/de\/golf\/","name":"GOLF | Hotel Lucrezia","isPartOf":{"@id":"https:\/\/hotellucrezia.com\/de\/#website"},"datePublished":"2026-03-04T19:08:25+00:00","dateModified":"2026-03-11T13:59:44+00:00","breadcrumb":{"@id":"https:\/\/hotellucrezia.com\/de\/golf\/#breadcrumb"},"inLanguage":"de","potentialAction":[{"@type":"ReadAction","target":["https:\/\/hotellucrezia.com\/de\/golf\/"]}]},{"@type":"BreadcrumbList","@id":"https:\/\/hotellucrezia.com\/de\/golf\/#breadcrumb","itemListElement":[{"@type":"ListItem","position":1,"name":"Home","item":"https:\/\/hotellucrezia.com\/de\/home-lucrezia\/"},{"@type":"ListItem","position":2,"name":"GOLF"}]},{"@type":"WebSite","@id":"https:\/\/hotellucrezia.com\/de\/#website","url":"https:\/\/hotellucrezia.com\/de\/","name":"Hotel Lucrezia","description":"Boutique Hotel in Sardegna","alternateName":"Hotel di charm in Sardegna","potentialAction":[{"@type":"SearchAction","target":{"@type":"EntryPoint","urlTemplate":"https:\/\/hotellucrezia.com\/de\/?s={search_term_string}"},"query-input":{"@type":"PropertyValueSpecification","valueRequired":true,"valueName":"search_term_string"}}],"inLanguage":"de"}]}},"_links":{"self":[{"href":"https:\/\/hotellucrezia.com\/de\/wp-json\/wp\/v2\/pages\/1404","targetHints":{"allow":["GET"]}}],"collection":[{"href":"https:\/\/hotellucrezia.com\/de\/wp-json\/wp\/v2\/pages"}],"about":[{"href":"https:\/\/hotellucrezia.com\/de\/wp-json\/wp\/v2\/types\/page"}],"author":[{"embeddable":true,"href":"https:\/\/hotellucrezia.com\/de\/wp-json\/wp\/v2\/users\/1"}],"replies":[{"embeddable":true,"href":"https:\/\/hotellucrezia.com\/de\/wp-json\/wp\/v2\/comments?post=1404"}],"version-history":[{"count":4,"href":"https:\/\/hotellucrezia.com\/de\/wp-json\/wp\/v2\/pages\/1404\/revisions"}],"predecessor-version":[{"id":2106,"href":"https:\/\/hotellucrezia.com\/de\/wp-json\/wp\/v2\/pages\/1404\/revisions\/2106"}],"wp:attachment":[{"href":"https:\/\/hotellucrezia.com\/de\/wp-json\/wp\/v2\/media?parent=1404"}],"curies":[{"name":"wp","href":"https:\/\/api.w.org\/{rel}","templated":true}]}}