{"id":1377,"date":"2026-03-04T20:13:22","date_gmt":"2026-03-04T19:13:22","guid":{"rendered":"https:\/\/hotellucrezia.com\/wandern\/"},"modified":"2026-03-17T14:02:43","modified_gmt":"2026-03-17T13:02:43","slug":"wandern","status":"publish","type":"page","link":"https:\/\/hotellucrezia.com\/de\/wandern\/","title":{"rendered":"WANDERN"},"content":{"rendered":"<p>[et_pb_section fb_built=&#8220;1&#8243; _builder_version=&#8220;4.27.6&#8243; _module_preset=&#8220;default&#8220; background_image=&#8220;https:\/\/hotellucrezia.com\/wp-content\/uploads\/2026\/03\/hotellucrezia_maldiventre-hicking_DSC_3498.webp&#8220; background_position=&#8220;center_left&#8220; hover_enabled=&#8220;0&#8243; locked=&#8220;off&#8220; global_colors_info=&#8220;{}&#8220; title_text=&#8220;hotellucrezia_maldiventre-hicking_DSC_3498&#8243; sticky_enabled=&#8220;0&#8243;][et_pb_row _builder_version=&#8220;4.27.6&#8243; _module_preset=&#8220;default&#8220; global_colors_info=&#8220;{}&#8220;][et_pb_column type=&#8220;4_4&#8243; _builder_version=&#8220;4.27.6&#8243; _module_preset=&#8220;default&#8220; global_colors_info=&#8220;{}&#8220;][et_pb_cta title=&#8220;@ET-DC@eyJkeW5hbWljIjp0cnVlLCJjb250ZW50IjoicG9zdF90aXRsZSIsInNldHRpbmdzIjp7ImJlZm9yZSI6IiIsImFmdGVyIjoiIn19@&#8220; _builder_version=&#8220;4.27.6&#8243; _dynamic_attributes=&#8220;title&#8220; _module_preset=&#8220;default&#8220; header_level=&#8220;h1&#8243; header_font=&#8220;|||on|||||&#8220; header_text_align=&#8220;left&#8220; body_font=&#8220;|||on|||||&#8220; background_enable_color=&#8220;off&#8220; text_orientation=&#8220;left&#8220; header_text_shadow_style=&#8220;preset5&#8243; header_text_shadow_horizontal_length=&#8220;0.02em&#8220; header_text_shadow_vertical_length=&#8220;0.04em&#8220; global_colors_info=&#8220;{}&#8220;][\/et_pb_cta][\/et_pb_column][\/et_pb_row][\/et_pb_section][et_pb_section fb_built=&#8220;1&#8243; admin_label=&#8220;section&#8220; _builder_version=&#8220;4.16&#8243; global_colors_info=&#8220;{}&#8220;][et_pb_row admin_label=&#8220;Reihe&#8220; _builder_version=&#8220;4.27.6&#8243; background_size=&#8220;initial&#8220; background_position=&#8220;top_left&#8220; background_repeat=&#8220;repeat&#8220; custom_padding=&#8220;0px||0px||true|false&#8220; global_colors_info=&#8220;{}&#8220;][et_pb_column type=&#8220;4_4&#8243; _builder_version=&#8220;4.16&#8243; custom_padding=&#8220;|||&#8220; global_colors_info=&#8220;{}&#8220; custom_padding__hover=&#8220;|||&#8220;][et_pb_text admin_label=&#8220;Text&#8220; _builder_version=&#8220;4.27.6&#8243; background_size=&#8220;initial&#8220; background_position=&#8220;top_left&#8220; background_repeat=&#8220;repeat&#8220; global_colors_info=&#8220;{}&#8220;]Die Umgebung des Hotel Lucrezia bietet hervorragende M\u00f6glichkeiten zum Wandern \u2013 von einfachen Spazierg\u00e4ngen entlang der Klippen \u00fcber dem Meer des Sinis bis zu technisch anspruchsvolleren Routen am Fu\u00dfe des Montiferru.<\/p>\n<p>Sie k\u00f6nnen die Wege auf eigene Faust erkunden \u2013 mit den im Hotel bereitgestellten Karten \u2013 oder sich erfahrenen Guides anvertrauen, die Sie zu den Naturwundern der Region begleiten.<\/p>\n<p><strong>Wandern entlang der K\u00fcste<\/strong><\/p>\n<ul>\n<li>Von Capo San Marco zur Oasi del Seu (ca. 3 Stunden)<\/li>\n<li>Capo Mannu (1 Stunde)<\/li>\n<li>Von S\u2019Archittu nach Santa Caterina (1 Stunde)<\/li>\n<li>Von Su Riu Richtung Capo Nieddu (2 Stunden)<\/li>\n<li>Von S\u2019Arena Scoada nach Su Tingiosu (ca. 3 Stunden)<\/li>\n<\/ul>\n<p><strong>Wandern zwischen H\u00fcgeln und Bergen<\/strong><\/p>\n<ul>\n<li>Montiferru bei Cuglieri<\/li>\n<li>Alte Eisenminen am Monte Seneghe<\/li>\n<li>Die W\u00e4lder von Santulussurgiu<\/li>\n<\/ul>\n<p>[\/et_pb_text][\/et_pb_column][\/et_pb_row][\/et_pb_section]<\/p>\n","protected":false},"excerpt":{"rendered":"<p>Die Umgebung des Hotel Lucrezia bietet hervorragende M\u00f6glichkeiten zum Wandern \u2013 von einfachen Spazierg\u00e4ngen entlang der Klippen \u00fcber dem Meer des Sinis bis zu technisch anspruchsvolleren Routen am Fu\u00dfe des Montiferru. Sie k\u00f6nnen die Wege auf eigene Faust erkunden \u2013 mit den im Hotel bereitgestellten Karten \u2013 oder sich erfahrenen Guides anvertrauen, die Sie zu [&hellip;]<\/p>\n","protected":false},"author":1,"featured_media":0,"parent":0,"menu_order":0,"comment_status":"closed","ping_status":"closed","template":"","meta":{"_et_pb_use_builder":"on","_et_pb_old_content":"","_et_gb_content_width":"","footnotes":""},"class_list":["post-1377","page","type-page","status-publish","hentry"],"yoast_head":"<!-- This site is optimized with the Yoast SEO plugin v27.4 - https:\/\/yoast.com\/product\/yoast-seo-wordpress\/ -->\n<title>WANDERN | Hotel Lucrezia<\/title>\n<meta name=\"robots\" content=\"index, follow, max-snippet:-1, max-image-preview:large, max-video-preview:-1\" \/>\n<link rel=\"canonical\" href=\"https:\/\/hotellucrezia.com\/de\/wandern\/\" \/>\n<meta property=\"og:locale\" content=\"de_DE\" \/>\n<meta property=\"og:type\" content=\"article\" \/>\n<meta property=\"og:title\" content=\"WANDERN | Hotel Lucrezia\" \/>\n<meta property=\"og:description\" content=\"Die Umgebung des Hotel Lucrezia bietet hervorragende M\u00f6glichkeiten zum Wandern \u2013 von einfachen Spazierg\u00e4ngen entlang der Klippen \u00fcber dem Meer des Sinis bis zu technisch anspruchsvolleren Routen am Fu\u00dfe des Montiferru. Sie k\u00f6nnen die Wege auf eigene Faust erkunden \u2013 mit den im Hotel bereitgestellten Karten \u2013 oder sich erfahrenen Guides anvertrauen, die Sie zu [&hellip;]\" \/>\n<meta property=\"og:url\" content=\"https:\/\/hotellucrezia.com\/de\/wandern\/\" \/>\n<meta property=\"og:site_name\" content=\"Hotel Lucrezia\" \/>\n<meta property=\"article:publisher\" content=\"https:\/\/www.facebook.com\/hotellucrezia\/\" \/>\n<meta property=\"article:modified_time\" content=\"2026-03-17T13:02:43+00:00\" \/>\n<meta name=\"twitter:card\" content=\"summary_large_image\" \/>\n<meta name=\"twitter:label1\" content=\"Gesch\u00e4tzte Lesezeit\" \/>\n\t<meta name=\"twitter:data1\" content=\"2\u00a0Minuten\" \/>\n<script type=\"application\/ld+json\" class=\"yoast-schema-graph\">{\"@context\":\"https:\\\/\\\/schema.org\",\"@graph\":[{\"@type\":\"WebPage\",\"@id\":\"https:\\\/\\\/hotellucrezia.com\\\/de\\\/wandern\\\/\",\"url\":\"https:\\\/\\\/hotellucrezia.com\\\/de\\\/wandern\\\/\",\"name\":\"WANDERN | Hotel Lucrezia\",\"isPartOf\":{\"@id\":\"https:\\\/\\\/hotellucrezia.com\\\/de\\\/#website\"},\"datePublished\":\"2026-03-04T19:13:22+00:00\",\"dateModified\":\"2026-03-17T13:02:43+00:00\",\"breadcrumb\":{\"@id\":\"https:\\\/\\\/hotellucrezia.com\\\/de\\\/wandern\\\/#breadcrumb\"},\"inLanguage\":\"de\",\"potentialAction\":[{\"@type\":\"ReadAction\",\"target\":[\"https:\\\/\\\/hotellucrezia.com\\\/de\\\/wandern\\\/\"]}]},{\"@type\":\"BreadcrumbList\",\"@id\":\"https:\\\/\\\/hotellucrezia.com\\\/de\\\/wandern\\\/#breadcrumb\",\"itemListElement\":[{\"@type\":\"ListItem\",\"position\":1,\"name\":\"Home\",\"item\":\"https:\\\/\\\/hotellucrezia.com\\\/de\\\/home-lucrezia\\\/\"},{\"@type\":\"ListItem\",\"position\":2,\"name\":\"WANDERN\"}]},{\"@type\":\"WebSite\",\"@id\":\"https:\\\/\\\/hotellucrezia.com\\\/de\\\/#website\",\"url\":\"https:\\\/\\\/hotellucrezia.com\\\/de\\\/\",\"name\":\"Hotel Lucrezia\",\"description\":\"Boutique Hotel in Sardegna\",\"alternateName\":\"Hotel di charm in Sardegna\",\"potentialAction\":[{\"@type\":\"SearchAction\",\"target\":{\"@type\":\"EntryPoint\",\"urlTemplate\":\"https:\\\/\\\/hotellucrezia.com\\\/de\\\/?s={search_term_string}\"},\"query-input\":{\"@type\":\"PropertyValueSpecification\",\"valueRequired\":true,\"valueName\":\"search_term_string\"}}],\"inLanguage\":\"de\"}]}<\/script>\n<!-- \/ Yoast SEO plugin. -->","yoast_head_json":{"title":"WANDERN | Hotel Lucrezia","robots":{"index":"index","follow":"follow","max-snippet":"max-snippet:-1","max-image-preview":"max-image-preview:large","max-video-preview":"max-video-preview:-1"},"canonical":"https:\/\/hotellucrezia.com\/de\/wandern\/","og_locale":"de_DE","og_type":"article","og_title":"WANDERN | Hotel Lucrezia","og_description":"Die Umgebung des Hotel Lucrezia bietet hervorragende M\u00f6glichkeiten zum Wandern \u2013 von einfachen Spazierg\u00e4ngen entlang der Klippen \u00fcber dem Meer des Sinis bis zu technisch anspruchsvolleren Routen am Fu\u00dfe des Montiferru. Sie k\u00f6nnen die Wege auf eigene Faust erkunden \u2013 mit den im Hotel bereitgestellten Karten \u2013 oder sich erfahrenen Guides anvertrauen, die Sie zu [&hellip;]","og_url":"https:\/\/hotellucrezia.com\/de\/wandern\/","og_site_name":"Hotel Lucrezia","article_publisher":"https:\/\/www.facebook.com\/hotellucrezia\/","article_modified_time":"2026-03-17T13:02:43+00:00","twitter_card":"summary_large_image","twitter_misc":{"Gesch\u00e4tzte Lesezeit":"2\u00a0Minuten"},"schema":{"@context":"https:\/\/schema.org","@graph":[{"@type":"WebPage","@id":"https:\/\/hotellucrezia.com\/de\/wandern\/","url":"https:\/\/hotellucrezia.com\/de\/wandern\/","name":"WANDERN | Hotel Lucrezia","isPartOf":{"@id":"https:\/\/hotellucrezia.com\/de\/#website"},"datePublished":"2026-03-04T19:13:22+00:00","dateModified":"2026-03-17T13:02:43+00:00","breadcrumb":{"@id":"https:\/\/hotellucrezia.com\/de\/wandern\/#breadcrumb"},"inLanguage":"de","potentialAction":[{"@type":"ReadAction","target":["https:\/\/hotellucrezia.com\/de\/wandern\/"]}]},{"@type":"BreadcrumbList","@id":"https:\/\/hotellucrezia.com\/de\/wandern\/#breadcrumb","itemListElement":[{"@type":"ListItem","position":1,"name":"Home","item":"https:\/\/hotellucrezia.com\/de\/home-lucrezia\/"},{"@type":"ListItem","position":2,"name":"WANDERN"}]},{"@type":"WebSite","@id":"https:\/\/hotellucrezia.com\/de\/#website","url":"https:\/\/hotellucrezia.com\/de\/","name":"Hotel Lucrezia","description":"Boutique Hotel in Sardegna","alternateName":"Hotel di charm in Sardegna","potentialAction":[{"@type":"SearchAction","target":{"@type":"EntryPoint","urlTemplate":"https:\/\/hotellucrezia.com\/de\/?s={search_term_string}"},"query-input":{"@type":"PropertyValueSpecification","valueRequired":true,"valueName":"search_term_string"}}],"inLanguage":"de"}]}},"_links":{"self":[{"href":"https:\/\/hotellucrezia.com\/de\/wp-json\/wp\/v2\/pages\/1377","targetHints":{"allow":["GET"]}}],"collection":[{"href":"https:\/\/hotellucrezia.com\/de\/wp-json\/wp\/v2\/pages"}],"about":[{"href":"https:\/\/hotellucrezia.com\/de\/wp-json\/wp\/v2\/types\/page"}],"author":[{"embeddable":true,"href":"https:\/\/hotellucrezia.com\/de\/wp-json\/wp\/v2\/users\/1"}],"replies":[{"embeddable":true,"href":"https:\/\/hotellucrezia.com\/de\/wp-json\/wp\/v2\/comments?post=1377"}],"version-history":[{"count":5,"href":"https:\/\/hotellucrezia.com\/de\/wp-json\/wp\/v2\/pages\/1377\/revisions"}],"predecessor-version":[{"id":2486,"href":"https:\/\/hotellucrezia.com\/de\/wp-json\/wp\/v2\/pages\/1377\/revisions\/2486"}],"wp:attachment":[{"href":"https:\/\/hotellucrezia.com\/de\/wp-json\/wp\/v2\/media?parent=1377"}],"curies":[{"name":"wp","href":"https:\/\/api.w.org\/{rel}","templated":true}]}}