{"id":1364,"date":"2026-03-04T20:12:49","date_gmt":"2026-03-04T19:12:49","guid":{"rendered":"https:\/\/hotellucrezia.com\/suite\/"},"modified":"2026-03-11T15:16:07","modified_gmt":"2026-03-11T14:16:07","slug":"suite","status":"publish","type":"page","link":"https:\/\/hotellucrezia.com\/de\/suite\/","title":{"rendered":"Suite"},"content":{"rendered":"<p>[et_pb_section fb_built=&#8220;1&#8243; _builder_version=&#8220;4.27.6&#8243; _module_preset=&#8220;default&#8220; background_image=&#8220;https:\/\/hotellucrezia.com\/wp-content\/uploads\/2026\/03\/ND3_2367.webp&#8220; locked=&#8220;off&#8220; global_colors_info=&#8220;{}&#8220;][et_pb_row _builder_version=&#8220;4.27.6&#8243; _module_preset=&#8220;default&#8220; global_colors_info=&#8220;{}&#8220;][et_pb_column type=&#8220;4_4&#8243; _builder_version=&#8220;4.27.6&#8243; _module_preset=&#8220;default&#8220; global_colors_info=&#8220;{}&#8220;][et_pb_cta title=&#8220;@ET-DC@eyJkeW5hbWljIjp0cnVlLCJjb250ZW50IjoicG9zdF90aXRsZSIsInNldHRpbmdzIjp7ImJlZm9yZSI6IiIsImFmdGVyIjoiIn19@&#8220; _builder_version=&#8220;4.27.6&#8243; _dynamic_attributes=&#8220;title&#8220; _module_preset=&#8220;default&#8220; header_level=&#8220;h1&#8243; header_text_align=&#8220;left&#8220; body_font=&#8220;|||on|||||&#8220; background_enable_color=&#8220;off&#8220; text_orientation=&#8220;left&#8220; hover_enabled=&#8220;0&#8243; global_colors_info=&#8220;{}&#8220; header_font=&#8220;|||on|||||&#8220; sticky_enabled=&#8220;0&#8243;][\/et_pb_cta][\/et_pb_column][\/et_pb_row][\/et_pb_section][et_pb_section fb_built=&#8220;1&#8243; _builder_version=&#8220;4.27.6&#8243; _module_preset=&#8220;default&#8220; global_colors_info=&#8220;{}&#8220;][et_pb_row use_custom_gutter=&#8220;on&#8220; gutter_width=&#8220;2&#8243; _builder_version=&#8220;4.27.6&#8243; _module_preset=&#8220;default&#8220; hover_enabled=&#8220;0&#8243; global_colors_info=&#8220;{}&#8220; custom_padding=&#8220;0px||0px||true|false&#8220; sticky_enabled=&#8220;0&#8243; custom_padding_last_edited=&#8220;on|tablet&#8220; custom_padding_tablet=&#8220;0px||0px||false|false&#8220; custom_padding_phone=&#8220;0px||0px||false|false&#8220;][et_pb_column type=&#8220;4_4&#8243; _builder_version=&#8220;4.27.6&#8243; _module_preset=&#8220;default&#8220; global_colors_info=&#8220;{}&#8220;][et_pb_text _builder_version=&#8220;4.27.6&#8243; _module_preset=&#8220;default&#8220; header_2_font_size=&#8220;24px&#8220; custom_margin=&#8220;||5px||false|false&#8220; global_colors_info=&#8220;{}&#8220;]<\/p>\n<h2>Zimmerdetails<\/h2>\n<p>[\/et_pb_text][et_pb_text _builder_version=&#8220;4.27.6&#8243; _module_preset=&#8220;default&#8220; global_colors_info=&#8220;{}&#8220;]Die Suite des Hotel Lucrezia bewahrt Zeugnisse der Vergangenheit: der M\u00fchlstein, der zum Tisch wurde, die \u00d6lpresse an ihrer urspr\u00fcnglichen Position und der T\u00fcrsturz des Webstuhls verbinden sich mit der Klarheit der spontanen Architektur. Der Wohnbereich wird durch einen handgefertigten Wandteppich aus Mogoro bereichert; die Decken sind nach der traditionellen Technik der \u201ecanna maestra\u201c gefertigt.<br \/>Das Doppelzimmer bietet ein komfortables Doppelbett, LCD\u2011TV, Safe, Klimaanlage und Minibar. Das gro\u00dfz\u00fcgige Bad verf\u00fcgt \u00fcber Waschtisch und Duschwanne aus lokalem Hartgestein (Biancone di Orosei); die B\u00f6den sind handdekoriert auf handwerklich hergestellten Fliesen.[\/et_pb_text][et_pb_divider _builder_version=&#8220;4.27.6&#8243; _module_preset=&#8220;default&#8220; hover_enabled=&#8220;0&#8243; global_colors_info=&#8220;{}&#8220; custom_margin=&#8220;||0px||false|false&#8220; sticky_enabled=&#8220;0&#8243; color=&#8220;#e5dede&#8220;][\/et_pb_divider][et_pb_text _builder_version=&#8220;4.27.6&#8243; _module_preset=&#8220;default&#8220; header_2_font_size=&#8220;24px&#8220; custom_margin=&#8220;||5px||false|false&#8220; global_colors_info=&#8220;{}&#8220;]<\/p>\n<h2>Ausstattung<\/h2>\n<p>[\/et_pb_text][et_pb_text _builder_version=&#8220;4.27.6&#8243; _module_preset=&#8220;default&#8220; custom_margin=&#8220;||||false|false&#8220; custom_padding=&#8220;||||false|false&#8220; hover_enabled=&#8220;0&#8243; global_colors_info=&#8220;{}&#8220; disabled_on=&#8220;off|on|on&#8220; sticky_enabled=&#8220;0&#8243;]<\/p>\n<ul>\n<li>Klimaanlage<\/li>\n<li>asciugacapelli<\/li>\n<li>Safe<\/li>\n<li>minibar<\/li>\n<li>unbewachter Parkplatz<\/li>\n<li>Prijia-Pflegeprodukte<\/li>\n<li>LCD-Fernseher<\/li>\n<li>WLAN<\/li>\n<\/ul>\n<p>[\/et_pb_text][\/et_pb_column][\/et_pb_row][et_pb_row _builder_version=&#8220;4.27.6&#8243; _module_preset=&#8220;default&#8220; hover_enabled=&#8220;0&#8243; global_colors_info=&#8220;{}&#8220; column_structure=&#8220;1_3,1_3,1_3&#8243; custom_padding_last_edited=&#8220;on|phone&#8220; sticky_enabled=&#8220;0&#8243; custom_padding_phone=&#8220;0px||0px||false|false&#8220; custom_margin=&#8220;0px||0px||true|false&#8220; custom_padding=&#8220;0px||||false|false&#8220; custom_margin_last_edited=&#8220;on|phone&#8220; custom_margin_phone=&#8220;0px||0px||true|false&#8220; use_custom_gutter=&#8220;on&#8220; gutter_width=&#8220;1&#8243; locked=&#8220;off&#8220; disabled_on=&#8220;on|off|off&#8220; custom_padding_tablet=&#8220;0px||||false|false&#8220; custom_margin_tablet=&#8220;0px||0px||true|false&#8220;][et_pb_column type=&#8220;1_3&#8243; _builder_version=&#8220;4.27.6&#8243; _module_preset=&#8220;default&#8220; hover_enabled=&#8220;0&#8243; global_colors_info=&#8220;{}&#8220; custom_padding=&#8220;0px||0px||false|false&#8220; sticky_enabled=&#8220;0&#8243;][et_pb_text _builder_version=&#8220;4.27.6&#8243; _module_preset=&#8220;default&#8220; custom_margin=&#8220;||||false|false&#8220; custom_padding=&#8220;||||false|false&#8220; hover_enabled=&#8220;0&#8243; global_colors_info=&#8220;{}&#8220; sticky_enabled=&#8220;0&#8243;]<\/p>\n<ul>\n<li>Klimaanlage<\/li>\n<li>asciugacapelli<\/li>\n<li>Safe<\/li>\n<\/ul>\n<p>[\/et_pb_text][\/et_pb_column][et_pb_column _builder_version=&#8220;4.27.6&#8243; _module_preset=&#8220;default&#8220; type=&#8220;1_3&#8243; custom_padding=&#8220;0px||0px||true|false&#8220; hover_enabled=&#8220;0&#8243; sticky_enabled=&#8220;0&#8243;][et_pb_text _builder_version=&#8220;4.27.6&#8243; _module_preset=&#8220;default&#8220; custom_margin=&#8220;||||false|false&#8220; custom_padding=&#8220;||||false|false&#8220; hover_enabled=&#8220;0&#8243; global_colors_info=&#8220;{}&#8220; sticky_enabled=&#8220;0&#8243;]<\/p>\n<ul>\n<li>minibar<\/li>\n<li>unbewachter Parkplatz<\/li>\n<li>Prijia-Pflegeprodukte<\/li>\n<\/ul>\n<p>[\/et_pb_text][\/et_pb_column][et_pb_column _builder_version=&#8220;4.27.6&#8243; _module_preset=&#8220;default&#8220; type=&#8220;1_3&#8243; custom_padding=&#8220;0px||0px||true|false&#8220; hover_enabled=&#8220;0&#8243; sticky_enabled=&#8220;0&#8243;][et_pb_text _builder_version=&#8220;4.27.6&#8243; _module_preset=&#8220;default&#8220; custom_margin=&#8220;||||false|false&#8220; custom_padding=&#8220;||||false|false&#8220; hover_enabled=&#8220;0&#8243; global_colors_info=&#8220;{}&#8220; sticky_enabled=&#8220;0&#8243;]<\/p>\n<ul>\n<li>LCD-Fernseher<\/li>\n<li>WLAN<\/li>\n<\/ul>\n<p>[\/et_pb_text][\/et_pb_column][\/et_pb_row][et_pb_row use_custom_gutter=&#8220;on&#8220; gutter_width=&#8220;2&#8243; _builder_version=&#8220;4.27.6&#8243; _module_preset=&#8220;default&#8220; hover_enabled=&#8220;0&#8243; global_colors_info=&#8220;{}&#8220; custom_padding=&#8220;0px||0px||true|false&#8220; sticky_enabled=&#8220;0&#8243;][et_pb_column type=&#8220;4_4&#8243; _builder_version=&#8220;4.27.6&#8243; _module_preset=&#8220;default&#8220; global_colors_info=&#8220;{}&#8220;][et_pb_gallery gallery_ids=&#8220;1358,1359,1360,1361,1362,1363,1058,1057,1059&#8243; posts_number=&#8220;9&#8243; show_title_and_caption=&#8220;off&#8220; show_pagination=&#8220;off&#8220; zoom_icon_color=&#8220;#891002&#8243; module_id=&#8220;accomodation&#8220; _builder_version=&#8220;4.27.6&#8243; _module_preset=&#8220;default&#8220; custom_margin=&#8220;||||false|false&#8220; custom_padding=&#8220;||||false|false&#8220; global_colors_info=&#8220;{}&#8220;][\/et_pb_gallery][\/et_pb_column][\/et_pb_row][\/et_pb_section]<\/p>\n","protected":false},"excerpt":{"rendered":"<p>ZimmerdetailsDie Suite des Hotel Lucrezia bewahrt Zeugnisse der Vergangenheit: der M\u00fchlstein, der zum Tisch wurde, die \u00d6lpresse an ihrer urspr\u00fcnglichen Position und der T\u00fcrsturz des Webstuhls verbinden sich mit der Klarheit der spontanen Architektur. Der Wohnbereich wird durch einen handgefertigten Wandteppich aus Mogoro bereichert; die Decken sind nach der traditionellen Technik der \u201ecanna maestra\u201c gefertigt.Das [&hellip;]<\/p>\n","protected":false},"author":1,"featured_media":0,"parent":0,"menu_order":0,"comment_status":"closed","ping_status":"closed","template":"","meta":{"_et_pb_use_builder":"on","_et_pb_old_content":"","_et_gb_content_width":"","footnotes":""},"class_list":["post-1364","page","type-page","status-publish","hentry"],"yoast_head":"<!-- This site is optimized with the Yoast SEO plugin v27.4 - https:\/\/yoast.com\/product\/yoast-seo-wordpress\/ -->\n<title>Suite | Hotel Lucrezia<\/title>\n<meta name=\"robots\" content=\"index, follow, max-snippet:-1, max-image-preview:large, max-video-preview:-1\" \/>\n<link rel=\"canonical\" href=\"https:\/\/hotellucrezia.com\/de\/suite\/\" \/>\n<meta property=\"og:locale\" content=\"de_DE\" \/>\n<meta property=\"og:type\" content=\"article\" \/>\n<meta property=\"og:title\" content=\"Suite | Hotel Lucrezia\" \/>\n<meta property=\"og:description\" content=\"ZimmerdetailsDie Suite des Hotel Lucrezia bewahrt Zeugnisse der Vergangenheit: der M\u00fchlstein, der zum Tisch wurde, die \u00d6lpresse an ihrer urspr\u00fcnglichen Position und der T\u00fcrsturz des Webstuhls verbinden sich mit der Klarheit der spontanen Architektur. Der Wohnbereich wird durch einen handgefertigten Wandteppich aus Mogoro bereichert; die Decken sind nach der traditionellen Technik der \u201ecanna maestra\u201c gefertigt.Das [&hellip;]\" \/>\n<meta property=\"og:url\" content=\"https:\/\/hotellucrezia.com\/de\/suite\/\" \/>\n<meta property=\"og:site_name\" content=\"Hotel Lucrezia\" \/>\n<meta property=\"article:publisher\" content=\"https:\/\/www.facebook.com\/hotellucrezia\/\" \/>\n<meta property=\"article:modified_time\" content=\"2026-03-11T14:16:07+00:00\" \/>\n<meta name=\"twitter:card\" content=\"summary_large_image\" \/>\n<meta name=\"twitter:label1\" content=\"Gesch\u00e4tzte Lesezeit\" \/>\n\t<meta name=\"twitter:data1\" content=\"4\u00a0Minuten\" \/>\n<script type=\"application\/ld+json\" class=\"yoast-schema-graph\">{\"@context\":\"https:\\\/\\\/schema.org\",\"@graph\":[{\"@type\":\"WebPage\",\"@id\":\"https:\\\/\\\/hotellucrezia.com\\\/de\\\/suite\\\/\",\"url\":\"https:\\\/\\\/hotellucrezia.com\\\/de\\\/suite\\\/\",\"name\":\"Suite | Hotel Lucrezia\",\"isPartOf\":{\"@id\":\"https:\\\/\\\/hotellucrezia.com\\\/de\\\/#website\"},\"datePublished\":\"2026-03-04T19:12:49+00:00\",\"dateModified\":\"2026-03-11T14:16:07+00:00\",\"breadcrumb\":{\"@id\":\"https:\\\/\\\/hotellucrezia.com\\\/de\\\/suite\\\/#breadcrumb\"},\"inLanguage\":\"de\",\"potentialAction\":[{\"@type\":\"ReadAction\",\"target\":[\"https:\\\/\\\/hotellucrezia.com\\\/de\\\/suite\\\/\"]}]},{\"@type\":\"BreadcrumbList\",\"@id\":\"https:\\\/\\\/hotellucrezia.com\\\/de\\\/suite\\\/#breadcrumb\",\"itemListElement\":[{\"@type\":\"ListItem\",\"position\":1,\"name\":\"Home\",\"item\":\"https:\\\/\\\/hotellucrezia.com\\\/de\\\/home-lucrezia\\\/\"},{\"@type\":\"ListItem\",\"position\":2,\"name\":\"Suite\"}]},{\"@type\":\"WebSite\",\"@id\":\"https:\\\/\\\/hotellucrezia.com\\\/de\\\/#website\",\"url\":\"https:\\\/\\\/hotellucrezia.com\\\/de\\\/\",\"name\":\"Hotel Lucrezia\",\"description\":\"Boutique Hotel in Sardegna\",\"alternateName\":\"Hotel di charm in Sardegna\",\"potentialAction\":[{\"@type\":\"SearchAction\",\"target\":{\"@type\":\"EntryPoint\",\"urlTemplate\":\"https:\\\/\\\/hotellucrezia.com\\\/de\\\/?s={search_term_string}\"},\"query-input\":{\"@type\":\"PropertyValueSpecification\",\"valueRequired\":true,\"valueName\":\"search_term_string\"}}],\"inLanguage\":\"de\"}]}<\/script>\n<!-- \/ Yoast SEO plugin. -->","yoast_head_json":{"title":"Suite | Hotel Lucrezia","robots":{"index":"index","follow":"follow","max-snippet":"max-snippet:-1","max-image-preview":"max-image-preview:large","max-video-preview":"max-video-preview:-1"},"canonical":"https:\/\/hotellucrezia.com\/de\/suite\/","og_locale":"de_DE","og_type":"article","og_title":"Suite | Hotel Lucrezia","og_description":"ZimmerdetailsDie Suite des Hotel Lucrezia bewahrt Zeugnisse der Vergangenheit: der M\u00fchlstein, der zum Tisch wurde, die \u00d6lpresse an ihrer urspr\u00fcnglichen Position und der T\u00fcrsturz des Webstuhls verbinden sich mit der Klarheit der spontanen Architektur. Der Wohnbereich wird durch einen handgefertigten Wandteppich aus Mogoro bereichert; die Decken sind nach der traditionellen Technik der \u201ecanna maestra\u201c gefertigt.Das [&hellip;]","og_url":"https:\/\/hotellucrezia.com\/de\/suite\/","og_site_name":"Hotel Lucrezia","article_publisher":"https:\/\/www.facebook.com\/hotellucrezia\/","article_modified_time":"2026-03-11T14:16:07+00:00","twitter_card":"summary_large_image","twitter_misc":{"Gesch\u00e4tzte Lesezeit":"4\u00a0Minuten"},"schema":{"@context":"https:\/\/schema.org","@graph":[{"@type":"WebPage","@id":"https:\/\/hotellucrezia.com\/de\/suite\/","url":"https:\/\/hotellucrezia.com\/de\/suite\/","name":"Suite | Hotel Lucrezia","isPartOf":{"@id":"https:\/\/hotellucrezia.com\/de\/#website"},"datePublished":"2026-03-04T19:12:49+00:00","dateModified":"2026-03-11T14:16:07+00:00","breadcrumb":{"@id":"https:\/\/hotellucrezia.com\/de\/suite\/#breadcrumb"},"inLanguage":"de","potentialAction":[{"@type":"ReadAction","target":["https:\/\/hotellucrezia.com\/de\/suite\/"]}]},{"@type":"BreadcrumbList","@id":"https:\/\/hotellucrezia.com\/de\/suite\/#breadcrumb","itemListElement":[{"@type":"ListItem","position":1,"name":"Home","item":"https:\/\/hotellucrezia.com\/de\/home-lucrezia\/"},{"@type":"ListItem","position":2,"name":"Suite"}]},{"@type":"WebSite","@id":"https:\/\/hotellucrezia.com\/de\/#website","url":"https:\/\/hotellucrezia.com\/de\/","name":"Hotel Lucrezia","description":"Boutique Hotel in Sardegna","alternateName":"Hotel di charm in Sardegna","potentialAction":[{"@type":"SearchAction","target":{"@type":"EntryPoint","urlTemplate":"https:\/\/hotellucrezia.com\/de\/?s={search_term_string}"},"query-input":{"@type":"PropertyValueSpecification","valueRequired":true,"valueName":"search_term_string"}}],"inLanguage":"de"}]}},"_links":{"self":[{"href":"https:\/\/hotellucrezia.com\/de\/wp-json\/wp\/v2\/pages\/1364","targetHints":{"allow":["GET"]}}],"collection":[{"href":"https:\/\/hotellucrezia.com\/de\/wp-json\/wp\/v2\/pages"}],"about":[{"href":"https:\/\/hotellucrezia.com\/de\/wp-json\/wp\/v2\/types\/page"}],"author":[{"embeddable":true,"href":"https:\/\/hotellucrezia.com\/de\/wp-json\/wp\/v2\/users\/1"}],"replies":[{"embeddable":true,"href":"https:\/\/hotellucrezia.com\/de\/wp-json\/wp\/v2\/comments?post=1364"}],"version-history":[{"count":5,"href":"https:\/\/hotellucrezia.com\/de\/wp-json\/wp\/v2\/pages\/1364\/revisions"}],"predecessor-version":[{"id":2177,"href":"https:\/\/hotellucrezia.com\/de\/wp-json\/wp\/v2\/pages\/1364\/revisions\/2177"}],"wp:attachment":[{"href":"https:\/\/hotellucrezia.com\/de\/wp-json\/wp\/v2\/media?parent=1364"}],"curies":[{"name":"wp","href":"https:\/\/api.w.org\/{rel}","templated":true}]}}