{"id":1314,"date":"2026-03-04T20:07:06","date_gmt":"2026-03-04T19:07:06","guid":{"rendered":"https:\/\/hotellucrezia.com\/erlebnisse\/"},"modified":"2026-03-17T13:43:59","modified_gmt":"2026-03-17T12:43:59","slug":"erlebnisse","status":"publish","type":"page","link":"https:\/\/hotellucrezia.com\/de\/erlebnisse\/","title":{"rendered":"Erlebnisse"},"content":{"rendered":"<p>[et_pb_section fb_built=&#8220;1&#8243; _builder_version=&#8220;4.27.6&#8243; _module_preset=&#8220;default&#8220; background_image=&#8220;https:\/\/hotellucrezia.com\/wp-content\/uploads\/2026\/03\/hotellucrezia_cellar_DSC_4241vec-6.webp&#8220; hover_enabled=&#8220;0&#8243; locked=&#8220;off&#8220; global_colors_info=&#8220;{}&#8220; title_text=&#8220;hotellucrezia_cellar_DSC_4241vec-6&#8243; sticky_enabled=&#8220;0&#8243;][et_pb_row _builder_version=&#8220;4.27.6&#8243; _module_preset=&#8220;default&#8220; global_colors_info=&#8220;{}&#8220;][et_pb_column type=&#8220;4_4&#8243; _builder_version=&#8220;4.27.6&#8243; _module_preset=&#8220;default&#8220; global_colors_info=&#8220;{}&#8220;][et_pb_cta title=&#8220;@ET-DC@eyJkeW5hbWljIjp0cnVlLCJjb250ZW50IjoicG9zdF90aXRsZSIsInNldHRpbmdzIjp7ImJlZm9yZSI6IiIsImFmdGVyIjoiIn19@&#8220; _builder_version=&#8220;4.27.6&#8243; _dynamic_attributes=&#8220;title&#8220; _module_preset=&#8220;default&#8220; header_level=&#8220;h1&#8243; header_text_align=&#8220;left&#8220; body_font=&#8220;|||on|||||&#8220; background_enable_color=&#8220;off&#8220; text_orientation=&#8220;left&#8220; header_text_shadow_style=&#8220;preset5&#8243; header_text_shadow_horizontal_length=&#8220;0.02em&#8220; header_text_shadow_vertical_length=&#8220;0.04em&#8220; global_colors_info=&#8220;{}&#8220;][\/et_pb_cta][\/et_pb_column][\/et_pb_row][\/et_pb_section][et_pb_section fb_built=&#8220;1&#8243; admin_label=&#8220;section&#8220; _builder_version=&#8220;4.16&#8243; global_colors_info=&#8220;{}&#8220;][et_pb_row custom_padding_last_edited=&#8220;on|desktop&#8220; admin_label=&#8220;Reihe&#8220; _builder_version=&#8220;4.27.6&#8243; background_size=&#8220;initial&#8220; background_position=&#8220;top_left&#8220; background_repeat=&#8220;repeat&#8220; custom_padding=&#8220;0px||0px||true|false&#8220; custom_padding_tablet=&#8220;0px||0px||true|false&#8220; custom_padding_phone=&#8220;0px||0px||true|false&#8220; global_colors_info=&#8220;{}&#8220;][et_pb_column type=&#8220;4_4&#8243; _builder_version=&#8220;4.16&#8243; custom_padding=&#8220;|||&#8220; global_colors_info=&#8220;{}&#8220; custom_padding__hover=&#8220;|||&#8220;][et_pb_text admin_label=&#8220;Text&#8220; _builder_version=&#8220;4.27.6&#8243; background_size=&#8220;initial&#8220; background_position=&#8220;top_left&#8220; background_repeat=&#8220;repeat&#8220; global_colors_info=&#8220;{}&#8220;]<\/p>\n<p><strong>Schlauchbootverleih<\/strong><br \/>Bei Sea Service in Putzu Idu, 10 km vom Hotel entfernt.<\/p>\n<p><strong>Segelboot<\/strong><br \/>T\u00e4gliche Segelt\u00f6rns im Meeresschutzgebiet der Sinis\u2011Halbinsel und der Insel Maldiventre, mit der M\u00f6glichkeit, an Bord zu Mittag zu essen.<\/p>\n<p><strong>Pescaturismo<\/strong><br \/>Ein Tag mit den Fischern auf einem echten Fischkutter. Hochsee\u2011 oder K\u00fcstenfischen mit Mittagessen an Bord.<\/p>\n<p><strong>Thermalb\u00e4der<\/strong><br \/>Fordongianus: Eintritt in die Thermen und M\u00f6glichkeit von Anwendungen.<\/p>\n<p><strong>Lokale Weing\u00fcter<\/strong><br \/>Gef\u00fchrte Besichtigungen lokaler Weing\u00fcter.<\/p>\n<p><strong>Golf<\/strong><br \/>Nur 8 km vom Hotel Lucrezia entfernt erstreckt sich der 18\u2011Loch\u2011Platz (Par 72) von Is Arenas in einem privaten Pinienwald von 700 Hektar \u00fcber insgesamt 6.300 Meter. <strong><u><span style=\"font-size: 12px;\"><a href=\"https:\/\/hotellucrezia.com\/de\/golf\/\">MEHR LESEN<\/a><\/span><\/u><\/strong><\/p>\n<p><strong>Katamaranverleih<\/strong><br \/>Mit oder ohne Instructor.<\/p>\n<p>Trekking &amp; Mountainbike<br \/>Gef\u00fchrte Trekking\u2011 oder Mountainbike\u2011Touren. <span style=\"font-size: 12px;\"><strong><u><a href=\"https:\/\/hotellucrezia.com\/de\/experiences\/trekking\/\">MEHR LESEN<\/a><\/u><\/strong><\/span><\/p>\n<p><strong>Kurse<\/strong><br \/>Windsurfen an der Bundesschule, Putzu Idu (10 km).<br \/>Kitesurfen und Surfen an der Is Benas Surf School, Ort S\u2019Arena Scoada, 10 km.<\/p>\n<p>[\/et_pb_text][\/et_pb_column][\/et_pb_row][\/et_pb_section]<\/p>\n","protected":false},"excerpt":{"rendered":"<p>SchlauchbootverleihBei Sea Service in Putzu Idu, 10 km vom Hotel entfernt. SegelbootT\u00e4gliche Segelt\u00f6rns im Meeresschutzgebiet der Sinis\u2011Halbinsel und der Insel Maldiventre, mit der M\u00f6glichkeit, an Bord zu Mittag zu essen. PescaturismoEin Tag mit den Fischern auf einem echten Fischkutter. Hochsee\u2011 oder K\u00fcstenfischen mit Mittagessen an Bord. Thermalb\u00e4derFordongianus: Eintritt in die Thermen und M\u00f6glichkeit von Anwendungen. [&hellip;]<\/p>\n","protected":false},"author":1,"featured_media":0,"parent":0,"menu_order":0,"comment_status":"closed","ping_status":"closed","template":"","meta":{"_et_pb_use_builder":"on","_et_pb_old_content":"","_et_gb_content_width":"","footnotes":""},"class_list":["post-1314","page","type-page","status-publish","hentry"],"yoast_head":"<!-- This site is optimized with the Yoast SEO plugin v27.4 - https:\/\/yoast.com\/product\/yoast-seo-wordpress\/ -->\n<title>Erlebnisse | Hotel Lucrezia<\/title>\n<meta name=\"robots\" content=\"index, follow, max-snippet:-1, max-image-preview:large, max-video-preview:-1\" \/>\n<link rel=\"canonical\" href=\"https:\/\/hotellucrezia.com\/de\/erlebnisse\/\" \/>\n<meta property=\"og:locale\" content=\"de_DE\" \/>\n<meta property=\"og:type\" content=\"article\" \/>\n<meta property=\"og:title\" content=\"Erlebnisse | Hotel Lucrezia\" \/>\n<meta property=\"og:description\" content=\"SchlauchbootverleihBei Sea Service in Putzu Idu, 10 km vom Hotel entfernt. SegelbootT\u00e4gliche Segelt\u00f6rns im Meeresschutzgebiet der Sinis\u2011Halbinsel und der Insel Maldiventre, mit der M\u00f6glichkeit, an Bord zu Mittag zu essen. PescaturismoEin Tag mit den Fischern auf einem echten Fischkutter. Hochsee\u2011 oder K\u00fcstenfischen mit Mittagessen an Bord. Thermalb\u00e4derFordongianus: Eintritt in die Thermen und M\u00f6glichkeit von Anwendungen. [&hellip;]\" \/>\n<meta property=\"og:url\" content=\"https:\/\/hotellucrezia.com\/de\/erlebnisse\/\" \/>\n<meta property=\"og:site_name\" content=\"Hotel Lucrezia\" \/>\n<meta property=\"article:publisher\" content=\"https:\/\/www.facebook.com\/hotellucrezia\/\" \/>\n<meta property=\"article:modified_time\" content=\"2026-03-17T12:43:59+00:00\" \/>\n<meta name=\"twitter:card\" content=\"summary_large_image\" \/>\n<meta name=\"twitter:label1\" content=\"Gesch\u00e4tzte Lesezeit\" \/>\n\t<meta name=\"twitter:data1\" content=\"2\u00a0Minuten\" \/>\n<script type=\"application\/ld+json\" class=\"yoast-schema-graph\">{\"@context\":\"https:\\\/\\\/schema.org\",\"@graph\":[{\"@type\":\"WebPage\",\"@id\":\"https:\\\/\\\/hotellucrezia.com\\\/de\\\/erlebnisse\\\/\",\"url\":\"https:\\\/\\\/hotellucrezia.com\\\/de\\\/erlebnisse\\\/\",\"name\":\"Erlebnisse | Hotel Lucrezia\",\"isPartOf\":{\"@id\":\"https:\\\/\\\/hotellucrezia.com\\\/de\\\/#website\"},\"datePublished\":\"2026-03-04T19:07:06+00:00\",\"dateModified\":\"2026-03-17T12:43:59+00:00\",\"breadcrumb\":{\"@id\":\"https:\\\/\\\/hotellucrezia.com\\\/de\\\/erlebnisse\\\/#breadcrumb\"},\"inLanguage\":\"de\",\"potentialAction\":[{\"@type\":\"ReadAction\",\"target\":[\"https:\\\/\\\/hotellucrezia.com\\\/de\\\/erlebnisse\\\/\"]}]},{\"@type\":\"BreadcrumbList\",\"@id\":\"https:\\\/\\\/hotellucrezia.com\\\/de\\\/erlebnisse\\\/#breadcrumb\",\"itemListElement\":[{\"@type\":\"ListItem\",\"position\":1,\"name\":\"Home\",\"item\":\"https:\\\/\\\/hotellucrezia.com\\\/de\\\/home-lucrezia\\\/\"},{\"@type\":\"ListItem\",\"position\":2,\"name\":\"Erlebnisse\"}]},{\"@type\":\"WebSite\",\"@id\":\"https:\\\/\\\/hotellucrezia.com\\\/de\\\/#website\",\"url\":\"https:\\\/\\\/hotellucrezia.com\\\/de\\\/\",\"name\":\"Hotel Lucrezia\",\"description\":\"Boutique Hotel in Sardegna\",\"alternateName\":\"Hotel di charm in Sardegna\",\"potentialAction\":[{\"@type\":\"SearchAction\",\"target\":{\"@type\":\"EntryPoint\",\"urlTemplate\":\"https:\\\/\\\/hotellucrezia.com\\\/de\\\/?s={search_term_string}\"},\"query-input\":{\"@type\":\"PropertyValueSpecification\",\"valueRequired\":true,\"valueName\":\"search_term_string\"}}],\"inLanguage\":\"de\"}]}<\/script>\n<!-- \/ Yoast SEO plugin. -->","yoast_head_json":{"title":"Erlebnisse | Hotel Lucrezia","robots":{"index":"index","follow":"follow","max-snippet":"max-snippet:-1","max-image-preview":"max-image-preview:large","max-video-preview":"max-video-preview:-1"},"canonical":"https:\/\/hotellucrezia.com\/de\/erlebnisse\/","og_locale":"de_DE","og_type":"article","og_title":"Erlebnisse | Hotel Lucrezia","og_description":"SchlauchbootverleihBei Sea Service in Putzu Idu, 10 km vom Hotel entfernt. SegelbootT\u00e4gliche Segelt\u00f6rns im Meeresschutzgebiet der Sinis\u2011Halbinsel und der Insel Maldiventre, mit der M\u00f6glichkeit, an Bord zu Mittag zu essen. PescaturismoEin Tag mit den Fischern auf einem echten Fischkutter. Hochsee\u2011 oder K\u00fcstenfischen mit Mittagessen an Bord. Thermalb\u00e4derFordongianus: Eintritt in die Thermen und M\u00f6glichkeit von Anwendungen. [&hellip;]","og_url":"https:\/\/hotellucrezia.com\/de\/erlebnisse\/","og_site_name":"Hotel Lucrezia","article_publisher":"https:\/\/www.facebook.com\/hotellucrezia\/","article_modified_time":"2026-03-17T12:43:59+00:00","twitter_card":"summary_large_image","twitter_misc":{"Gesch\u00e4tzte Lesezeit":"2\u00a0Minuten"},"schema":{"@context":"https:\/\/schema.org","@graph":[{"@type":"WebPage","@id":"https:\/\/hotellucrezia.com\/de\/erlebnisse\/","url":"https:\/\/hotellucrezia.com\/de\/erlebnisse\/","name":"Erlebnisse | Hotel Lucrezia","isPartOf":{"@id":"https:\/\/hotellucrezia.com\/de\/#website"},"datePublished":"2026-03-04T19:07:06+00:00","dateModified":"2026-03-17T12:43:59+00:00","breadcrumb":{"@id":"https:\/\/hotellucrezia.com\/de\/erlebnisse\/#breadcrumb"},"inLanguage":"de","potentialAction":[{"@type":"ReadAction","target":["https:\/\/hotellucrezia.com\/de\/erlebnisse\/"]}]},{"@type":"BreadcrumbList","@id":"https:\/\/hotellucrezia.com\/de\/erlebnisse\/#breadcrumb","itemListElement":[{"@type":"ListItem","position":1,"name":"Home","item":"https:\/\/hotellucrezia.com\/de\/home-lucrezia\/"},{"@type":"ListItem","position":2,"name":"Erlebnisse"}]},{"@type":"WebSite","@id":"https:\/\/hotellucrezia.com\/de\/#website","url":"https:\/\/hotellucrezia.com\/de\/","name":"Hotel Lucrezia","description":"Boutique Hotel in Sardegna","alternateName":"Hotel di charm in Sardegna","potentialAction":[{"@type":"SearchAction","target":{"@type":"EntryPoint","urlTemplate":"https:\/\/hotellucrezia.com\/de\/?s={search_term_string}"},"query-input":{"@type":"PropertyValueSpecification","valueRequired":true,"valueName":"search_term_string"}}],"inLanguage":"de"}]}},"_links":{"self":[{"href":"https:\/\/hotellucrezia.com\/de\/wp-json\/wp\/v2\/pages\/1314","targetHints":{"allow":["GET"]}}],"collection":[{"href":"https:\/\/hotellucrezia.com\/de\/wp-json\/wp\/v2\/pages"}],"about":[{"href":"https:\/\/hotellucrezia.com\/de\/wp-json\/wp\/v2\/types\/page"}],"author":[{"embeddable":true,"href":"https:\/\/hotellucrezia.com\/de\/wp-json\/wp\/v2\/users\/1"}],"replies":[{"embeddable":true,"href":"https:\/\/hotellucrezia.com\/de\/wp-json\/wp\/v2\/comments?post=1314"}],"version-history":[{"count":8,"href":"https:\/\/hotellucrezia.com\/de\/wp-json\/wp\/v2\/pages\/1314\/revisions"}],"predecessor-version":[{"id":2416,"href":"https:\/\/hotellucrezia.com\/de\/wp-json\/wp\/v2\/pages\/1314\/revisions\/2416"}],"wp:attachment":[{"href":"https:\/\/hotellucrezia.com\/de\/wp-json\/wp\/v2\/media?parent=1314"}],"curies":[{"name":"wp","href":"https:\/\/api.w.org\/{rel}","templated":true}]}}