{"id":1297,"date":"2026-03-04T20:06:20","date_gmt":"2026-03-04T19:06:20","guid":{"rendered":"https:\/\/hotellucrezia.com\/zimmer\/"},"modified":"2026-03-17T13:57:09","modified_gmt":"2026-03-17T12:57:09","slug":"zimmer","status":"publish","type":"page","link":"https:\/\/hotellucrezia.com\/de\/zimmer\/","title":{"rendered":"Zimmer"},"content":{"rendered":"<p>[et_pb_section fb_built=&#8220;1&#8243; _builder_version=&#8220;4.27.6&#8243; _module_preset=&#8220;default&#8220; background_image=&#8220;https:\/\/hotellucrezia.com\/wp-content\/uploads\/2026\/03\/ND3_2063.webp&#8220; hover_enabled=&#8220;0&#8243; locked=&#8220;off&#8220; global_colors_info=&#8220;{}&#8220; title_text=&#8220;ND3_2063&#8243; sticky_enabled=&#8220;0&#8243;][et_pb_row _builder_version=&#8220;4.27.6&#8243; _module_preset=&#8220;default&#8220; global_colors_info=&#8220;{}&#8220;][et_pb_column type=&#8220;4_4&#8243; _builder_version=&#8220;4.27.6&#8243; _module_preset=&#8220;default&#8220; global_colors_info=&#8220;{}&#8220;][et_pb_cta title=&#8220;@ET-DC@eyJkeW5hbWljIjp0cnVlLCJjb250ZW50IjoicG9zdF90aXRsZSIsInNldHRpbmdzIjp7ImJlZm9yZSI6IiIsImFmdGVyIjoiIn19@&#8220; _builder_version=&#8220;4.27.6&#8243; _dynamic_attributes=&#8220;title&#8220; _module_preset=&#8220;default&#8220; header_level=&#8220;h1&#8243; header_font=&#8220;|||on|||||&#8220; header_text_align=&#8220;left&#8220; body_font=&#8220;|||on|||||&#8220; background_enable_color=&#8220;off&#8220; text_orientation=&#8220;left&#8220; header_text_shadow_style=&#8220;preset5&#8243; header_text_shadow_horizontal_length=&#8220;0.02em&#8220; header_text_shadow_vertical_length=&#8220;0.04em&#8220; global_colors_info=&#8220;{}&#8220;][\/et_pb_cta][\/et_pb_column][\/et_pb_row][\/et_pb_section][et_pb_section fb_built=&#8220;1&#8243; _builder_version=&#8220;4.27.6&#8243; _module_preset=&#8220;default&#8220; locked=&#8220;off&#8220; global_colors_info=&#8220;{}&#8220;][et_pb_row custom_padding_last_edited=&#8220;on|desktop&#8220; _builder_version=&#8220;4.27.6&#8243; _module_preset=&#8220;default&#8220; custom_margin_tablet=&#8220;&#8220; custom_margin_phone=&#8220;||||false|false&#8220; custom_margin_last_edited=&#8220;on|desktop&#8220; custom_padding=&#8220;0px||0px||false|false&#8220; custom_padding_tablet=&#8220;||0px||false|false&#8220; custom_padding_phone=&#8220;0px||0px||true|false&#8220; global_colors_info=&#8220;{}&#8220;][et_pb_column type=&#8220;4_4&#8243; _builder_version=&#8220;4.27.6&#8243; _module_preset=&#8220;default&#8220; global_colors_info=&#8220;{}&#8220;][et_pb_text _builder_version=&#8220;4.27.6&#8243; _module_preset=&#8220;default&#8220; header_2_font_size=&#8220;24px&#8220; custom_margin=&#8220;||5px||false|false&#8220; global_colors_info=&#8220;{}&#8220;]<\/p>\n<h2>Zimmerdetails<\/h2>\n<p>[\/et_pb_text][et_pb_text _builder_version=&#8220;4.27.6&#8243; background_size=&#8220;initial&#8220; background_position=&#8220;top_left&#8220; background_repeat=&#8220;repeat&#8220; global_colors_info=&#8220;{}&#8220;]Die sieben Zimmer dieses Hotels sind mit einzigartigen M\u00f6belst\u00fccken aus dem 19. Jahrhundert eingerichtet, die seit Generationen zum Haus geh\u00f6ren.<br \/>Jedes Zimmer ist anders \u2013 ebenso die B\u00e4der. Einige verf\u00fcgen \u00fcber eine gro\u00dfe Dusche, andere \u00fcber eine Badewanne f\u00fcr maximale Entspannung. Ein Bad bietet eine Whirlpool\u2011Badewanne.<br \/>Alle Zimmer sind mit Klimaanlage, Telefon, Minibar, Flachbild\u2011TV und Safe ausgestattet.[\/et_pb_text][et_pb_divider color=&#8220;#e5dede&#8220; _builder_version=&#8220;4.27.6&#8243; _module_preset=&#8220;default&#8220; custom_margin=&#8220;||0px||false|false&#8220; global_colors_info=&#8220;{}&#8220;][\/et_pb_divider][et_pb_text _builder_version=&#8220;4.27.6&#8243; _module_preset=&#8220;default&#8220; header_2_font_size=&#8220;24px&#8220; custom_margin=&#8220;||5px||false|false&#8220; global_colors_info=&#8220;{}&#8220;]<\/p>\n<h2>Ausstattung<\/h2>\n<p>[\/et_pb_text][et_pb_text disabled_on=&#8220;off|on|on&#8220; _builder_version=&#8220;4.27.6&#8243; _module_preset=&#8220;default&#8220; custom_margin=&#8220;||||false|false&#8220; custom_padding=&#8220;||||false|false&#8220; global_colors_info=&#8220;{}&#8220;]<\/p>\n<ul>\n<li>Klimaanlage<\/li>\n<li>asciugacapelli<\/li>\n<li>Safe<\/li>\n<li>minibar<\/li>\n<li>unbewachter Parkplatz<\/li>\n<li>Prijia-Pflegeprodukte<\/li>\n<li>LCD-Fernseher<\/li>\n<li>Nichtraucher<\/li>\n<li>WLAN<\/li>\n<\/ul>\n<p>[\/et_pb_text][\/et_pb_column][\/et_pb_row][et_pb_row column_structure=&#8220;1_3,1_3,1_3&#8243; use_custom_gutter=&#8220;on&#8220; gutter_width=&#8220;1&#8243; custom_padding_last_edited=&#8220;on|phone&#8220; disabled_on=&#8220;on|off|off&#8220; _builder_version=&#8220;4.27.6&#8243; _module_preset=&#8220;default&#8220; custom_margin=&#8220;0px||0px||true|false&#8220; custom_margin_tablet=&#8220;0px||0px||true|false&#8220; custom_margin_phone=&#8220;0px||0px||true|false&#8220; custom_margin_last_edited=&#8220;on|phone&#8220; custom_padding=&#8220;0px||||false|false&#8220; custom_padding_tablet=&#8220;0px||||false|false&#8220; custom_padding_phone=&#8220;0px||0px||false|false&#8220; locked=&#8220;off&#8220; global_colors_info=&#8220;{}&#8220;][et_pb_column type=&#8220;1_3&#8243; _builder_version=&#8220;4.27.6&#8243; _module_preset=&#8220;default&#8220; custom_padding=&#8220;0px||0px||false|false&#8220; global_colors_info=&#8220;{}&#8220;][et_pb_text _builder_version=&#8220;4.27.6&#8243; _module_preset=&#8220;default&#8220; custom_margin=&#8220;||||false|false&#8220; custom_padding=&#8220;||||false|false&#8220; global_colors_info=&#8220;{}&#8220;]<\/p>\n<ul>\n<li>Klimaanlage<\/li>\n<li>asciugacapelli<\/li>\n<li>Safe<\/li>\n<\/ul>\n<p>[\/et_pb_text][\/et_pb_column][et_pb_column type=&#8220;1_3&#8243; _builder_version=&#8220;4.27.6&#8243; _module_preset=&#8220;default&#8220; custom_padding=&#8220;0px||0px||true|false&#8220; global_colors_info=&#8220;{}&#8220;][et_pb_text _builder_version=&#8220;4.27.6&#8243; _module_preset=&#8220;default&#8220; custom_margin=&#8220;||||false|false&#8220; custom_padding=&#8220;||||false|false&#8220; global_colors_info=&#8220;{}&#8220;]<\/p>\n<ul>\n<li>minibar<\/li>\n<li>unbewachter Parkplatz<\/li>\n<li>Prijia-Pflegeprodukte<\/li>\n<\/ul>\n<p>[\/et_pb_text][\/et_pb_column][et_pb_column type=&#8220;1_3&#8243; _builder_version=&#8220;4.27.6&#8243; _module_preset=&#8220;default&#8220; custom_padding=&#8220;0px||0px||true|false&#8220; global_colors_info=&#8220;{}&#8220;][et_pb_text _builder_version=&#8220;4.27.6&#8243; _module_preset=&#8220;default&#8220; custom_margin=&#8220;||||false|false&#8220; custom_padding=&#8220;||||false|false&#8220; global_colors_info=&#8220;{}&#8220;]<\/p>\n<ul>\n<li>LCD-Fernseher<\/li>\n<li>Nichtraucher<\/li>\n<li>WLAN<\/li>\n<\/ul>\n<p>[\/et_pb_text][\/et_pb_column][\/et_pb_row][et_pb_row use_custom_gutter=&#8220;on&#8220; gutter_width=&#8220;2&#8243; _builder_version=&#8220;4.27.6&#8243; _module_preset=&#8220;default&#8220; custom_margin=&#8220;0px||0px||true|false&#8220; custom_padding=&#8220;0px||0px||true|false&#8220; global_colors_info=&#8220;{}&#8220;][et_pb_column type=&#8220;4_4&#8243; _builder_version=&#8220;4.27.6&#8243; _module_preset=&#8220;default&#8220; global_colors_info=&#8220;{}&#8220;][et_pb_gallery gallery_ids=&#8220;1284,1285,1286,1287,1288,1289,1290,1291,1292,1293,1294,1295&#8243; posts_number=&#8220;9&#8243; show_title_and_caption=&#8220;off&#8220; show_pagination=&#8220;off&#8220; zoom_icon_color=&#8220;#891002&#8243; _builder_version=&#8220;4.27.6&#8243; _module_preset=&#8220;default&#8220; custom_margin=&#8220;||||false|false&#8220; custom_padding=&#8220;||||true|false&#8220; global_colors_info=&#8220;{}&#8220;][\/et_pb_gallery][\/et_pb_column][\/et_pb_row][\/et_pb_section]<\/p>\n","protected":false},"excerpt":{"rendered":"<p>ZimmerdetailsDie sieben Zimmer dieses Hotels sind mit einzigartigen M\u00f6belst\u00fccken aus dem 19. Jahrhundert eingerichtet, die seit Generationen zum Haus geh\u00f6ren.Jedes Zimmer ist anders \u2013 ebenso die B\u00e4der. Einige verf\u00fcgen \u00fcber eine gro\u00dfe Dusche, andere \u00fcber eine Badewanne f\u00fcr maximale Entspannung. Ein Bad bietet eine Whirlpool\u2011Badewanne.Alle Zimmer sind mit Klimaanlage, Telefon, Minibar, Flachbild\u2011TV und Safe ausgestattet.Ausstattung [&hellip;]<\/p>\n","protected":false},"author":1,"featured_media":0,"parent":0,"menu_order":0,"comment_status":"closed","ping_status":"closed","template":"","meta":{"_et_pb_use_builder":"on","_et_pb_old_content":"","_et_gb_content_width":"","footnotes":""},"class_list":["post-1297","page","type-page","status-publish","hentry"],"yoast_head":"<!-- This site is optimized with the Yoast SEO plugin v27.4 - https:\/\/yoast.com\/product\/yoast-seo-wordpress\/ -->\n<title>Zimmer | Hotel Lucrezia<\/title>\n<meta name=\"robots\" content=\"index, follow, max-snippet:-1, max-image-preview:large, max-video-preview:-1\" \/>\n<link rel=\"canonical\" href=\"https:\/\/hotellucrezia.com\/de\/zimmer\/\" \/>\n<meta property=\"og:locale\" content=\"de_DE\" \/>\n<meta property=\"og:type\" content=\"article\" \/>\n<meta property=\"og:title\" content=\"Zimmer | Hotel Lucrezia\" \/>\n<meta property=\"og:description\" content=\"ZimmerdetailsDie sieben Zimmer dieses Hotels sind mit einzigartigen M\u00f6belst\u00fccken aus dem 19. Jahrhundert eingerichtet, die seit Generationen zum Haus geh\u00f6ren.Jedes Zimmer ist anders \u2013 ebenso die B\u00e4der. Einige verf\u00fcgen \u00fcber eine gro\u00dfe Dusche, andere \u00fcber eine Badewanne f\u00fcr maximale Entspannung. Ein Bad bietet eine Whirlpool\u2011Badewanne.Alle Zimmer sind mit Klimaanlage, Telefon, Minibar, Flachbild\u2011TV und Safe ausgestattet.Ausstattung [&hellip;]\" \/>\n<meta property=\"og:url\" content=\"https:\/\/hotellucrezia.com\/de\/zimmer\/\" \/>\n<meta property=\"og:site_name\" content=\"Hotel Lucrezia\" \/>\n<meta property=\"article:publisher\" content=\"https:\/\/www.facebook.com\/hotellucrezia\/\" \/>\n<meta property=\"article:modified_time\" content=\"2026-03-17T12:57:09+00:00\" \/>\n<meta name=\"twitter:card\" content=\"summary_large_image\" \/>\n<meta name=\"twitter:label1\" content=\"Gesch\u00e4tzte Lesezeit\" \/>\n\t<meta name=\"twitter:data1\" content=\"4\u00a0Minuten\" \/>\n<script type=\"application\/ld+json\" class=\"yoast-schema-graph\">{\"@context\":\"https:\\\/\\\/schema.org\",\"@graph\":[{\"@type\":\"WebPage\",\"@id\":\"https:\\\/\\\/hotellucrezia.com\\\/de\\\/zimmer\\\/\",\"url\":\"https:\\\/\\\/hotellucrezia.com\\\/de\\\/zimmer\\\/\",\"name\":\"Zimmer | Hotel Lucrezia\",\"isPartOf\":{\"@id\":\"https:\\\/\\\/hotellucrezia.com\\\/de\\\/#website\"},\"datePublished\":\"2026-03-04T19:06:20+00:00\",\"dateModified\":\"2026-03-17T12:57:09+00:00\",\"breadcrumb\":{\"@id\":\"https:\\\/\\\/hotellucrezia.com\\\/de\\\/zimmer\\\/#breadcrumb\"},\"inLanguage\":\"de\",\"potentialAction\":[{\"@type\":\"ReadAction\",\"target\":[\"https:\\\/\\\/hotellucrezia.com\\\/de\\\/zimmer\\\/\"]}]},{\"@type\":\"BreadcrumbList\",\"@id\":\"https:\\\/\\\/hotellucrezia.com\\\/de\\\/zimmer\\\/#breadcrumb\",\"itemListElement\":[{\"@type\":\"ListItem\",\"position\":1,\"name\":\"Home\",\"item\":\"https:\\\/\\\/hotellucrezia.com\\\/de\\\/home-lucrezia\\\/\"},{\"@type\":\"ListItem\",\"position\":2,\"name\":\"Zimmer\"}]},{\"@type\":\"WebSite\",\"@id\":\"https:\\\/\\\/hotellucrezia.com\\\/de\\\/#website\",\"url\":\"https:\\\/\\\/hotellucrezia.com\\\/de\\\/\",\"name\":\"Hotel Lucrezia\",\"description\":\"Boutique Hotel in Sardegna\",\"alternateName\":\"Hotel di charm in Sardegna\",\"potentialAction\":[{\"@type\":\"SearchAction\",\"target\":{\"@type\":\"EntryPoint\",\"urlTemplate\":\"https:\\\/\\\/hotellucrezia.com\\\/de\\\/?s={search_term_string}\"},\"query-input\":{\"@type\":\"PropertyValueSpecification\",\"valueRequired\":true,\"valueName\":\"search_term_string\"}}],\"inLanguage\":\"de\"}]}<\/script>\n<!-- \/ Yoast SEO plugin. -->","yoast_head_json":{"title":"Zimmer | Hotel Lucrezia","robots":{"index":"index","follow":"follow","max-snippet":"max-snippet:-1","max-image-preview":"max-image-preview:large","max-video-preview":"max-video-preview:-1"},"canonical":"https:\/\/hotellucrezia.com\/de\/zimmer\/","og_locale":"de_DE","og_type":"article","og_title":"Zimmer | Hotel Lucrezia","og_description":"ZimmerdetailsDie sieben Zimmer dieses Hotels sind mit einzigartigen M\u00f6belst\u00fccken aus dem 19. Jahrhundert eingerichtet, die seit Generationen zum Haus geh\u00f6ren.Jedes Zimmer ist anders \u2013 ebenso die B\u00e4der. Einige verf\u00fcgen \u00fcber eine gro\u00dfe Dusche, andere \u00fcber eine Badewanne f\u00fcr maximale Entspannung. Ein Bad bietet eine Whirlpool\u2011Badewanne.Alle Zimmer sind mit Klimaanlage, Telefon, Minibar, Flachbild\u2011TV und Safe ausgestattet.Ausstattung [&hellip;]","og_url":"https:\/\/hotellucrezia.com\/de\/zimmer\/","og_site_name":"Hotel Lucrezia","article_publisher":"https:\/\/www.facebook.com\/hotellucrezia\/","article_modified_time":"2026-03-17T12:57:09+00:00","twitter_card":"summary_large_image","twitter_misc":{"Gesch\u00e4tzte Lesezeit":"4\u00a0Minuten"},"schema":{"@context":"https:\/\/schema.org","@graph":[{"@type":"WebPage","@id":"https:\/\/hotellucrezia.com\/de\/zimmer\/","url":"https:\/\/hotellucrezia.com\/de\/zimmer\/","name":"Zimmer | Hotel Lucrezia","isPartOf":{"@id":"https:\/\/hotellucrezia.com\/de\/#website"},"datePublished":"2026-03-04T19:06:20+00:00","dateModified":"2026-03-17T12:57:09+00:00","breadcrumb":{"@id":"https:\/\/hotellucrezia.com\/de\/zimmer\/#breadcrumb"},"inLanguage":"de","potentialAction":[{"@type":"ReadAction","target":["https:\/\/hotellucrezia.com\/de\/zimmer\/"]}]},{"@type":"BreadcrumbList","@id":"https:\/\/hotellucrezia.com\/de\/zimmer\/#breadcrumb","itemListElement":[{"@type":"ListItem","position":1,"name":"Home","item":"https:\/\/hotellucrezia.com\/de\/home-lucrezia\/"},{"@type":"ListItem","position":2,"name":"Zimmer"}]},{"@type":"WebSite","@id":"https:\/\/hotellucrezia.com\/de\/#website","url":"https:\/\/hotellucrezia.com\/de\/","name":"Hotel Lucrezia","description":"Boutique Hotel in Sardegna","alternateName":"Hotel di charm in Sardegna","potentialAction":[{"@type":"SearchAction","target":{"@type":"EntryPoint","urlTemplate":"https:\/\/hotellucrezia.com\/de\/?s={search_term_string}"},"query-input":{"@type":"PropertyValueSpecification","valueRequired":true,"valueName":"search_term_string"}}],"inLanguage":"de"}]}},"_links":{"self":[{"href":"https:\/\/hotellucrezia.com\/de\/wp-json\/wp\/v2\/pages\/1297","targetHints":{"allow":["GET"]}}],"collection":[{"href":"https:\/\/hotellucrezia.com\/de\/wp-json\/wp\/v2\/pages"}],"about":[{"href":"https:\/\/hotellucrezia.com\/de\/wp-json\/wp\/v2\/types\/page"}],"author":[{"embeddable":true,"href":"https:\/\/hotellucrezia.com\/de\/wp-json\/wp\/v2\/users\/1"}],"replies":[{"embeddable":true,"href":"https:\/\/hotellucrezia.com\/de\/wp-json\/wp\/v2\/comments?post=1297"}],"version-history":[{"count":9,"href":"https:\/\/hotellucrezia.com\/de\/wp-json\/wp\/v2\/pages\/1297\/revisions"}],"predecessor-version":[{"id":2459,"href":"https:\/\/hotellucrezia.com\/de\/wp-json\/wp\/v2\/pages\/1297\/revisions\/2459"}],"wp:attachment":[{"href":"https:\/\/hotellucrezia.com\/de\/wp-json\/wp\/v2\/media?parent=1297"}],"curies":[{"name":"wp","href":"https:\/\/api.w.org\/{rel}","templated":true}]}}