{"id":1246,"date":"2026-03-04T20:11:37","date_gmt":"2026-03-04T19:11:37","guid":{"rendered":"https:\/\/hotellucrezia.com\/straende-des-sinis\/"},"modified":"2026-03-17T14:00:45","modified_gmt":"2026-03-17T13:00:45","slug":"straende-des-sinis","status":"publish","type":"page","link":"https:\/\/hotellucrezia.com\/de\/straende-des-sinis\/","title":{"rendered":"STR\u00c4NDE DES SINIS"},"content":{"rendered":"<p>[et_pb_section fb_built=&#8220;1&#8243; _builder_version=&#8220;4.27.6&#8243; _module_preset=&#8220;default&#8220; background_image=&#8220;https:\/\/hotellucrezia.com\/wp-content\/uploads\/2026\/03\/hotellucrezia_sa-roccatunda_header_DSC_2133.webp&#8220; hover_enabled=&#8220;0&#8243; locked=&#8220;off&#8220; global_colors_info=&#8220;{}&#8220; title_text=&#8220;hotellucrezia_sa-roccatunda_header_DSC_2133&#8243; sticky_enabled=&#8220;0&#8243;][et_pb_row _builder_version=&#8220;4.27.6&#8243; _module_preset=&#8220;default&#8220; global_colors_info=&#8220;{}&#8220;][et_pb_column type=&#8220;4_4&#8243; _builder_version=&#8220;4.27.6&#8243; _module_preset=&#8220;default&#8220; global_colors_info=&#8220;{}&#8220;][et_pb_cta title=&#8220;@ET-DC@eyJkeW5hbWljIjp0cnVlLCJjb250ZW50IjoicG9zdF90aXRsZSIsInNldHRpbmdzIjp7ImJlZm9yZSI6IiIsImFmdGVyIjoiIn19@&#8220; _builder_version=&#8220;4.27.6&#8243; _dynamic_attributes=&#8220;title&#8220; _module_preset=&#8220;default&#8220; header_level=&#8220;h1&#8243; header_font=&#8220;|||on|||||&#8220; header_text_align=&#8220;left&#8220; body_font=&#8220;|||on|||||&#8220; background_enable_color=&#8220;off&#8220; text_orientation=&#8220;left&#8220; header_text_shadow_style=&#8220;preset5&#8243; header_text_shadow_horizontal_length=&#8220;0.02em&#8220; header_text_shadow_vertical_length=&#8220;0.04em&#8220; global_colors_info=&#8220;{}&#8220;][\/et_pb_cta][\/et_pb_column][\/et_pb_row][\/et_pb_section][et_pb_section fb_built=&#8220;1&#8243; admin_label=&#8220;section&#8220; _builder_version=&#8220;4.16&#8243; global_colors_info=&#8220;{}&#8220;][et_pb_row custom_padding_last_edited=&#8220;on|phone&#8220; admin_label=&#8220;Reihe&#8220; _builder_version=&#8220;4.27.6&#8243; background_size=&#8220;initial&#8220; background_position=&#8220;top_left&#8220; background_repeat=&#8220;repeat&#8220; custom_padding=&#8220;0px||||false|false&#8220; custom_padding_tablet=&#8220;0px||||false|false&#8220; custom_padding_phone=&#8220;||0px||false|false&#8220; global_colors_info=&#8220;{}&#8220;][et_pb_column type=&#8220;4_4&#8243; _builder_version=&#8220;4.16&#8243; custom_padding=&#8220;|||&#8220; global_colors_info=&#8220;{}&#8220; custom_padding__hover=&#8220;|||&#8220;][et_pb_text admin_label=&#8220;Text&#8220; _builder_version=&#8220;4.27.6&#8243; background_size=&#8220;initial&#8220; background_position=&#8220;top_left&#8220; background_repeat=&#8220;repeat&#8220; global_colors_info=&#8220;{}&#8220;]Ringsum er\u00f6ffnen sich 20 Kilometer unber\u00fchrter Str\u00e4nde in einem bezaubernden Spiel aus Farben und D\u00fcften. Manche Str\u00e4nde scheinen endlos, bedeckt mit wei\u00dfem, feinem Sand wie Salz; andere glitzern mit wei\u00dfen Quarzk\u00f6rnchen wie kleine Perlen.<\/p>\n<p>Versteckte Buchten und abgeschiedene kleine Str\u00e4nde bieten ruhige R\u00fcckzugsorte, an denen Sie selbst im Hochsommer Ihren privaten Platz finden.<\/p>\n<p>Alle Str\u00e4nde sind frei zug\u00e4nglich und in etwa zehn Minuten mit dem Auto vom Hotel erreichbar \u2013 mit fl\u00fcssigem Verkehr und einfachen Parkm\u00f6glichkeiten (teilweise kostenpflichtig).<br \/>\nBei Lucrezia stellen wir Sonnenschirme, Strandt\u00fccher und Lunchpakete zur Verf\u00fcgung, damit Ihr Tag am Meer noch angenehmer wird.[\/et_pb_text][\/et_pb_column][\/et_pb_row][et_pb_row use_custom_gutter=&#8220;on&#8220; gutter_width=&#8220;2&#8243; _builder_version=&#8220;4.27.6&#8243; _module_preset=&#8220;default&#8220; custom_margin=&#8220;||0px||false|false&#8220; custom_padding=&#8220;||0px||false|false&#8220; global_colors_info=&#8220;{}&#8220;][et_pb_column type=&#8220;4_4&#8243; _builder_version=&#8220;4.27.6&#8243; _module_preset=&#8220;default&#8220; global_colors_info=&#8220;{}&#8220;][et_pb_gallery gallery_ids=&#8220;1229,1230,1231,1232,1233,1234,1235,1236,1237,1238,1239,1240,1241,1242,1243,1244&#8243; posts_number=&#8220;16&#8243; show_title_and_caption=&#8220;off&#8220; show_pagination=&#8220;off&#8220; zoom_icon_color=&#8220;#891002&#8243; _builder_version=&#8220;4.27.6&#8243; _module_preset=&#8220;default&#8220; custom_margin=&#8220;||||false|false&#8220; custom_padding=&#8220;||||true|false&#8220; locked=&#8220;off&#8220; global_colors_info=&#8220;{}&#8220;][\/et_pb_gallery][\/et_pb_column][\/et_pb_row][\/et_pb_section]<\/p>\n","protected":false},"excerpt":{"rendered":"<p>Ringsum er\u00f6ffnen sich 20 Kilometer unber\u00fchrter Str\u00e4nde in einem bezaubernden Spiel aus Farben und D\u00fcften. Manche Str\u00e4nde scheinen endlos, bedeckt mit wei\u00dfem, feinem Sand wie Salz; andere glitzern mit wei\u00dfen Quarzk\u00f6rnchen wie kleine Perlen. Versteckte Buchten und abgeschiedene kleine Str\u00e4nde bieten ruhige R\u00fcckzugsorte, an denen Sie selbst im Hochsommer Ihren privaten Platz finden. Alle Str\u00e4nde [&hellip;]<\/p>\n","protected":false},"author":1,"featured_media":0,"parent":0,"menu_order":0,"comment_status":"closed","ping_status":"closed","template":"","meta":{"_et_pb_use_builder":"on","_et_pb_old_content":"","_et_gb_content_width":"","footnotes":""},"class_list":["post-1246","page","type-page","status-publish","hentry"],"yoast_head":"<!-- This site is optimized with the Yoast SEO plugin v27.4 - https:\/\/yoast.com\/product\/yoast-seo-wordpress\/ -->\n<title>STR\u00c4NDE DES SINIS | Hotel Lucrezia<\/title>\n<meta name=\"robots\" content=\"index, follow, max-snippet:-1, max-image-preview:large, max-video-preview:-1\" \/>\n<link rel=\"canonical\" href=\"https:\/\/hotellucrezia.com\/de\/straende-des-sinis\/\" \/>\n<meta property=\"og:locale\" content=\"de_DE\" \/>\n<meta property=\"og:type\" content=\"article\" \/>\n<meta property=\"og:title\" content=\"STR\u00c4NDE DES SINIS | Hotel Lucrezia\" \/>\n<meta property=\"og:description\" content=\"Ringsum er\u00f6ffnen sich 20 Kilometer unber\u00fchrter Str\u00e4nde in einem bezaubernden Spiel aus Farben und D\u00fcften. Manche Str\u00e4nde scheinen endlos, bedeckt mit wei\u00dfem, feinem Sand wie Salz; andere glitzern mit wei\u00dfen Quarzk\u00f6rnchen wie kleine Perlen. Versteckte Buchten und abgeschiedene kleine Str\u00e4nde bieten ruhige R\u00fcckzugsorte, an denen Sie selbst im Hochsommer Ihren privaten Platz finden. Alle Str\u00e4nde [&hellip;]\" \/>\n<meta property=\"og:url\" content=\"https:\/\/hotellucrezia.com\/de\/straende-des-sinis\/\" \/>\n<meta property=\"og:site_name\" content=\"Hotel Lucrezia\" \/>\n<meta property=\"article:publisher\" content=\"https:\/\/www.facebook.com\/hotellucrezia\/\" \/>\n<meta property=\"article:modified_time\" content=\"2026-03-17T13:00:45+00:00\" \/>\n<meta name=\"twitter:card\" content=\"summary_large_image\" \/>\n<meta name=\"twitter:label1\" content=\"Gesch\u00e4tzte Lesezeit\" \/>\n\t<meta name=\"twitter:data1\" content=\"2\u00a0Minuten\" \/>\n<script type=\"application\/ld+json\" class=\"yoast-schema-graph\">{\"@context\":\"https:\\\/\\\/schema.org\",\"@graph\":[{\"@type\":\"WebPage\",\"@id\":\"https:\\\/\\\/hotellucrezia.com\\\/de\\\/straende-des-sinis\\\/\",\"url\":\"https:\\\/\\\/hotellucrezia.com\\\/de\\\/straende-des-sinis\\\/\",\"name\":\"STR\u00c4NDE DES SINIS | Hotel Lucrezia\",\"isPartOf\":{\"@id\":\"https:\\\/\\\/hotellucrezia.com\\\/de\\\/#website\"},\"datePublished\":\"2026-03-04T19:11:37+00:00\",\"dateModified\":\"2026-03-17T13:00:45+00:00\",\"breadcrumb\":{\"@id\":\"https:\\\/\\\/hotellucrezia.com\\\/de\\\/straende-des-sinis\\\/#breadcrumb\"},\"inLanguage\":\"de\",\"potentialAction\":[{\"@type\":\"ReadAction\",\"target\":[\"https:\\\/\\\/hotellucrezia.com\\\/de\\\/straende-des-sinis\\\/\"]}]},{\"@type\":\"BreadcrumbList\",\"@id\":\"https:\\\/\\\/hotellucrezia.com\\\/de\\\/straende-des-sinis\\\/#breadcrumb\",\"itemListElement\":[{\"@type\":\"ListItem\",\"position\":1,\"name\":\"Home\",\"item\":\"https:\\\/\\\/hotellucrezia.com\\\/de\\\/home-lucrezia\\\/\"},{\"@type\":\"ListItem\",\"position\":2,\"name\":\"STR\u00c4NDE DES SINIS\"}]},{\"@type\":\"WebSite\",\"@id\":\"https:\\\/\\\/hotellucrezia.com\\\/de\\\/#website\",\"url\":\"https:\\\/\\\/hotellucrezia.com\\\/de\\\/\",\"name\":\"Hotel Lucrezia\",\"description\":\"Boutique Hotel in Sardegna\",\"alternateName\":\"Hotel di charm in Sardegna\",\"potentialAction\":[{\"@type\":\"SearchAction\",\"target\":{\"@type\":\"EntryPoint\",\"urlTemplate\":\"https:\\\/\\\/hotellucrezia.com\\\/de\\\/?s={search_term_string}\"},\"query-input\":{\"@type\":\"PropertyValueSpecification\",\"valueRequired\":true,\"valueName\":\"search_term_string\"}}],\"inLanguage\":\"de\"}]}<\/script>\n<!-- \/ Yoast SEO plugin. -->","yoast_head_json":{"title":"STR\u00c4NDE DES SINIS | Hotel Lucrezia","robots":{"index":"index","follow":"follow","max-snippet":"max-snippet:-1","max-image-preview":"max-image-preview:large","max-video-preview":"max-video-preview:-1"},"canonical":"https:\/\/hotellucrezia.com\/de\/straende-des-sinis\/","og_locale":"de_DE","og_type":"article","og_title":"STR\u00c4NDE DES SINIS | Hotel Lucrezia","og_description":"Ringsum er\u00f6ffnen sich 20 Kilometer unber\u00fchrter Str\u00e4nde in einem bezaubernden Spiel aus Farben und D\u00fcften. Manche Str\u00e4nde scheinen endlos, bedeckt mit wei\u00dfem, feinem Sand wie Salz; andere glitzern mit wei\u00dfen Quarzk\u00f6rnchen wie kleine Perlen. Versteckte Buchten und abgeschiedene kleine Str\u00e4nde bieten ruhige R\u00fcckzugsorte, an denen Sie selbst im Hochsommer Ihren privaten Platz finden. Alle Str\u00e4nde [&hellip;]","og_url":"https:\/\/hotellucrezia.com\/de\/straende-des-sinis\/","og_site_name":"Hotel Lucrezia","article_publisher":"https:\/\/www.facebook.com\/hotellucrezia\/","article_modified_time":"2026-03-17T13:00:45+00:00","twitter_card":"summary_large_image","twitter_misc":{"Gesch\u00e4tzte Lesezeit":"2\u00a0Minuten"},"schema":{"@context":"https:\/\/schema.org","@graph":[{"@type":"WebPage","@id":"https:\/\/hotellucrezia.com\/de\/straende-des-sinis\/","url":"https:\/\/hotellucrezia.com\/de\/straende-des-sinis\/","name":"STR\u00c4NDE DES SINIS | Hotel Lucrezia","isPartOf":{"@id":"https:\/\/hotellucrezia.com\/de\/#website"},"datePublished":"2026-03-04T19:11:37+00:00","dateModified":"2026-03-17T13:00:45+00:00","breadcrumb":{"@id":"https:\/\/hotellucrezia.com\/de\/straende-des-sinis\/#breadcrumb"},"inLanguage":"de","potentialAction":[{"@type":"ReadAction","target":["https:\/\/hotellucrezia.com\/de\/straende-des-sinis\/"]}]},{"@type":"BreadcrumbList","@id":"https:\/\/hotellucrezia.com\/de\/straende-des-sinis\/#breadcrumb","itemListElement":[{"@type":"ListItem","position":1,"name":"Home","item":"https:\/\/hotellucrezia.com\/de\/home-lucrezia\/"},{"@type":"ListItem","position":2,"name":"STR\u00c4NDE DES SINIS"}]},{"@type":"WebSite","@id":"https:\/\/hotellucrezia.com\/de\/#website","url":"https:\/\/hotellucrezia.com\/de\/","name":"Hotel Lucrezia","description":"Boutique Hotel in Sardegna","alternateName":"Hotel di charm in Sardegna","potentialAction":[{"@type":"SearchAction","target":{"@type":"EntryPoint","urlTemplate":"https:\/\/hotellucrezia.com\/de\/?s={search_term_string}"},"query-input":{"@type":"PropertyValueSpecification","valueRequired":true,"valueName":"search_term_string"}}],"inLanguage":"de"}]}},"_links":{"self":[{"href":"https:\/\/hotellucrezia.com\/de\/wp-json\/wp\/v2\/pages\/1246","targetHints":{"allow":["GET"]}}],"collection":[{"href":"https:\/\/hotellucrezia.com\/de\/wp-json\/wp\/v2\/pages"}],"about":[{"href":"https:\/\/hotellucrezia.com\/de\/wp-json\/wp\/v2\/types\/page"}],"author":[{"embeddable":true,"href":"https:\/\/hotellucrezia.com\/de\/wp-json\/wp\/v2\/users\/1"}],"replies":[{"embeddable":true,"href":"https:\/\/hotellucrezia.com\/de\/wp-json\/wp\/v2\/comments?post=1246"}],"version-history":[{"count":9,"href":"https:\/\/hotellucrezia.com\/de\/wp-json\/wp\/v2\/pages\/1246\/revisions"}],"predecessor-version":[{"id":2478,"href":"https:\/\/hotellucrezia.com\/de\/wp-json\/wp\/v2\/pages\/1246\/revisions\/2478"}],"wp:attachment":[{"href":"https:\/\/hotellucrezia.com\/de\/wp-json\/wp\/v2\/media?parent=1246"}],"curies":[{"name":"wp","href":"https:\/\/api.w.org\/{rel}","templated":true}]}}