{"id":1184,"date":"2026-03-04T20:10:48","date_gmt":"2026-03-04T19:10:48","guid":{"rendered":"https:\/\/hotellucrezia.com\/die-geschichte-des-hauses\/"},"modified":"2026-03-17T13:55:25","modified_gmt":"2026-03-17T12:55:25","slug":"die-geschichte-des-hauses","status":"publish","type":"page","link":"https:\/\/hotellucrezia.com\/de\/die-geschichte-des-hauses\/","title":{"rendered":"Die Geschichte des Hauses"},"content":{"rendered":"<p>[et_pb_section fb_built=&#8220;1&#8243; _builder_version=&#8220;4.27.6&#8243; _module_preset=&#8220;default&#8220; background_image=&#8220;https:\/\/hotellucrezia.com\/wp-content\/uploads\/2026\/03\/hotellucrezia_head-storia_DSC_4241vec-1.webp&#8220; background_position=&#8220;top_left&#8220; hover_enabled=&#8220;0&#8243; locked=&#8220;off&#8220; global_colors_info=&#8220;{}&#8220; title_text=&#8220;hotellucrezia_head-storia_DSC_4241vec-1&#8243; sticky_enabled=&#8220;0&#8243;][et_pb_row _builder_version=&#8220;4.27.6&#8243; _module_preset=&#8220;default&#8220; global_colors_info=&#8220;{}&#8220;][et_pb_column type=&#8220;4_4&#8243; _builder_version=&#8220;4.27.6&#8243; _module_preset=&#8220;default&#8220; global_colors_info=&#8220;{}&#8220;][et_pb_cta title=&#8220;@ET-DC@eyJkeW5hbWljIjp0cnVlLCJjb250ZW50IjoicG9zdF90aXRsZSIsInNldHRpbmdzIjp7ImJlZm9yZSI6IiIsImFmdGVyIjoiIn19@&#8220; _builder_version=&#8220;4.27.6&#8243; _dynamic_attributes=&#8220;title&#8220; _module_preset=&#8220;default&#8220; header_level=&#8220;h1&#8243; header_font=&#8220;|||on|||||&#8220; header_text_align=&#8220;left&#8220; body_font=&#8220;|||on|||||&#8220; background_enable_color=&#8220;off&#8220; text_orientation=&#8220;left&#8220; header_text_shadow_style=&#8220;preset5&#8243; header_text_shadow_horizontal_length=&#8220;0.02em&#8220; header_text_shadow_vertical_length=&#8220;0.04em&#8220; global_colors_info=&#8220;{}&#8220;]<\/p>\n<p>Charmantes Hotel auf Sardinien<\/p>\n<p>[\/et_pb_cta][\/et_pb_column][\/et_pb_row][\/et_pb_section][et_pb_section fb_built=&#8220;1&#8243; admin_label=&#8220;section&#8220; _builder_version=&#8220;4.16&#8243; global_colors_info=&#8220;{}&#8220;][et_pb_row admin_label=&#8220;Reihe&#8220; _builder_version=&#8220;4.27.6&#8243; background_size=&#8220;initial&#8220; background_position=&#8220;top_left&#8220; background_repeat=&#8220;repeat&#8220; custom_padding=&#8220;0px||0px||true|false&#8220; global_colors_info=&#8220;{}&#8220;][et_pb_column type=&#8220;4_4&#8243; _builder_version=&#8220;4.16&#8243; custom_padding=&#8220;|||&#8220; global_colors_info=&#8220;{}&#8220; custom_padding__hover=&#8220;|||&#8220;][et_pb_text admin_label=&#8220;Text&#8220; _builder_version=&#8220;4.27.6&#8243; background_size=&#8220;initial&#8220; background_position=&#8220;top_left&#8220; background_repeat=&#8220;repeat&#8220; global_colors_info=&#8220;{}&#8220;]<\/p>\n<p>Lucrezia war von 1895 bis 1934 die Gastgeberin des Hauses und wird noch heute von den \u00e4lteren Damen des Dorfes als sehr sch\u00f6ne und gro\u00dfz\u00fcgige Frau in Erinnerung behalten. Man sagt, sie lie\u00df niemanden, der an ihre T\u00fcr klopfte, mit leeren H\u00e4nden gehen und empfing Arme und Reiche, Adelige und Nicht\u2011Adelige gleicherma\u00dfen. Zu ihrem Andenken haben wir dem Hotel ihren Namen gegeben und m\u00f6chten weiterhin jedem, der an unsere T\u00fcr klopft, einen herzlichen Empfang bereiten \u2013 auch wenn es nur f\u00fcr einen kurzen Besuch ist.<\/p>\n<p>Ai tempi di Lucrezia la casa era diversa. La struttura era la stessa che si pu\u00f2 ammirare oggi, ma le stanze avevano altre destinazioni.<br \/>Le camere comunicanti, che oggi sono camera e bagno, erano in origine la camera dei genitori e quella delle figlie femmine, che dovevano essere sempre controllate fino al matrimonio. I figli maschi godevano di maggiore libert\u00e0 e venivano quindi alloggiati al piano superiore, senza un controllo diretto.<\/p>\n<p>Il <a href=\"https:\/\/hotellucrezia.com\/de\/der-garten\/\"><u>giardino<\/u><\/a>, ora diventato una piccola oasi verde, in passato aveva ogni suo spazio destinato a produrre. Accanto all\u2019immancabile pianta di agrumi, in generale un limone, perch\u00e9 aranci e mandarini erano coltivati nelle terre fuori dal paese, il cortile ospitava un piccolo orto per le esigenze domestiche e un pollaio.<\/p>\n<p>Pi\u00f9 avanti, nella dependance, oggi suite, si trovavano la mola e il frantoio, e le stalle per alloggiare l\u2019asino e il cavallo.<\/p>\n<p>[\/et_pb_text][\/et_pb_column][\/et_pb_row][\/et_pb_section]<\/p>\n","protected":false},"excerpt":{"rendered":"<p>Charmantes Hotel auf SardinienLucrezia war von 1895 bis 1934 die Gastgeberin des Hauses und wird noch heute von den \u00e4lteren Damen des Dorfes als sehr sch\u00f6ne und gro\u00dfz\u00fcgige Frau in Erinnerung behalten. Man sagt, sie lie\u00df niemanden, der an ihre T\u00fcr klopfte, mit leeren H\u00e4nden gehen und empfing Arme und Reiche, Adelige und Nicht\u2011Adelige gleicherma\u00dfen. [&hellip;]<\/p>\n","protected":false},"author":1,"featured_media":0,"parent":0,"menu_order":0,"comment_status":"closed","ping_status":"closed","template":"","meta":{"_et_pb_use_builder":"on","_et_pb_old_content":"","_et_gb_content_width":"","footnotes":""},"class_list":["post-1184","page","type-page","status-publish","hentry"],"yoast_head":"<!-- This site is optimized with the Yoast SEO plugin v27.4 - https:\/\/yoast.com\/product\/yoast-seo-wordpress\/ -->\n<title>Die Geschichte des Hauses | Hotel Lucrezia<\/title>\n<meta name=\"robots\" content=\"index, follow, max-snippet:-1, max-image-preview:large, max-video-preview:-1\" \/>\n<link rel=\"canonical\" href=\"https:\/\/hotellucrezia.com\/de\/die-geschichte-des-hauses\/\" \/>\n<meta property=\"og:locale\" content=\"de_DE\" \/>\n<meta property=\"og:type\" content=\"article\" \/>\n<meta property=\"og:title\" content=\"Die Geschichte des Hauses | Hotel Lucrezia\" \/>\n<meta property=\"og:description\" content=\"Charmantes Hotel auf SardinienLucrezia war von 1895 bis 1934 die Gastgeberin des Hauses und wird noch heute von den \u00e4lteren Damen des Dorfes als sehr sch\u00f6ne und gro\u00dfz\u00fcgige Frau in Erinnerung behalten. Man sagt, sie lie\u00df niemanden, der an ihre T\u00fcr klopfte, mit leeren H\u00e4nden gehen und empfing Arme und Reiche, Adelige und Nicht\u2011Adelige gleicherma\u00dfen. [&hellip;]\" \/>\n<meta property=\"og:url\" content=\"https:\/\/hotellucrezia.com\/de\/die-geschichte-des-hauses\/\" \/>\n<meta property=\"og:site_name\" content=\"Hotel Lucrezia\" \/>\n<meta property=\"article:publisher\" content=\"https:\/\/www.facebook.com\/hotellucrezia\/\" \/>\n<meta property=\"article:modified_time\" content=\"2026-03-17T12:55:25+00:00\" \/>\n<meta name=\"twitter:card\" content=\"summary_large_image\" \/>\n<meta name=\"twitter:label1\" content=\"Gesch\u00e4tzte Lesezeit\" \/>\n\t<meta name=\"twitter:data1\" content=\"2\u00a0Minuten\" \/>\n<script type=\"application\/ld+json\" class=\"yoast-schema-graph\">{\"@context\":\"https:\\\/\\\/schema.org\",\"@graph\":[{\"@type\":\"WebPage\",\"@id\":\"https:\\\/\\\/hotellucrezia.com\\\/de\\\/die-geschichte-des-hauses\\\/\",\"url\":\"https:\\\/\\\/hotellucrezia.com\\\/de\\\/die-geschichte-des-hauses\\\/\",\"name\":\"Die Geschichte des Hauses | Hotel Lucrezia\",\"isPartOf\":{\"@id\":\"https:\\\/\\\/hotellucrezia.com\\\/de\\\/#website\"},\"datePublished\":\"2026-03-04T19:10:48+00:00\",\"dateModified\":\"2026-03-17T12:55:25+00:00\",\"breadcrumb\":{\"@id\":\"https:\\\/\\\/hotellucrezia.com\\\/de\\\/die-geschichte-des-hauses\\\/#breadcrumb\"},\"inLanguage\":\"de\",\"potentialAction\":[{\"@type\":\"ReadAction\",\"target\":[\"https:\\\/\\\/hotellucrezia.com\\\/de\\\/die-geschichte-des-hauses\\\/\"]}]},{\"@type\":\"BreadcrumbList\",\"@id\":\"https:\\\/\\\/hotellucrezia.com\\\/de\\\/die-geschichte-des-hauses\\\/#breadcrumb\",\"itemListElement\":[{\"@type\":\"ListItem\",\"position\":1,\"name\":\"Home\",\"item\":\"https:\\\/\\\/hotellucrezia.com\\\/de\\\/home-lucrezia\\\/\"},{\"@type\":\"ListItem\",\"position\":2,\"name\":\"Die Geschichte des Hauses\"}]},{\"@type\":\"WebSite\",\"@id\":\"https:\\\/\\\/hotellucrezia.com\\\/de\\\/#website\",\"url\":\"https:\\\/\\\/hotellucrezia.com\\\/de\\\/\",\"name\":\"Hotel Lucrezia\",\"description\":\"Boutique Hotel in Sardegna\",\"alternateName\":\"Hotel di charm in Sardegna\",\"potentialAction\":[{\"@type\":\"SearchAction\",\"target\":{\"@type\":\"EntryPoint\",\"urlTemplate\":\"https:\\\/\\\/hotellucrezia.com\\\/de\\\/?s={search_term_string}\"},\"query-input\":{\"@type\":\"PropertyValueSpecification\",\"valueRequired\":true,\"valueName\":\"search_term_string\"}}],\"inLanguage\":\"de\"}]}<\/script>\n<!-- \/ Yoast SEO plugin. -->","yoast_head_json":{"title":"Die Geschichte des Hauses | Hotel Lucrezia","robots":{"index":"index","follow":"follow","max-snippet":"max-snippet:-1","max-image-preview":"max-image-preview:large","max-video-preview":"max-video-preview:-1"},"canonical":"https:\/\/hotellucrezia.com\/de\/die-geschichte-des-hauses\/","og_locale":"de_DE","og_type":"article","og_title":"Die Geschichte des Hauses | Hotel Lucrezia","og_description":"Charmantes Hotel auf SardinienLucrezia war von 1895 bis 1934 die Gastgeberin des Hauses und wird noch heute von den \u00e4lteren Damen des Dorfes als sehr sch\u00f6ne und gro\u00dfz\u00fcgige Frau in Erinnerung behalten. Man sagt, sie lie\u00df niemanden, der an ihre T\u00fcr klopfte, mit leeren H\u00e4nden gehen und empfing Arme und Reiche, Adelige und Nicht\u2011Adelige gleicherma\u00dfen. [&hellip;]","og_url":"https:\/\/hotellucrezia.com\/de\/die-geschichte-des-hauses\/","og_site_name":"Hotel Lucrezia","article_publisher":"https:\/\/www.facebook.com\/hotellucrezia\/","article_modified_time":"2026-03-17T12:55:25+00:00","twitter_card":"summary_large_image","twitter_misc":{"Gesch\u00e4tzte Lesezeit":"2\u00a0Minuten"},"schema":{"@context":"https:\/\/schema.org","@graph":[{"@type":"WebPage","@id":"https:\/\/hotellucrezia.com\/de\/die-geschichte-des-hauses\/","url":"https:\/\/hotellucrezia.com\/de\/die-geschichte-des-hauses\/","name":"Die Geschichte des Hauses | Hotel Lucrezia","isPartOf":{"@id":"https:\/\/hotellucrezia.com\/de\/#website"},"datePublished":"2026-03-04T19:10:48+00:00","dateModified":"2026-03-17T12:55:25+00:00","breadcrumb":{"@id":"https:\/\/hotellucrezia.com\/de\/die-geschichte-des-hauses\/#breadcrumb"},"inLanguage":"de","potentialAction":[{"@type":"ReadAction","target":["https:\/\/hotellucrezia.com\/de\/die-geschichte-des-hauses\/"]}]},{"@type":"BreadcrumbList","@id":"https:\/\/hotellucrezia.com\/de\/die-geschichte-des-hauses\/#breadcrumb","itemListElement":[{"@type":"ListItem","position":1,"name":"Home","item":"https:\/\/hotellucrezia.com\/de\/home-lucrezia\/"},{"@type":"ListItem","position":2,"name":"Die Geschichte des Hauses"}]},{"@type":"WebSite","@id":"https:\/\/hotellucrezia.com\/de\/#website","url":"https:\/\/hotellucrezia.com\/de\/","name":"Hotel Lucrezia","description":"Boutique Hotel in Sardegna","alternateName":"Hotel di charm in Sardegna","potentialAction":[{"@type":"SearchAction","target":{"@type":"EntryPoint","urlTemplate":"https:\/\/hotellucrezia.com\/de\/?s={search_term_string}"},"query-input":{"@type":"PropertyValueSpecification","valueRequired":true,"valueName":"search_term_string"}}],"inLanguage":"de"}]}},"_links":{"self":[{"href":"https:\/\/hotellucrezia.com\/de\/wp-json\/wp\/v2\/pages\/1184","targetHints":{"allow":["GET"]}}],"collection":[{"href":"https:\/\/hotellucrezia.com\/de\/wp-json\/wp\/v2\/pages"}],"about":[{"href":"https:\/\/hotellucrezia.com\/de\/wp-json\/wp\/v2\/types\/page"}],"author":[{"embeddable":true,"href":"https:\/\/hotellucrezia.com\/de\/wp-json\/wp\/v2\/users\/1"}],"replies":[{"embeddable":true,"href":"https:\/\/hotellucrezia.com\/de\/wp-json\/wp\/v2\/comments?post=1184"}],"version-history":[{"count":7,"href":"https:\/\/hotellucrezia.com\/de\/wp-json\/wp\/v2\/pages\/1184\/revisions"}],"predecessor-version":[{"id":2448,"href":"https:\/\/hotellucrezia.com\/de\/wp-json\/wp\/v2\/pages\/1184\/revisions\/2448"}],"wp:attachment":[{"href":"https:\/\/hotellucrezia.com\/de\/wp-json\/wp\/v2\/media?parent=1184"}],"curies":[{"name":"wp","href":"https:\/\/api.w.org\/{rel}","templated":true}]}}