{"id":1169,"date":"2026-03-04T20:10:16","date_gmt":"2026-03-04T19:10:16","guid":{"rendered":"https:\/\/hotellucrezia.com\/fuer-feinschmecker\/"},"modified":"2026-03-17T13:59:16","modified_gmt":"2026-03-17T12:59:16","slug":"fuer-feinschmecker","status":"publish","type":"page","link":"https:\/\/hotellucrezia.com\/de\/fuer-feinschmecker\/","title":{"rendered":"F\u00fcr Feinschmecker"},"content":{"rendered":"<p>[et_pb_section fb_built=&#8220;1&#8243; _builder_version=&#8220;4.27.6&#8243; _module_preset=&#8220;default&#8220; background_image=&#8220;https:\/\/hotellucrezia.com\/wp-content\/uploads\/2026\/03\/hotellucrezia_fregola_ND3_4483.webp&#8220; hover_enabled=&#8220;0&#8243; global_colors_info=&#8220;{}&#8220; title_text=&#8220;hotellucrezia_fregola_ND3_4483&#8243; sticky_enabled=&#8220;0&#8243;][et_pb_row _builder_version=&#8220;4.27.6&#8243; _module_preset=&#8220;default&#8220; global_colors_info=&#8220;{}&#8220;][et_pb_column type=&#8220;4_4&#8243; _builder_version=&#8220;4.27.6&#8243; _module_preset=&#8220;default&#8220; global_colors_info=&#8220;{}&#8220;][et_pb_cta title=&#8220;@ET-DC@eyJkeW5hbWljIjp0cnVlLCJjb250ZW50IjoicG9zdF90aXRsZSIsInNldHRpbmdzIjp7ImJlZm9yZSI6IiIsImFmdGVyIjoiIn19@&#8220; _builder_version=&#8220;4.27.6&#8243; _dynamic_attributes=&#8220;title&#8220; _module_preset=&#8220;default&#8220; header_level=&#8220;h1&#8243; header_font=&#8220;|||on|||||&#8220; header_text_align=&#8220;left&#8220; body_font=&#8220;|||on|||||&#8220; background_enable_color=&#8220;off&#8220; text_orientation=&#8220;left&#8220; header_text_shadow_style=&#8220;preset5&#8243; header_text_shadow_horizontal_length=&#8220;0.02em&#8220; header_text_shadow_vertical_length=&#8220;0.04em&#8220; global_colors_info=&#8220;{}&#8220;]<\/p>\n<p>Typische und internationale K\u00fcche<\/p>\n<p>[\/et_pb_cta][\/et_pb_column][\/et_pb_row][\/et_pb_section][et_pb_section fb_built=&#8220;1&#8243; admin_label=&#8220;section&#8220; _builder_version=&#8220;4.16&#8243; global_colors_info=&#8220;{}&#8220;][et_pb_row admin_label=&#8220;Reihe&#8220; _builder_version=&#8220;4.27.6&#8243; background_size=&#8220;initial&#8220; background_position=&#8220;top_left&#8220; background_repeat=&#8220;repeat&#8220; custom_padding=&#8220;0px||0px||true|false&#8220; global_colors_info=&#8220;{}&#8220;][et_pb_column type=&#8220;4_4&#8243; _builder_version=&#8220;4.16&#8243; custom_padding=&#8220;|||&#8220; global_colors_info=&#8220;{}&#8220; custom_padding__hover=&#8220;|||&#8220;][et_pb_text admin_label=&#8220;Text&#8220; _builder_version=&#8220;4.27.6&#8243; background_size=&#8220;initial&#8220; background_position=&#8220;top_left&#8220; background_repeat=&#8220;repeat&#8220; global_colors_info=&#8220;{}&#8220;]Jeden Abend verw\u00f6hnt Sie K\u00fcchenchefin Pinella mit einem einfachen, aber geschmacksintensiven Men\u00fc, inspiriert von lokalen Traditionen und zubereitet mit frischen, saisonalen Zutaten.<\/p>\n<p>Sie k\u00f6nnen w\u00e4hlen, ob Sie im zauberhaften Garten im Schatten jahrhundertealter B\u00e4ume oder unter dem gem\u00fctlichen Portikus speisen m\u00f6chten \u2013 f\u00fcr eine warme, einladende Atmosph\u00e4re, ideal f\u00fcr besondere Momente oder einen entspannten Abend.<\/p>\n<p>Das Fr\u00fchst\u00fcck, mit viel Sorgfalt vorbereitet, begr\u00fc\u00dft Sie jeden Morgen mit einer Auswahl lokaler Produkte \u2013 f\u00fcr einen s\u00fc\u00dfen und unverf\u00e4lschten Start in den Tag.<\/p>\n<p>Entdecken Sie das Vergn\u00fcgen einer authentischen und raffinierten K\u00fcche: <strong><u><a href=\"https:\/\/hotellucrezia.com\/de\/#hl-contatti\">Reservieren Sie Ihren Tisch<\/a><\/u><\/strong> und lassen Sie sich \u00fcberraschen.[\/et_pb_text][\/et_pb_column][\/et_pb_row][\/et_pb_section]<\/p>\n","protected":false},"excerpt":{"rendered":"<p>Typische und internationale K\u00fccheJeden Abend verw\u00f6hnt Sie K\u00fcchenchefin Pinella mit einem einfachen, aber geschmacksintensiven Men\u00fc, inspiriert von lokalen Traditionen und zubereitet mit frischen, saisonalen Zutaten. Sie k\u00f6nnen w\u00e4hlen, ob Sie im zauberhaften Garten im Schatten jahrhundertealter B\u00e4ume oder unter dem gem\u00fctlichen Portikus speisen m\u00f6chten \u2013 f\u00fcr eine warme, einladende Atmosph\u00e4re, ideal f\u00fcr besondere Momente oder [&hellip;]<\/p>\n","protected":false},"author":1,"featured_media":0,"parent":0,"menu_order":0,"comment_status":"closed","ping_status":"closed","template":"","meta":{"_et_pb_use_builder":"on","_et_pb_old_content":"","_et_gb_content_width":"","footnotes":""},"class_list":["post-1169","page","type-page","status-publish","hentry"],"yoast_head":"<!-- This site is optimized with the Yoast SEO plugin v27.4 - https:\/\/yoast.com\/product\/yoast-seo-wordpress\/ -->\n<title>F\u00fcr Feinschmecker | Hotel Lucrezia<\/title>\n<meta name=\"robots\" content=\"index, follow, max-snippet:-1, max-image-preview:large, max-video-preview:-1\" \/>\n<link rel=\"canonical\" href=\"https:\/\/hotellucrezia.com\/de\/fuer-feinschmecker\/\" \/>\n<meta property=\"og:locale\" content=\"de_DE\" \/>\n<meta property=\"og:type\" content=\"article\" \/>\n<meta property=\"og:title\" content=\"F\u00fcr Feinschmecker | Hotel Lucrezia\" \/>\n<meta property=\"og:description\" content=\"Typische und internationale K\u00fccheJeden Abend verw\u00f6hnt Sie K\u00fcchenchefin Pinella mit einem einfachen, aber geschmacksintensiven Men\u00fc, inspiriert von lokalen Traditionen und zubereitet mit frischen, saisonalen Zutaten. Sie k\u00f6nnen w\u00e4hlen, ob Sie im zauberhaften Garten im Schatten jahrhundertealter B\u00e4ume oder unter dem gem\u00fctlichen Portikus speisen m\u00f6chten \u2013 f\u00fcr eine warme, einladende Atmosph\u00e4re, ideal f\u00fcr besondere Momente oder [&hellip;]\" \/>\n<meta property=\"og:url\" content=\"https:\/\/hotellucrezia.com\/de\/fuer-feinschmecker\/\" \/>\n<meta property=\"og:site_name\" content=\"Hotel Lucrezia\" \/>\n<meta property=\"article:publisher\" content=\"https:\/\/www.facebook.com\/hotellucrezia\/\" \/>\n<meta property=\"article:modified_time\" content=\"2026-03-17T12:59:16+00:00\" \/>\n<meta name=\"twitter:card\" content=\"summary_large_image\" \/>\n<meta name=\"twitter:label1\" content=\"Gesch\u00e4tzte Lesezeit\" \/>\n\t<meta name=\"twitter:data1\" content=\"2\u00a0Minuten\" \/>\n<script type=\"application\/ld+json\" class=\"yoast-schema-graph\">{\"@context\":\"https:\\\/\\\/schema.org\",\"@graph\":[{\"@type\":\"WebPage\",\"@id\":\"https:\\\/\\\/hotellucrezia.com\\\/de\\\/fuer-feinschmecker\\\/\",\"url\":\"https:\\\/\\\/hotellucrezia.com\\\/de\\\/fuer-feinschmecker\\\/\",\"name\":\"F\u00fcr Feinschmecker | Hotel Lucrezia\",\"isPartOf\":{\"@id\":\"https:\\\/\\\/hotellucrezia.com\\\/de\\\/#website\"},\"datePublished\":\"2026-03-04T19:10:16+00:00\",\"dateModified\":\"2026-03-17T12:59:16+00:00\",\"breadcrumb\":{\"@id\":\"https:\\\/\\\/hotellucrezia.com\\\/de\\\/fuer-feinschmecker\\\/#breadcrumb\"},\"inLanguage\":\"de\",\"potentialAction\":[{\"@type\":\"ReadAction\",\"target\":[\"https:\\\/\\\/hotellucrezia.com\\\/de\\\/fuer-feinschmecker\\\/\"]}]},{\"@type\":\"BreadcrumbList\",\"@id\":\"https:\\\/\\\/hotellucrezia.com\\\/de\\\/fuer-feinschmecker\\\/#breadcrumb\",\"itemListElement\":[{\"@type\":\"ListItem\",\"position\":1,\"name\":\"Home\",\"item\":\"https:\\\/\\\/hotellucrezia.com\\\/de\\\/home-lucrezia\\\/\"},{\"@type\":\"ListItem\",\"position\":2,\"name\":\"F\u00fcr Feinschmecker\"}]},{\"@type\":\"WebSite\",\"@id\":\"https:\\\/\\\/hotellucrezia.com\\\/de\\\/#website\",\"url\":\"https:\\\/\\\/hotellucrezia.com\\\/de\\\/\",\"name\":\"Hotel Lucrezia\",\"description\":\"Boutique Hotel in Sardegna\",\"alternateName\":\"Hotel di charm in Sardegna\",\"potentialAction\":[{\"@type\":\"SearchAction\",\"target\":{\"@type\":\"EntryPoint\",\"urlTemplate\":\"https:\\\/\\\/hotellucrezia.com\\\/de\\\/?s={search_term_string}\"},\"query-input\":{\"@type\":\"PropertyValueSpecification\",\"valueRequired\":true,\"valueName\":\"search_term_string\"}}],\"inLanguage\":\"de\"}]}<\/script>\n<!-- \/ Yoast SEO plugin. -->","yoast_head_json":{"title":"F\u00fcr Feinschmecker | Hotel Lucrezia","robots":{"index":"index","follow":"follow","max-snippet":"max-snippet:-1","max-image-preview":"max-image-preview:large","max-video-preview":"max-video-preview:-1"},"canonical":"https:\/\/hotellucrezia.com\/de\/fuer-feinschmecker\/","og_locale":"de_DE","og_type":"article","og_title":"F\u00fcr Feinschmecker | Hotel Lucrezia","og_description":"Typische und internationale K\u00fccheJeden Abend verw\u00f6hnt Sie K\u00fcchenchefin Pinella mit einem einfachen, aber geschmacksintensiven Men\u00fc, inspiriert von lokalen Traditionen und zubereitet mit frischen, saisonalen Zutaten. Sie k\u00f6nnen w\u00e4hlen, ob Sie im zauberhaften Garten im Schatten jahrhundertealter B\u00e4ume oder unter dem gem\u00fctlichen Portikus speisen m\u00f6chten \u2013 f\u00fcr eine warme, einladende Atmosph\u00e4re, ideal f\u00fcr besondere Momente oder [&hellip;]","og_url":"https:\/\/hotellucrezia.com\/de\/fuer-feinschmecker\/","og_site_name":"Hotel Lucrezia","article_publisher":"https:\/\/www.facebook.com\/hotellucrezia\/","article_modified_time":"2026-03-17T12:59:16+00:00","twitter_card":"summary_large_image","twitter_misc":{"Gesch\u00e4tzte Lesezeit":"2\u00a0Minuten"},"schema":{"@context":"https:\/\/schema.org","@graph":[{"@type":"WebPage","@id":"https:\/\/hotellucrezia.com\/de\/fuer-feinschmecker\/","url":"https:\/\/hotellucrezia.com\/de\/fuer-feinschmecker\/","name":"F\u00fcr Feinschmecker | Hotel Lucrezia","isPartOf":{"@id":"https:\/\/hotellucrezia.com\/de\/#website"},"datePublished":"2026-03-04T19:10:16+00:00","dateModified":"2026-03-17T12:59:16+00:00","breadcrumb":{"@id":"https:\/\/hotellucrezia.com\/de\/fuer-feinschmecker\/#breadcrumb"},"inLanguage":"de","potentialAction":[{"@type":"ReadAction","target":["https:\/\/hotellucrezia.com\/de\/fuer-feinschmecker\/"]}]},{"@type":"BreadcrumbList","@id":"https:\/\/hotellucrezia.com\/de\/fuer-feinschmecker\/#breadcrumb","itemListElement":[{"@type":"ListItem","position":1,"name":"Home","item":"https:\/\/hotellucrezia.com\/de\/home-lucrezia\/"},{"@type":"ListItem","position":2,"name":"F\u00fcr Feinschmecker"}]},{"@type":"WebSite","@id":"https:\/\/hotellucrezia.com\/de\/#website","url":"https:\/\/hotellucrezia.com\/de\/","name":"Hotel Lucrezia","description":"Boutique Hotel in Sardegna","alternateName":"Hotel di charm in Sardegna","potentialAction":[{"@type":"SearchAction","target":{"@type":"EntryPoint","urlTemplate":"https:\/\/hotellucrezia.com\/de\/?s={search_term_string}"},"query-input":{"@type":"PropertyValueSpecification","valueRequired":true,"valueName":"search_term_string"}}],"inLanguage":"de"}]}},"_links":{"self":[{"href":"https:\/\/hotellucrezia.com\/de\/wp-json\/wp\/v2\/pages\/1169","targetHints":{"allow":["GET"]}}],"collection":[{"href":"https:\/\/hotellucrezia.com\/de\/wp-json\/wp\/v2\/pages"}],"about":[{"href":"https:\/\/hotellucrezia.com\/de\/wp-json\/wp\/v2\/types\/page"}],"author":[{"embeddable":true,"href":"https:\/\/hotellucrezia.com\/de\/wp-json\/wp\/v2\/users\/1"}],"replies":[{"embeddable":true,"href":"https:\/\/hotellucrezia.com\/de\/wp-json\/wp\/v2\/comments?post=1169"}],"version-history":[{"count":6,"href":"https:\/\/hotellucrezia.com\/de\/wp-json\/wp\/v2\/pages\/1169\/revisions"}],"predecessor-version":[{"id":2466,"href":"https:\/\/hotellucrezia.com\/de\/wp-json\/wp\/v2\/pages\/1169\/revisions\/2466"}],"wp:attachment":[{"href":"https:\/\/hotellucrezia.com\/de\/wp-json\/wp\/v2\/media?parent=1169"}],"curies":[{"name":"wp","href":"https:\/\/api.w.org\/{rel}","templated":true}]}}